{"id":2326,"date":"2023-02-08T13:29:20","date_gmt":"2023-02-08T05:29:20","guid":{"rendered":"https:\/\/www.premlink.net\/?post_type=product&#038;p=2326"},"modified":"2026-04-23T12:43:48","modified_gmt":"2026-04-23T04:43:48","slug":"passerelle-domestique-pl1104x-xgpon","status":"publish","type":"product","link":"https:\/\/www.premlink.net\/fr\/product\/pl1104x-xgpon-home-gateway\/","title":{"rendered":"Passerelle domestique PL1104X XGPON"},"content":{"rendered":"<p>La passerelle domestique PL1104X XGPON est un dispositif d&#039;acc\u00e8s int\u00e9gr\u00e9 performant pour les r\u00e9seaux domotiques de nouvelle g\u00e9n\u00e9ration et les solutions d&#039;acc\u00e8s optiques intelligentes. Ce terminal domestique combine les technologies XGPON, VoIP et Wi-Fi 6 haut d\u00e9bit. Il peut servir de centre d&#039;acc\u00e8s et de contr\u00f4le multiservices pour la maison, offrant aux utilisateurs un acc\u00e8s Internet haut d\u00e9bit, des services d&#039;appels vocaux et le Wi-Fi.<\/p>\n<p><strong><b>Fonctionnalit\u00e9s de la passerelle domestique PL1104X XGPON<\/b><\/strong><\/p>\n<p><strong><b>\u2013<\/b><\/strong><strong><b>XGPON<\/b><\/strong><\/p>\n<ul>\n<li>XGPON, conforme \u00e0 la norme ITU-T G.987, d\u00e9bit descendant de 9,98328 Gbit\/s et d\u00e9bit ascendant de 2,48832 Gbit\/s\u00a0;<\/li>\n<li>Des fonctions de traitement de service telles que la gestion du trafic, la QoS, la multidiffusion, le chiffrement et le d\u00e9chiffrement, la classification des flux de service, le pontage, NAT\/NAPT et le traitement de passerelle sont fournies\u00a0;<\/li>\n<li>Prend en charge la multidiffusion L2\/L3 et la conversion VLAN\u00a0;<\/li>\n<li>Prend en charge les images jumbo de 16 Ko<\/li>\n<\/ul>\n<p><strong><b>\u2013<\/b><\/strong><strong><b>Wi-Fi<\/b><\/strong><\/p>\n<ul>\n<li>Protocole WiFi\u00a0: <a href=\"https:\/\/en.wikipedia.org\/wiki\/IEEE_802.11\" target=\"_blank\" rel=\"noopener\">IEEE 802.11b\/G\/N\/AC\/AX<\/a>;<\/li>\n<li>Puissance d&#039;\u00e9mission de la bande 4 GHz (gain d&#039;antenne inclus) par d\u00e9faut 100 mW, plage r\u00e9glable 20-100 MW, peut \u00eatre ajust\u00e9e en pourcentage jusqu&#039;\u00e0 100 mW\u00a0;<\/li>\n<li>Puissance d&#039;\u00e9mission de la bande 5 GHz (gain d&#039;antenne inclus) par d\u00e9faut 200 mW, plage r\u00e9glable 40-200 mW, r\u00e9glable en pourcentage jusqu&#039;\u00e0 200 mW\u00a0;<\/li>\n<li>R\u00e9gulation automatique des tarifs ;<\/li>\n<li>Reconna\u00eetre quand la STA est en mode d&#039;\u00e9conomie d&#039;\u00e9nergie, mettre en cache les donn\u00e9es pertinentes, r\u00e9veiller la STA avec une trame Beacon et envoyer les donn\u00e9es mises en cache\u00a0;<\/li>\n<li>Permet en option la configuration de l&#039;intervalle d&#039;envoi des trames Beacon et de l&#039;intervalle DTIM\u00a0;<\/li>\n<li>Prise en charge de la double antenne MIMO (2*2) externe 4pcs, gain d&#039;antenne : 5dBi ;<\/li>\n<li>4G 11n 2X2 avec une puissance d&#039;\u00e9mission ne d\u00e9passant pas 100 mW et une zone de couverture ouverte de plus de 100 m. Le d\u00e9bit d&#039;acc\u00e8s r\u00e9el \u00e0 100 m n&#039;est pas inf\u00e9rieur \u00e0 10% du d\u00e9bit WLAN et d&#039;au moins 10 Mbps si 10% du d\u00e9bit est inf\u00e9rieur \u00e0 10 Mbps ;<\/li>\n<li>5G 11ac 2X2 avec une puissance d&#039;\u00e9mission n&#039;exc\u00e9dant pas 200 mW et une couverture en zone ouverte de plus de 100 m. Le d\u00e9bit d&#039;acc\u00e8s r\u00e9el \u00e0 100 m est au moins \u00e9gal \u00e0 10% du d\u00e9bit WLAN. Et d&#039;au moins 10 Mbps si 10% du d\u00e9bit est inf\u00e9rieur \u00e0 10 Mbps ;<\/li>\n<li>Le r\u00e9seau WLAN doit pouvoir traverser un mur en b\u00e9ton arm\u00e9 ou deux murs en briques ordinaires (b\u00e9ton non arm\u00e9), et son d\u00e9bit d&#039;acc\u00e8s r\u00e9el ne doit pas \u00eatre inf\u00e9rieur \u00e0 101 TTP3T. Si le d\u00e9bit est inf\u00e9rieur \u00e0 10 Mbit\/s, il doit atteindre au moins 10 Mbit\/s.<\/li>\n<\/ul>\n<p><strong><b>\u2013<\/b><\/strong><strong><b>Interface vocale<\/b><\/strong><\/p>\n<ul>\n<li>Prend en charge le traitement d&#039;une voix\u00a0;<\/li>\n<li>Prend en charge la g\u00e9n\u00e9ration de diff\u00e9rentes tonalit\u00e9s d&#039;invite\u00a0;<\/li>\n<li>Prise en charge de l&#039;encodage et du d\u00e9codage G.711, G.722, G.729, T38, etc.\u00a0;<\/li>\n<li>Prend en charge la fonction FoIP\u00a0;<\/li>\n<li>Prend en charge la fonction Fax\/Modem VBD (donn\u00e9es de bande vocale)\u00a0;<\/li>\n<li>Des fonctions telles que la suppression de l&#039;\u00e9cho, la d\u00e9tection de l&#039;activit\u00e9 vocale, le bruit de fond confortable et la compensation des trames vocales sont prises en charge\u00a0;<\/li>\n<li>Assurer la prise en charge des fonctions de statistiques VoIP et de diagnostic des pannes\u00a0;<\/li>\n<li>Le mode de codec VoIP peut \u00eatre configur\u00e9 s\u00e9par\u00e9ment pour chaque route POTS, et l&#039;ordre de priorit\u00e9 du codec ainsi que l&#039;intervalle d&#039;encapsulation peuvent \u00eatre configur\u00e9s\u00a0;<\/li>\n<li>Assurer les fonctions de d\u00e9tection, de g\u00e9n\u00e9ration, de transmission et de r\u00e9cup\u00e9ration du DTMF\u00a0;<\/li>\n<li>G\u00e9n\u00e9ration de FSK de support avec fonction d&#039;affichage du num\u00e9ro d&#039;appel\u00a0;<\/li>\n<li>Prend en charge la num\u00e9rotation en deux \u00e9tapes et la transmission intra-bande RFC2833 de la tonalit\u00e9 DTMF\u00a0;<\/li>\n<li>Soutient la fonction de r\u00e9union tripartite\u00a0;<\/li>\n<\/ul>\n<p>\u2013<strong><b>Services de donn\u00e9es<\/b><\/strong><\/p>\n<ul>\n<li>Plusieurs m\u00e9thodes d&#039;acc\u00e8s \u00e0 Internet haut d\u00e9bit<\/li>\n<li>Transmission \u00e0 vitesse filaire de toutes les donn\u00e9es de longueur de paquet<\/li>\n<li>Fonctions de donn\u00e9es avanc\u00e9es, telles que le traitement des balises VLAN, la classification des flux et le filtrage des paquets<\/li>\n<li>Routage \u00e0 trois niveaux et passerelle locale int\u00e9gr\u00e9s<\/li>\n<\/ul>\n<p><strong><b>\u2013<\/b><\/strong><strong><b>Service d&#039;acc\u00e8s vid\u00e9o multicast<\/b><\/strong><\/p>\n<ul>\n<li>Prise en charge de la diffusion de contenu vid\u00e9o bas\u00e9 sur les donn\u00e9es (via multidiffusion ou monodiffusion).<\/li>\n<li>La prise en charge de la fonction d&#039;\u00e9coute IGMP permet une optimisation accrue des applications. Lorsque cette fonction est activ\u00e9e, les membres rejoignant et quittant les groupes multicast sont surveill\u00e9s sur le port Ethernet afin de permettre la transmission s\u00e9lective des flux de donn\u00e9es multicast.<\/li>\n<\/ul>\n<p><strong><b>\u2013<\/b><\/strong><strong><b>Ethernet <\/b><\/strong><strong><b>I<\/b><\/strong><strong><b>interface<\/b><\/strong><strong><b>\u00a0F<\/b><\/strong><strong><b>fonctions<\/b><\/strong><\/p>\n<ul>\n<li>n\u00e9gociation automatique des ports Ethernet<\/li>\n<li>Fonction de d\u00e9tection automatique MDI\/MDIX<\/li>\n<li>Classification des services de prise en charge des files d&#039;attente prioritaires mat\u00e9rielles (CoS) pour les directions amont et aval<\/li>\n<li>L2, IPv4 NAT, IPv6 3\/5-Tuplebridge<\/li>\n<li>Bourse virtuelle bas\u00e9e sur les normes TR-156 et CTC<\/li>\n<li>\u00c9tiquetage et d\u00e9s\u00e9tiquetage VLAN bas\u00e9s sur les ports<\/li>\n<li>Prise en charge du mappage IP ToS\/DSCP vers 802.1P<\/li>\n<li>Classification des services de support bas\u00e9e sur UNI, VLAN-ID, 802.1Pbit, ToS\/DSCP<\/li>\n<li>\u00e9tiquetage 1P et r\u00e9\u00e9tiquetage<\/li>\n<li>IGMP v2 \/ v3snooping<\/li>\n<li>limite de d\u00e9bit de diffusion\/multidiffusion<\/li>\n<\/ul>\n<p>\u2013<strong><b>Porte<\/b><\/strong><strong><b>\u00a0<\/b><\/strong><strong><b>Fonctionnalit\u00e9<\/b><\/strong><\/p>\n<ul>\n<li>Prise en charge de la connexion LAN<\/li>\n<li>DHCP<\/li>\n<li>Connexion statique<\/li>\n<li>Prise en charge de l&#039;attribution automatique d&#039;adresses sur le r\u00e9seau local<\/li>\n<li>Relais DNS<\/li>\n<li>Traduction d&#039;adresses r\u00e9seau (NAT) \/ Traduction d&#039;adresses r\u00e9seau et de ports (NAPT)<\/li>\n<li>Redirection de ports<\/li>\n<li>Routage statique<\/li>\n<li>Classification du trafic et QoS bas\u00e9es sur l&#039;identification des couches 3 et 4<\/li>\n<li>Liste de contr\u00f4le d&#039;acc\u00e8s (ACL)<\/li>\n<li>La transmission transparente VPN bas\u00e9e sur les protocoles PPTP, L2TP et IPSec est prise en charge<\/li>\n<li>Pare-feu<\/li>\n<li>Passerelle de couche application (ALG)<\/li>\n<li>DMZ<\/li>\n<li>Service de noms de domaine dynamiques (DDNS)<\/li>\n<li>Prise en charge du protocole NTP<\/li>\n<li>Plug and Play g\u00e9n\u00e9ral (UPnP)<\/li>\n<li>Agent IGMP<\/li>\n<\/ul>\n<p><strong><b>\u2013<\/b><\/strong><strong><b>Op\u00e9ration, <\/b><\/strong><strong><b>M<\/b><\/strong><strong><b>gestion et<\/b><\/strong><strong><b>\u00a0M<\/b><\/strong><strong><b>entretien<\/b><\/strong><\/p>\n<ul>\n<li>T\u00e9l\u00e9chargez, activez et red\u00e9marrez l&#039;image logicielle distante via OAM\/OMCI\u00a0;<\/li>\n<li>La fonction de v\u00e9rification de l&#039;int\u00e9grit\u00e9 du logiciel et de restauration automatique apr\u00e8s la mise \u00e0 niveau est prise en charge par deux partitions logicielles en miroir.<\/li>\n<li>D\u00e9velopper la fonction de gestion \u00e0 distance du TR-069 en fonction des exigences des utilisateurs\u00a0;<\/li>\n<\/ul>\n<p>&nbsp;<\/p>\n<p><strong><b>Sp\u00e9cifications de la passerelle r\u00e9sidentielle XGPON<\/b><\/strong><\/p>\n<table>\n<tbody>\n<tr>\n<td width=\"122\"><strong><b>Article<\/b><\/strong><\/td>\n<td width=\"187\"><strong><b>Param\u00e8tres<\/b><\/strong><\/td>\n<td width=\"96\"><strong><b>Unit\u00e9<\/b><\/strong><\/td>\n<td width=\"252\"><strong><b>Valeur<\/b><\/strong><\/td>\n<\/tr>\n<tr>\n<td rowspan=\"4\" width=\"122\">Voyant lumineux<\/td>\n<td width=\"187\">Longueur d&#039;onde de travail<\/td>\n<td width=\"96\">nm<\/td>\n<td width=\"252\">TX\/RX : 1270\/1577<\/td>\n<\/tr>\n<tr>\n<td width=\"187\">TX Power<\/td>\n<td width=\"96\">dBm<\/td>\n<td width=\"252\">2~5<\/td>\n<\/tr>\n<tr>\n<td width=\"187\">Sensibilit\u00e9 RX<\/td>\n<td width=\"96\">dBm<\/td>\n<td width=\"252\">\u2265 -28<\/td>\n<\/tr>\n<tr>\n<td width=\"187\">Connecteur \u00e0 fibre optique<\/td>\n<td width=\"96\">\/<\/td>\n<td width=\"252\">PON:SC\/UPC<\/td>\n<\/tr>\n<tr>\n<td rowspan=\"3\" width=\"122\">Port<\/td>\n<td width=\"187\">Les ports Ethernet c\u00f4t\u00e9 utilisateur<\/td>\n<td width=\"96\">\/<\/td>\n<td width=\"252\">4GE<\/td>\n<\/tr>\n<tr>\n<td width=\"187\">USB 2.0<\/td>\n<td width=\"96\">\/<\/td>\n<td width=\"252\">1<\/td>\n<\/tr>\n<tr>\n<td width=\"187\">VoIP<\/td>\n<td width=\"96\">\/<\/td>\n<td width=\"252\">1<\/td>\n<\/tr>\n<tr>\n<td width=\"122\">Bouton<\/td>\n<td width=\"187\">Bouton de r\u00e9initialisation<\/td>\n<td width=\"96\">\/<\/td>\n<td width=\"252\">1<\/td>\n<\/tr>\n<tr>\n<td width=\"122\">Sans fil<\/td>\n<td width=\"187\">Commutateur WiFi<\/td>\n<td width=\"96\">\/<\/td>\n<td width=\"252\">1<\/td>\n<\/tr>\n<tr>\n<td rowspan=\"2\" width=\"122\">Autre<\/td>\n<td width=\"187\">L&#039;alimentation \u00e9lectrique<\/td>\n<td width=\"96\">VIRGINIE<\/td>\n<td width=\"252\">220 V \u00b1 20% 50 Hz \u00b1 5% \u2192 DC12 V 1,0 A.<\/td>\n<\/tr>\n<tr>\n<td width=\"187\">Temp\u00e9rature de fonctionnement<\/td>\n<td width=\"96\">\u2103<\/td>\n<td width=\"252\">-10\u00a0~ 50<\/td>\n<\/tr>\n<\/tbody>\n<\/table>\n<p>Bienvenue pour toute demande de renseignements concernant notre passerelle r\u00e9sidentielle XGPON PL1104X.<\/p>\n<p>&nbsp;<\/p>","protected":false},"excerpt":{"rendered":"<p>La passerelle domestique PL1104X XGPON est un dispositif d&#039;acc\u00e8s int\u00e9gr\u00e9 essentiel pour les r\u00e9seaux domotiques de nouvelle g\u00e9n\u00e9ration et les solutions d&#039;acc\u00e8s optiques intelligentes. Notre passerelle domestique XGPON est un terminal qui int\u00e8gre les technologies XGPON, VoIP et Wi-Fi 6 haut d\u00e9bit. Elle peut servir de centre d&#039;acc\u00e8s et de contr\u00f4le multiservices pour la maison, offrant aux utilisateurs un acc\u00e8s Internet haut d\u00e9bit, des services d&#039;appels vocaux et le Wi-Fi.<\/p>\n<p>&nbsp;<\/p>","protected":false},"featured_media":2327,"comment_status":"closed","ping_status":"closed","template":"","meta":{"site-sidebar-layout":"default","site-content-layout":"","ast-site-content-layout":"default","site-content-style":"default","site-sidebar-style":"default","ast-global-header-display":"","ast-banner-title-visibility":"","ast-main-header-display":"","ast-hfb-above-header-display":"","ast-hfb-below-header-display":"","ast-hfb-mobile-header-display":"","site-post-title":"","ast-breadcrumbs-content":"","ast-featured-img":"","footer-sml-layout":"","ast-disable-related-posts":"","theme-transparent-header-meta":"default","adv-header-id-meta":"","stick-header-meta":"default","header-above-stick-meta":"","header-main-stick-meta":"","header-below-stick-meta":"","astra-migrate-meta-layouts":"set","ast-page-background-enabled":"default","ast-page-background-meta":{"desktop":{"background-color":"var(--ast-global-color-4)","background-image":"","background-repeat":"repeat","background-position":"center center","background-size":"auto","background-attachment":"scroll","background-type":"","background-media":"","overlay-type":"","overlay-color":"","overlay-opacity":"","overlay-gradient":""},"tablet":{"background-color":"","background-image":"","background-repeat":"repeat","background-position":"center center","background-size":"auto","background-attachment":"scroll","background-type":"","background-media":"","overlay-type":"","overlay-color":"","overlay-opacity":"","overlay-gradient":""},"mobile":{"background-color":"","background-image":"","background-repeat":"repeat","background-position":"center center","background-size":"auto","background-attachment":"scroll","background-type":"","background-media":"","overlay-type":"","overlay-color":"","overlay-opacity":"","overlay-gradient":""}},"ast-content-background-meta":{"desktop":{"background-color":"var(--ast-global-color-5)","background-image":"","background-repeat":"repeat","background-position":"center center","background-size":"auto","background-attachment":"scroll","background-type":"","background-media":"","overlay-type":"","overlay-color":"","overlay-opacity":"","overlay-gradient":""},"tablet":{"background-color":"var(--ast-global-color-5)","background-image":"","background-repeat":"repeat","background-position":"center center","background-size":"auto","background-attachment":"scroll","background-type":"","background-media":"","overlay-type":"","overlay-color":"","overlay-opacity":"","overlay-gradient":""},"mobile":{"background-color":"var(--ast-global-color-5)","background-image":"","background-repeat":"repeat","background-position":"center center","background-size":"auto","background-attachment":"scroll","background-type":"","background-media":"","overlay-type":"","overlay-color":"","overlay-opacity":"","overlay-gradient":""}}},"product_brand":[],"product_cat":[54],"product_tag":[],"class_list":{"0":"post-2326","1":"product","2":"type-product","3":"status-publish","4":"has-post-thumbnail","6":"product_cat-xgspon","7":"desktop-align-center","8":"tablet-align-left","9":"mobile-align-left","10":"ast-product-gallery-layout-horizontal-slider","11":"ast-product-gallery-with-no-image","12":"ast-product-tabs-layout-horizontal","14":"first","15":"instock","16":"shipping-taxable","17":"product-type-simple"},"_links":{"self":[{"href":"https:\/\/www.premlink.net\/fr\/wp-json\/wp\/v2\/product\/2326","targetHints":{"allow":["GET"]}}],"collection":[{"href":"https:\/\/www.premlink.net\/fr\/wp-json\/wp\/v2\/product"}],"about":[{"href":"https:\/\/www.premlink.net\/fr\/wp-json\/wp\/v2\/types\/product"}],"replies":[{"embeddable":true,"href":"https:\/\/www.premlink.net\/fr\/wp-json\/wp\/v2\/comments?post=2326"}],"version-history":[{"count":0,"href":"https:\/\/www.premlink.net\/fr\/wp-json\/wp\/v2\/product\/2326\/revisions"}],"wp:featuredmedia":[{"embeddable":true,"href":"https:\/\/www.premlink.net\/fr\/wp-json\/wp\/v2\/media\/2327"}],"wp:attachment":[{"href":"https:\/\/www.premlink.net\/fr\/wp-json\/wp\/v2\/media?parent=2326"}],"wp:term":[{"taxonomy":"product_brand","embeddable":true,"href":"https:\/\/www.premlink.net\/fr\/wp-json\/wp\/v2\/product_brand?post=2326"},{"taxonomy":"product_cat","embeddable":true,"href":"https:\/\/www.premlink.net\/fr\/wp-json\/wp\/v2\/product_cat?post=2326"},{"taxonomy":"product_tag","embeddable":true,"href":"https:\/\/www.premlink.net\/fr\/wp-json\/wp\/v2\/product_tag?post=2326"}],"curies":[{"name":"wp","href":"https:\/\/api.w.org\/{rel}","templated":true}]}}