{"id":2312,"date":"2023-02-06T16:04:23","date_gmt":"2023-02-06T08:04:23","guid":{"rendered":"https:\/\/www.premlink.net\/?post_type=product&#038;p=2312"},"modified":"2024-10-11T09:11:51","modified_gmt":"2024-10-11T01:11:51","slug":"pl2500a-oa-edfa-module","status":"publish","type":"product","link":"https:\/\/www.premlink.net\/fr\/product\/pl2500a-oa-edfa-module\/","title":{"rendered":"PL2500A-OA Module amplificateur EDFA"},"content":{"rendered":"<p>PL2500A-OA EDFA Module can be inserted to PL2500A-CS optical platform with 18 slots.<\/p>\n<p><strong>Module EDFA PL2500A-OA<\/strong><\/p>\n<table>\n<tbody>\n<tr>\n<td width=\"201\"><strong><b>Param\u00e8tres<\/b><\/strong><\/td>\n<td width=\"70\"><strong><b>Unit\u00e9<\/b><\/strong><\/td>\n<td width=\"163\"><strong><b>Valeur<\/b><\/strong><\/td>\n<td width=\"226\"><strong><b>Remarque<\/b><\/strong><\/td>\n<\/tr>\n<tr>\n<td width=\"201\">Operating Wavelength Range<\/td>\n<td width=\"70\">nm<\/td>\n<td width=\"163\">1530\u00a0~ 1565<\/td>\n<td width=\"226\"><\/td>\n<\/tr>\n<tr>\n<td width=\"201\">Pump Laser Wavelength<\/td>\n<td width=\"70\">nm<\/td>\n<td width=\"163\">980\/1480<\/td>\n<td width=\"226\"><\/td>\n<\/tr>\n<tr>\n<td width=\"201\">Input Power<\/td>\n<td width=\"70\">dBm<\/td>\n<td width=\"163\">-8\u00a0~ +10<\/td>\n<td width=\"226\"><\/td>\n<\/tr>\n<tr>\n<td width=\"201\">Output Power<\/td>\n<td width=\"70\">dBm<\/td>\n<td width=\"163\">10\u00a0~ 25<\/td>\n<td width=\"226\">Specified by client<\/td>\n<\/tr>\n<tr>\n<td width=\"201\">Adjustable Output Power Range<\/td>\n<td width=\"70\">dBm<\/td>\n<td width=\"163\">-10\u00a0~ +0.5<\/td>\n<td width=\"226\"><\/td>\n<\/tr>\n<tr>\n<td width=\"201\">Input\/Output Port<\/td>\n<td width=\"70\"><\/td>\n<td width=\"163\">FC\/APC, \u00a0SC\/APC<\/td>\n<td width=\"226\">Specified by client<\/td>\n<\/tr>\n<tr>\n<td width=\"201\">Figure de bruit<\/td>\n<td width=\"70\">dB<\/td>\n<td width=\"163\">\u22645.0<\/td>\n<td width=\"226\">Input Power 0dBm<\/td>\n<\/tr>\n<tr>\n<td width=\"201\">Perte de retour d&#039;entr\u00e9e<\/td>\n<td width=\"70\">dB<\/td>\n<td width=\"163\">\u226560<\/td>\n<td width=\"226\"><\/td>\n<\/tr>\n<tr>\n<td width=\"201\">Perte de retour de sortie<\/td>\n<td width=\"70\">dB<\/td>\n<td width=\"163\">\u226560<\/td>\n<td width=\"226\"><\/td>\n<\/tr>\n<tr>\n<td width=\"201\">Input Isolation<\/td>\n<td width=\"70\">dB<\/td>\n<td width=\"163\">&gt;30<\/td>\n<td width=\"226\"><\/td>\n<\/tr>\n<tr>\n<td width=\"201\">Output Isolation<\/td>\n<td width=\"70\">dB<\/td>\n<td width=\"163\">&gt;30<\/td>\n<td width=\"226\"><\/td>\n<\/tr>\n<tr>\n<td width=\"201\">PDG<\/td>\n<td width=\"70\">dB<\/td>\n<td width=\"163\">&lt;0.5<\/td>\n<td width=\"226\"><\/td>\n<\/tr>\n<tr>\n<td width=\"201\">C\/N<\/td>\n<td width=\"70\">dB<\/td>\n<td width=\"163\">\u226551<\/td>\n<td width=\"226\">Link Index( Tx-EDFA-Rx)<\/td>\n<\/tr>\n<tr>\n<td width=\"201\">C\/CTB<\/td>\n<td width=\"70\">dB<\/td>\n<td width=\"163\">\u226563<\/td>\n<td width=\"226\"><\/td>\n<\/tr>\n<tr>\n<td width=\"201\">C\/CSO<\/td>\n<td width=\"70\">dB<\/td>\n<td width=\"163\">\u226563<\/td>\n<td width=\"226\"><\/td>\n<\/tr>\n<tr>\n<td width=\"201\">Operating Temp Range<\/td>\n<td width=\"70\">\u2103<\/td>\n<td width=\"163\">-5\u00a0~ +55<\/td>\n<td width=\"226\"><\/td>\n<\/tr>\n<tr>\n<td width=\"201\">Storage Temp Range<\/td>\n<td width=\"70\">\u2103<\/td>\n<td width=\"163\">-30\u00a0~ +70<\/td>\n<td width=\"226\"><\/td>\n<\/tr>\n<tr>\n<td width=\"201\">Humidit\u00e9 relative de fonctionnement<\/td>\n<td width=\"70\">RH<\/td>\n<td width=\"163\">0.95<\/td>\n<td width=\"226\">Pas de condensation<\/td>\n<\/tr>\n<tr>\n<td width=\"201\">Consommation \u00e9lectrique<\/td>\n<td width=\"70\">W<\/td>\n<td width=\"163\">&lt;11<\/td>\n<td width=\"226\">25\u2103<\/td>\n<\/tr>\n<tr>\n<td width=\"201\">Poids<\/td>\n<td width=\"70\">Kg<\/td>\n<td width=\"163\">0.76<\/td>\n<td width=\"226\"><\/td>\n<\/tr>\n<\/tbody>\n<\/table>\n<p>&nbsp;<\/p>","protected":false},"excerpt":{"rendered":"<p>PL2500A-OA EDFA Module can be inserted to PL2500A-CS optical platform with 18 slots.<\/p>\n<p><strong>D\u00e9lai d'ex\u00e9cution<br \/>\n<\/strong>Le d\u00e9lai standard est le suivant ; pour les cas urgents, il est n\u00e9gociable.<\/p>\n<table>\n<tbody>\n<tr>\n<td>Quantit\u00e9 (PCS)<\/td>\n<td>1~2<\/td>\n<td>48<\/td>\n<td>&gt; 48<\/td>\n<\/tr>\n<tr>\n<td>D\u00e9lai d'ex\u00e9cution (jours)<\/td>\n<td>15<\/td>\n<td>25<\/td>\n<td>A n\u00e9gocier<\/td>\n<\/tr>\n<\/tbody>\n<\/table>\n<p><strong>Achat d'\u00e9chantillons (ch\u00e2ssis n\u00e9cessaire)<br \/>\n<\/strong>MOQ : 1 pi\u00e8ce<\/p>\n<p><strong>Personnalisation\u00a0<\/strong><br \/>\nLogo temporaire personnalis\u00e9 \/ \u00e9tiquettes<br \/>\nMOQ : 1 pi\u00e8ce<\/p>","protected":false},"featured_media":2308,"comment_status":"closed","ping_status":"closed","template":"","meta":{"site-sidebar-layout":"default","site-content-layout":"","ast-site-content-layout":"default","site-content-style":"default","site-sidebar-style":"default","ast-global-header-display":"","ast-banner-title-visibility":"","ast-main-header-display":"","ast-hfb-above-header-display":"","ast-hfb-below-header-display":"","ast-hfb-mobile-header-display":"","site-post-title":"","ast-breadcrumbs-content":"","ast-featured-img":"","footer-sml-layout":"","ast-disable-related-posts":"","theme-transparent-header-meta":"default","adv-header-id-meta":"","stick-header-meta":"default","header-above-stick-meta":"","header-main-stick-meta":"","header-below-stick-meta":"","astra-migrate-meta-layouts":"set","ast-page-background-enabled":"default","ast-page-background-meta":{"desktop":{"background-color":"var(--ast-global-color-4)","background-image":"","background-repeat":"repeat","background-position":"center center","background-size":"auto","background-attachment":"scroll","background-type":"","background-media":"","overlay-type":"","overlay-color":"","overlay-opacity":"","overlay-gradient":""},"tablet":{"background-color":"","background-image":"","background-repeat":"repeat","background-position":"center center","background-size":"auto","background-attachment":"scroll","background-type":"","background-media":"","overlay-type":"","overlay-color":"","overlay-opacity":"","overlay-gradient":""},"mobile":{"background-color":"","background-image":"","background-repeat":"repeat","background-position":"center center","background-size":"auto","background-attachment":"scroll","background-type":"","background-media":"","overlay-type":"","overlay-color":"","overlay-opacity":"","overlay-gradient":""}},"ast-content-background-meta":{"desktop":{"background-color":"var(--ast-global-color-5)","background-image":"","background-repeat":"repeat","background-position":"center center","background-size":"auto","background-attachment":"scroll","background-type":"","background-media":"","overlay-type":"","overlay-color":"","overlay-opacity":"","overlay-gradient":""},"tablet":{"background-color":"var(--ast-global-color-5)","background-image":"","background-repeat":"repeat","background-position":"center center","background-size":"auto","background-attachment":"scroll","background-type":"","background-media":"","overlay-type":"","overlay-color":"","overlay-opacity":"","overlay-gradient":""},"mobile":{"background-color":"var(--ast-global-color-5)","background-image":"","background-repeat":"repeat","background-position":"center center","background-size":"auto","background-attachment":"scroll","background-type":"","background-media":"","overlay-type":"","overlay-color":"","overlay-opacity":"","overlay-gradient":""}}},"product_brand":[],"product_cat":[55],"product_tag":[],"class_list":{"0":"post-2312","1":"product","2":"type-product","3":"status-publish","4":"has-post-thumbnail","6":"product_cat-optical-platform","7":"desktop-align-center","8":"tablet-align-left","9":"mobile-align-left","10":"ast-product-gallery-layout-horizontal-slider","11":"ast-product-tabs-layout-horizontal","13":"first","14":"instock","15":"shipping-taxable","16":"product-type-simple"},"_links":{"self":[{"href":"https:\/\/www.premlink.net\/fr\/wp-json\/wp\/v2\/product\/2312","targetHints":{"allow":["GET"]}}],"collection":[{"href":"https:\/\/www.premlink.net\/fr\/wp-json\/wp\/v2\/product"}],"about":[{"href":"https:\/\/www.premlink.net\/fr\/wp-json\/wp\/v2\/types\/product"}],"replies":[{"embeddable":true,"href":"https:\/\/www.premlink.net\/fr\/wp-json\/wp\/v2\/comments?post=2312"}],"version-history":[{"count":0,"href":"https:\/\/www.premlink.net\/fr\/wp-json\/wp\/v2\/product\/2312\/revisions"}],"wp:featuredmedia":[{"embeddable":true,"href":"https:\/\/www.premlink.net\/fr\/wp-json\/wp\/v2\/media\/2308"}],"wp:attachment":[{"href":"https:\/\/www.premlink.net\/fr\/wp-json\/wp\/v2\/media?parent=2312"}],"wp:term":[{"taxonomy":"product_brand","embeddable":true,"href":"https:\/\/www.premlink.net\/fr\/wp-json\/wp\/v2\/product_brand?post=2312"},{"taxonomy":"product_cat","embeddable":true,"href":"https:\/\/www.premlink.net\/fr\/wp-json\/wp\/v2\/product_cat?post=2312"},{"taxonomy":"product_tag","embeddable":true,"href":"https:\/\/www.premlink.net\/fr\/wp-json\/wp\/v2\/product_tag?post=2312"}],"curies":[{"name":"wp","href":"https:\/\/api.w.org\/{rel}","templated":true}]}}