{"id":2295,"date":"2023-02-06T13:38:10","date_gmt":"2023-02-06T05:38:10","guid":{"rendered":"https:\/\/www.premlink.net\/?post_type=product&#038;p=2295"},"modified":"2024-11-13T10:39:15","modified_gmt":"2024-11-13T02:39:15","slug":"pls04-xgs-pon-onu","status":"publish","type":"product","link":"https:\/\/www.premlink.net\/fr\/product\/pls04-xgs-pon-onu\/","title":{"rendered":"PLS04 XGS-PON ONU"},"content":{"rendered":"<p>L&#039;ONU PLS04 XGS-PON est une s\u00e9rie d&#039;ONU XGS-PON conformes \u00e0 la norme ITU-T G.9807, con\u00e7ue pour les particuliers et les entreprises. Son interface de liaison montante est un port SFP+ prenant en charge une bande passante descendante et montante de 10 Gbit\/s pour le protocole XGS-PON.<\/p>\n<p>La s\u00e9rie PLS04 XGS-PON ONU offre 1 port Ethernet 10 Gigabit ou SFP+ et 4 ports Ethernet Gigabit pour le r\u00e9seau local. Elle dispose \u00e9galement de 2 ports FXS, assurant une qualit\u00e9 vocale optimale aux abonn\u00e9s.<br \/>\nCon\u00e7u pour les d\u00e9ploiements FTTx, le PLS04 XGS-PON ONU prend en charge des fonctionnalit\u00e9s puissantes de passerelle r\u00e9sidentielle\/CPE, telles que la gestion de plusieurs WAN, <a href=\"https:\/\/info.support.huawei.com\/info-finder\/encyclopedia\/en\/QoS.html\" target=\"_blank\" rel=\"noopener\">QoS<\/a>, VLAN, pare-feu, ACL, etc. L&#039;ONU PLS04 XGS-PON est une ONU XGS PON tout-en-un haut de gamme pour les donn\u00e9es Internet et la voix, destin\u00e9e aux FAI d\u00e9ployant des r\u00e9seaux Triple Play sur une seule fibre.<\/p>\n<p><strong><b>MIAN F<\/b><\/strong><strong><b>ARTICLES DE LA M\u00c9T\u00c9O<\/b><\/strong><\/p>\n<ul>\n<li>Conforme \u00e0 la norme ITU-T G.9807 XGS PON, interop\u00e9rable avec les OLT XGS PON de Huawei, ZTE, Fiberhome et Nokia.<\/li>\n<li>Offre 1 port XGS PON SFP+WAN, prenant en charge un d\u00e9bit montant et descendant de 10 Gbit\/s.<\/li>\n<li>Offre un port LAN 10G (Ethernet ou SFP+), prend en charge les fonctions de pont r\u00e9seau et de routeur.<\/li>\n<li>Rapport de fibres maximal de 1:256, distance de transmission maximale de 20 km<\/li>\n<li>Prise en charge du chiffrement AES 128 bits et de la commutation de cl\u00e9s, renfor\u00e7ant ainsi la s\u00e9curit\u00e9 des transmissions.<\/li>\n<li>Prend en charge 32 TcONU et 256 ID de port GEM, permettant plusieurs services sur un seul CPE d&#039;abonn\u00e9.<\/li>\n<li>La prise en charge de la correction d&#039;erreurs sans voie de retour (FEC) garantit une transmission de donn\u00e9es hautement fiable et pr\u00e9cise.<\/li>\n<li>Prise en charge de fonctionnalit\u00e9s de gestion de couche 2 avanc\u00e9es, applicables aux plus grands r\u00e9seaux FAI<\/li>\n<li>Prise en charge de l&#039;attribution flexible de bande passante (FBA), attribution dynamique et automatique de la bande passante<\/li>\n<li>Prise en charge de l&#039;allocation dynamique de bande passante (DBA), pour une attribution et une utilisation plus intelligentes de la bande passante.<\/li>\n<li>Haute s\u00e9curit\u00e9, donn\u00e9es crypt\u00e9es en amont et en aval<\/li>\n<li>Prise en charge des fonctionnalit\u00e9s de commutation de couche 2, telles que les VLAN IEEE 802.1Q, la QoS 802.1P, etc.<\/li>\n<li>Prise en charge de la gestion OMCI et TR069, gestion des abonn\u00e9s \u00e0 distance<\/li>\n<li>Compatible avec IPv4 et IPv6, il est parfaitement adapt\u00e9 aux r\u00e9seaux bas\u00e9s sur les deux types d&#039;IP.<\/li>\n<li>Prise en charge des trames jumbo de 12 Ko.<\/li>\n<\/ul>\n<p><strong><b>XGS-PON <\/b><\/strong><strong><b>CARACT\u00c9RISTIQUES<\/b><\/strong><\/p>\n<ul>\n<li>Bo\u00eetier SFP+ avec connecteur SC\/UPC<\/li>\n<li>Longueur d&#039;onde de transmission\u00a0: En amont\u00a0: 1270\u00a0nm \/ En aval\u00a0: 1577\u00a0nm<\/li>\n<li>Soutien \u00e0 la norme UIT-T G.9807.1<\/li>\n<li>Capacit\u00e9 de connexion \u00e0 chaud<\/li>\n<li>Prise en charge d&#039;un rapport de fibre de 1:256 sur une distance de transmission de 20 km.<\/li>\n<li>D\u00e9bit descendant maximal de 10 Gbit\/s \/ d\u00e9bit montant maximal de 10 Gbit\/s<\/li>\n<li>D\u00e9cryptage en mode compteur AES128 de s\u00e9curit\u00e9 en aval<\/li>\n<li>D\u00e9cryptage en mode compteur AES128 de s\u00e9curit\u00e9 en amont<\/li>\n<li>Les messages OMCI sont enti\u00e8rement compatibles avec la norme ITU-T G.988.<\/li>\n<li>Contr\u00f4le du trafic descendant et mise en forme du trafic amont par port GEM, surveillance des performances par port GEM<\/li>\n<li>256 GEM-Port-ID \/ XGEM-Port-ID,32-TCONU<\/li>\n<li>Taille minimale et maximale des trames Ethernet\u00a0: de 64\u00a0octets \u00e0 12\u00a0ko<\/li>\n<li>Prise en charge de la VoQ de base par XGEM-Port-ID et par ALLOC-ID en amont<\/li>\n<li>Planification des sorties en amont\u00a0: priorit\u00e9 stricte + DWRR<\/li>\n<li>Soutien \u00e0 l&#039;agonie<\/li>\n<\/ul>\n<p><strong><b>R\u00c9SEAUTAGE<\/b><\/strong><strong>\u00a0<\/strong><strong><b>CARACT\u00c9RISTIQUES<\/b><\/strong><strong><b>\u00a0<\/b><\/strong><\/p>\n<ul>\n<li>Apprentissage des adresses MAC, tableau des adresses MAC de 2\u00a0000 unit\u00e9s<\/li>\n<li>Mode r\u00e9seau pont\u00e9 ou rout\u00e9<\/li>\n<li>Prise en charge de RIP v1 et v2 pour le routage<\/li>\n<li>Route statique, route dynamique, proxy DNS,<\/li>\n<li>IPv4 et IPv6 TCP, UDP, RTP, SNTP, NAT, DHCP, DNS IEEE 802.1Q VLAN, port VLAN<\/li>\n<li>Listes de contr\u00f4le d&#039;acc\u00e8s (ACL) bas\u00e9es sur 1x, MAC, IP ou TCP\/UDP<\/li>\n<li>Contr\u00f4leur de bande passante du port, contr\u00f4leur de d\u00e9bit 3x<\/li>\n<li>Storm CONUrol\u00a0: Diffusion\/Multidiffusion\/unicast inconnu, ARP<\/li>\n<li>Isolation des ports, duplication des ports, MDI\/MDIX automatique<\/li>\n<li>1d STP, d\u00e9tection de boucle de port<\/li>\n<li>IGMP v2, v3 et IGMP Snooping pour IPv4<\/li>\n<li>Surveillance MLD v2, v3 et MLD pour IPv6<\/li>\n<li>Liaison VLAN<\/li>\n<li>ALG\/UPnP<\/li>\n<\/ul>\n<p><strong>\u00a0<\/strong><strong><b>VoIP<\/b><\/strong><strong>\u00a0<\/strong><strong><b>CARACT\u00c9RISTIQUES<\/b><\/strong><\/p>\n<ul>\n<li>Offre 2 ports FXS pour les connexions t\u00e9l\u00e9phoniques<\/li>\n<li>Il est possible de passer\/recevoir 2 appels simultan\u00e9ment.<\/li>\n<li>SIP V1, V2 (RFC3261, RFC3262, RFC3264, RFC3265)<\/li>\n<li>SIP et H.248, prise en charge de l&#039;enregistrement de 2 comptes SIP<\/li>\n<li>711, G.723.1, G.729A-8 kbit\/s, G.726, G.722, codes vocaux ILBC<\/li>\n<li>D\u00e9tection de tonalit\u00e9 DTMF, relais de tonalit\u00e9 DTMF,<\/li>\n<li>Plusieurs tonalit\u00e9s d&#039;appel, identification de l&#039;appelant FSK<\/li>\n<li>Pr\u00e9sentation d&#039;identification de l&#039;appelant<\/li>\n<li>Restriction de l&#039;identification de l&#039;appelant<\/li>\n<li>Renvoi d&#039;appel, transfert d&#039;appel, mise en attente, conf\u00e9rence \u00e0 trois, etc.<\/li>\n<li>QoS et TOS pour garantir que les paquets vocaux transitent en priorit\u00e9<\/li>\n<li>Prise en charge du protocole Echo RFC62<\/li>\n<li>Configuration de la carte num\u00e9rique prise en charge<\/li>\n<\/ul>\n<p><strong><b>QoS<\/b><\/strong><\/p>\n<p>IEEE 802.1P QoS, DSCP, TOS\u00a0:<\/p>\n<p>Algorithme de r\u00e9partition SP, WRR, SP+WRR<\/p>\n<p>QoS bas\u00e9e sur la source et l&#039;adresse MAC de destination<\/p>\n<p>QoS bas\u00e9e sur l&#039;ID VLAN et la priorit\u00e9 VLAN<\/p>\n<p>QoS bas\u00e9e sur l&#039;adresse IP source DST<\/p>\n<p><strong><b>FONCTIONS DU PARE-FEU<\/b><\/strong><\/p>\n<ul>\n<li>Traduction d&#039;adresses r\u00e9seau (NAT)<\/li>\n<li>Inspection des paquets avec \u00e9tat (SPI)<\/li>\n<li>Filtrage IP\/Filtrage MAC\/Filtrage URL\/DMZ<\/li>\n<li>Pr\u00e9vention des attaques ARP et DDoS<\/li>\n<li>Serveurs virtuels (Redirection de ports)<\/li>\n<li>Acc\u00e8s \u00e0 distance<\/li>\n<\/ul>\n<p><strong><b>FONCTIONS VPN<\/b><\/strong><\/p>\n<ul>\n<li>Passage IPSec\/PPTP\/L2TP\/PPPoE<\/li>\n<\/ul>\n<p><strong><b>GESTION<\/b><\/strong><\/p>\n<ul>\n<li>Gestion Telnet<\/li>\n<li>Gestion de l&#039;interface utilisateur Web HTTP<\/li>\n<li>TR069 Gestion ACS<\/li>\n<\/ul>\n<p><strong><b>MOD\u00c8LES OLT GPON INTEROP\u00c9RABLES<\/b><\/strong><\/p>\n<ul>\n<li><strong>HUAWEI <\/strong>SmartAX EA5800-X17, EA5800-X17, EA5800-X7, EA5800-X2<\/li>\n<li><strong>ZTE<\/strong>C600 C650 XGS-PON OLT<\/li>\n<li><strong>Alcatel Lucent<\/strong>7342, 7360 ISAM GPON OLT<\/li>\n<li><strong>Nokia<\/strong>7360 ISAM GPON OLT<\/li>\n<li><strong>Fiberhome<\/strong>AN6000-17, AN6000-15, AN6000-7, AN6000-2<\/li>\n<\/ul>\n<p><strong><b>CARACT\u00c9RISTIQUES MAT\u00c9RIELLES<\/b><\/strong><\/p>\n<ul>\n<li>Processeur quadric\u0153ur Realtek RTL9619B 0 GHz<\/li>\n<li>Offre 1 port XGS PON SFP+WAN, prenant en charge un d\u00e9bit montant et descendant de 10 Gbit\/s.<\/li>\n<\/ul>\n<p><strong><b>PARAM\u00c8TRES MAT\u00c9RIELLES ET INTERFACES<\/b><\/strong><\/p>\n<table>\n<tbody>\n<tr>\n<td width=\"177\">normes<\/td>\n<td colspan=\"3\" width=\"511\">ITU-T G.988, ITU-T G.9807.1, ITU-T G.987.3, ITU-T G.989.3, G.984.3, IEEE 802.3ah, IEEE 802.3, IEEE 802.3u, IEEE 802.3ab, IEEE 802.3an, IEEE 802.3bz, IEEE 802.3az, IEEE 802.3x, IEEE 802.1Q, IEEE 802.1P, IEEE 802.1D, IEEE 802.3av, IEEE 802.1AE<\/td>\n<\/tr>\n<tr>\n<td width=\"177\">Topologie<\/td>\n<td colspan=\"3\" width=\"511\">XGS-PON\u00a0: d\u00e9bit montant de 10\u00a0Gbit\/s \/ d\u00e9bit descendant de 10\u00a0Gbit\/s<\/td>\n<\/tr>\n<tr>\n<td width=\"177\">Ports de liaison montante<\/td>\n<td colspan=\"3\" width=\"511\">1 XGS-PON SFP+ SC\/UPC<\/td>\n<\/tr>\n<tr>\n<td width=\"177\">Ports de liaison descendante<\/td>\n<td colspan=\"3\" width=\"511\">1*10G Ethernet ou SFP+<\/p>\n<p>1*10M\/100M\/1000M\/2500M BASE-T<\/td>\n<\/tr>\n<tr>\n<td width=\"177\">Socs<\/td>\n<td colspan=\"3\" width=\"511\">Processeur : Realtek RTL9619B Quad-Core 1,0 GHz<\/td>\n<\/tr>\n<tr>\n<td width=\"177\">Ports VoIP<\/td>\n<td colspan=\"3\" width=\"511\">2 ports FXS<\/td>\n<\/tr>\n<tr>\n<td width=\"177\">D\u00e9bit de transmission<\/td>\n<td colspan=\"3\" width=\"511\">10 Gbit\/s en amont, 10 Gbit\/s en aval<\/td>\n<\/tr>\n<tr>\n<td width=\"177\">Distance de transmission<\/td>\n<td colspan=\"3\" width=\"511\">Maximum 20 km<\/td>\n<\/tr>\n<tr>\n<td width=\"177\">Indicateurs LED<\/td>\n<td colspan=\"3\" width=\"511\">Alimentation, PON, LOS, 10G, 2,5G, VoIP1-2<\/td>\n<\/tr>\n<tr>\n<td width=\"177\"><strong><b>\u00a0<\/b><\/strong><\/p>\n<p>C\u00e2ble Ethernet<\/td>\n<td colspan=\"3\" width=\"511\">10Base-Tx\u00a0: c\u00e2ble UTP de cat\u00e9gorie 3, 4 et 5, jusqu\u2019\u00e0 100\u00a0m<\/p>\n<p>100Base-Tx\u00a0: c\u00e2ble UTP de cat\u00e9gorie 5, jusqu\u2019\u00e0 100\u00a0m<\/p>\n<p>1000Base-Tx\u00a0: c\u00e2ble UTP de cat\u00e9gorie 5, 5E et 6, jusqu\u2019\u00e0 100\u00a0m<\/p>\n<p>2500 Base-Tx\u00a0: c\u00e2ble UTP cat\u00e9gorie 5, 5E, 6, jusqu\u2019\u00e0 100\u00a0m<\/p>\n<p>10G Base-Tx\u00a0: UTP cat\u00e9gorie 6 jusqu\u2019\u00e0 55\u00a0m, 6a jusqu\u2019\u00e0 100\u00a0m<\/td>\n<\/tr>\n<tr>\n<td width=\"177\">C\u00e2ble \u00e0 fibre optique<\/td>\n<td colspan=\"3\" width=\"511\">C\u00e2ble \u00e0 fibre monomode de 8,3 \u03bcm, 8,7 \u03bcm, 9 \u03bcm et 10 \u03bcm<\/td>\n<\/tr>\n<tr>\n<td width=\"177\">Alimentation<\/td>\n<td colspan=\"3\" width=\"511\">Alimentation externe 110-240 V CA, 12 V CC, 2 A, protection contre les surtensions 4 kV<\/td>\n<\/tr>\n<tr>\n<td rowspan=\"3\" width=\"177\">Temp\u00e9rature Humidit\u00e9<\/td>\n<td width=\"175\">Mode<\/td>\n<td width=\"170\">Temp\u00e9rature<\/td>\n<td width=\"165\">Humidit\u00e9<\/td>\n<\/tr>\n<tr>\n<td width=\"175\">Fonctionnement<\/td>\n<td width=\"170\">0\u2103 \u2013 45\u2103<\/td>\n<td width=\"165\">10% \u2013 90%<\/td>\n<\/tr>\n<tr>\n<td width=\"175\">Attendre<\/td>\n<td width=\"170\">-40\u2103 \u2013 70\u2103<\/td>\n<td width=\"165\">5% \u2013 90% RH<\/td>\n<\/tr>\n<\/tbody>\n<\/table>\n<p><strong>\u00a0<\/strong><\/p>\n<p><strong>Informations de commande PLS04 XGS-PON ONU<\/strong><\/p>\n<table>\n<tbody>\n<tr>\n<td width=\"169\"><strong><b>Produit<\/b><\/strong><\/td>\n<td width=\"167\"><strong><b>PL<\/b><\/strong><strong><b>S01<\/b><\/strong><\/td>\n<td width=\"165\"><strong><b>PL<\/b><\/strong><strong><b>S02<\/b><\/strong><\/td>\n<td width=\"156\"><strong><b>PLS04<\/b><\/strong><\/td>\n<\/tr>\n<tr>\n<td width=\"169\"><strong><b>Famille de produits<\/b><\/strong><\/td>\n<td width=\"167\"><img decoding=\"async\" class=\"wp-image-2297\" src=\"https:\/\/www.premlink.net\/wp-content\/uploads\/2023\/02\/XGS-PON-ONU12.jpg\" alt=\"XGS-PON-ONU\" width=\"167\" height=\"167\" srcset=\"https:\/\/www.premlink.net\/wp-content\/uploads\/2023\/02\/XGS-PON-ONU12.jpg 780w, https:\/\/www.premlink.net\/wp-content\/uploads\/2023\/02\/XGS-PON-ONU12-500x500.jpg 500w, https:\/\/www.premlink.net\/wp-content\/uploads\/2023\/02\/XGS-PON-ONU12-100x100.jpg 100w, https:\/\/www.premlink.net\/wp-content\/uploads\/2023\/02\/XGS-PON-ONU12-480x480.jpg 480w, https:\/\/www.premlink.net\/wp-content\/uploads\/2023\/02\/XGS-PON-ONU12-300x300.jpg 300w, https:\/\/www.premlink.net\/wp-content\/uploads\/2023\/02\/XGS-PON-ONU12-150x150.jpg 150w, https:\/\/www.premlink.net\/wp-content\/uploads\/2023\/02\/XGS-PON-ONU12-768x768.jpg 768w\" sizes=\"(max-width: 167px) 100vw, 167px\" \/><\/td>\n<td width=\"165\"><img decoding=\"async\" class=\"wp-image-2296\" src=\"https:\/\/www.premlink.net\/wp-content\/uploads\/2023\/02\/XGS-PON-ONU11.jpg\" alt=\"XGS-PON-ONU\" width=\"174\" height=\"174\" srcset=\"https:\/\/www.premlink.net\/wp-content\/uploads\/2023\/02\/XGS-PON-ONU11.jpg 780w, https:\/\/www.premlink.net\/wp-content\/uploads\/2023\/02\/XGS-PON-ONU11-500x500.jpg 500w, https:\/\/www.premlink.net\/wp-content\/uploads\/2023\/02\/XGS-PON-ONU11-100x100.jpg 100w, https:\/\/www.premlink.net\/wp-content\/uploads\/2023\/02\/XGS-PON-ONU11-480x480.jpg 480w, https:\/\/www.premlink.net\/wp-content\/uploads\/2023\/02\/XGS-PON-ONU11-300x300.jpg 300w, https:\/\/www.premlink.net\/wp-content\/uploads\/2023\/02\/XGS-PON-ONU11-150x150.jpg 150w, https:\/\/www.premlink.net\/wp-content\/uploads\/2023\/02\/XGS-PON-ONU11-768x768.jpg 768w\" sizes=\"(max-width: 174px) 100vw, 174px\" \/><\/td>\n<td width=\"156\"><img decoding=\"async\" class=\"wp-image-2298\" src=\"https:\/\/www.premlink.net\/wp-content\/uploads\/2023\/02\/XGS-PON-ONU13.jpg\" alt=\"XGS-PON-ONU\" width=\"168\" height=\"168\" srcset=\"https:\/\/www.premlink.net\/wp-content\/uploads\/2023\/02\/XGS-PON-ONU13.jpg 780w, https:\/\/www.premlink.net\/wp-content\/uploads\/2023\/02\/XGS-PON-ONU13-500x500.jpg 500w, https:\/\/www.premlink.net\/wp-content\/uploads\/2023\/02\/XGS-PON-ONU13-100x100.jpg 100w, https:\/\/www.premlink.net\/wp-content\/uploads\/2023\/02\/XGS-PON-ONU13-480x480.jpg 480w, https:\/\/www.premlink.net\/wp-content\/uploads\/2023\/02\/XGS-PON-ONU13-300x300.jpg 300w, https:\/\/www.premlink.net\/wp-content\/uploads\/2023\/02\/XGS-PON-ONU13-150x150.jpg 150w, https:\/\/www.premlink.net\/wp-content\/uploads\/2023\/02\/XGS-PON-ONU13-768x768.jpg 768w\" sizes=\"(max-width: 168px) 100vw, 168px\" \/><\/td>\n<\/tr>\n<tr>\n<td width=\"169\"><strong><b>Technologie optique PON WAN 10G<\/b><\/strong><\/td>\n<td width=\"167\">XGS-PON<\/td>\n<td width=\"165\">XGS-PON<\/td>\n<td width=\"156\">XGS-PON<\/td>\n<\/tr>\n<tr>\n<td width=\"169\"><strong><b>Interface WAN\u00a0: optique modulaire (SFP+)<\/b><\/strong><\/td>\n<td width=\"167\">1<\/td>\n<td width=\"165\">1<\/td>\n<td width=\"156\">1<\/td>\n<\/tr>\n<tr>\n<td width=\"169\"><strong><b>LAN\u00a0: 10GE (SFP+)\/10GE (100\/1000\/10G Base-T Ethernet RJ-45) (1 sur 2)<\/b><\/strong><\/td>\n<td width=\"167\">1<\/td>\n<td width=\"165\">1<\/td>\n<td width=\"156\">1<\/td>\n<\/tr>\n<tr>\n<td width=\"169\"><strong><b>LAN\u00a0: 2,5GE (Ethernet Base-T 10\/100\/1000\/2500 \/ RJ-45)<\/b><\/strong><\/td>\n<td width=\"167\">0<\/td>\n<td width=\"165\">1<\/td>\n<td width=\"156\">1<\/td>\n<\/tr>\n<tr>\n<td width=\"169\"><strong><b>LAN : 1GE (Ethernet 10\/100\/1000 Base-T \/ RJ-45)<\/b><\/strong><\/td>\n<td width=\"167\">0<\/td>\n<td width=\"165\">0<\/td>\n<td width=\"156\">0<\/td>\n<\/tr>\n<tr>\n<td width=\"169\"><strong><b>Voix : ports RJ-11<\/b><\/strong><\/td>\n<td width=\"167\">0<\/td>\n<td width=\"165\">0<\/td>\n<td width=\"156\">2<\/td>\n<\/tr>\n<tr>\n<td width=\"169\"><strong><b>USB 2.0<\/b><\/strong><\/td>\n<td width=\"167\">0<\/td>\n<td width=\"165\">0<\/td>\n<td width=\"156\">0<\/td>\n<\/tr>\n<tr>\n<td width=\"169\"><strong><b>USB 3.0<\/b><\/strong><\/td>\n<td width=\"167\">0<\/td>\n<td width=\"165\">0<\/td>\n<td width=\"156\">0<\/td>\n<\/tr>\n<tr>\n<td width=\"169\"><strong><b>Wi-Fi<\/b><\/strong><\/td>\n<td width=\"167\">NT<\/td>\n<td width=\"165\">NT<\/td>\n<td width=\"156\">NT<\/td>\n<\/tr>\n<tr>\n<td width=\"169\"><strong><b>ANATEL<\/b><\/strong><\/td>\n<td width=\"167\">OUI<\/td>\n<td width=\"165\">OUI<\/td>\n<td width=\"156\">OUI<\/td>\n<\/tr>\n<\/tbody>\n<\/table>\n<p>Bienvenue pour toute demande de renseignements concernant notre ONU PLS04 XGS-PON.<\/p>","protected":false},"excerpt":{"rendered":"<p>La s\u00e9rie PLS04 XGS-PON ONU offre un port Ethernet 10 Gigabit ou SFP+ et quatre ports Ethernet Gigabit pour le r\u00e9seau local. Elle dispose \u00e9galement de deux ports FXS, assurant une voix de haute qualit\u00e9 aux abonn\u00e9s. Compatible avec les fonctionnalit\u00e9s avanc\u00e9es de passerelle r\u00e9sidentielle\/CPE, cette solution XGS PON ONU tout-en-un haut de gamme pour les FAI d\u00e9ployant des r\u00e9seaux Triple Play sur fibre unique offre Internet, donn\u00e9es et voix.<\/p>\n<p>&nbsp;<\/p>\n<p>&nbsp;<\/p>","protected":false},"featured_media":2298,"comment_status":"closed","ping_status":"closed","template":"","meta":{"site-sidebar-layout":"default","site-content-layout":"","ast-site-content-layout":"default","site-content-style":"default","site-sidebar-style":"default","ast-global-header-display":"","ast-banner-title-visibility":"","ast-main-header-display":"","ast-hfb-above-header-display":"","ast-hfb-below-header-display":"","ast-hfb-mobile-header-display":"","site-post-title":"","ast-breadcrumbs-content":"","ast-featured-img":"","footer-sml-layout":"","ast-disable-related-posts":"","theme-transparent-header-meta":"default","adv-header-id-meta":"","stick-header-meta":"default","header-above-stick-meta":"","header-main-stick-meta":"","header-below-stick-meta":"","astra-migrate-meta-layouts":"set","ast-page-background-enabled":"default","ast-page-background-meta":{"desktop":{"background-color":"var(--ast-global-color-4)","background-image":"","background-repeat":"repeat","background-position":"center center","background-size":"auto","background-attachment":"scroll","background-type":"","background-media":"","overlay-type":"","overlay-color":"","overlay-opacity":"","overlay-gradient":""},"tablet":{"background-color":"","background-image":"","background-repeat":"repeat","background-position":"center center","background-size":"auto","background-attachment":"scroll","background-type":"","background-media":"","overlay-type":"","overlay-color":"","overlay-opacity":"","overlay-gradient":""},"mobile":{"background-color":"","background-image":"","background-repeat":"repeat","background-position":"center center","background-size":"auto","background-attachment":"scroll","background-type":"","background-media":"","overlay-type":"","overlay-color":"","overlay-opacity":"","overlay-gradient":""}},"ast-content-background-meta":{"desktop":{"background-color":"var(--ast-global-color-5)","background-image":"","background-repeat":"repeat","background-position":"center center","background-size":"auto","background-attachment":"scroll","background-type":"","background-media":"","overlay-type":"","overlay-color":"","overlay-opacity":"","overlay-gradient":""},"tablet":{"background-color":"var(--ast-global-color-5)","background-image":"","background-repeat":"repeat","background-position":"center center","background-size":"auto","background-attachment":"scroll","background-type":"","background-media":"","overlay-type":"","overlay-color":"","overlay-opacity":"","overlay-gradient":""},"mobile":{"background-color":"var(--ast-global-color-5)","background-image":"","background-repeat":"repeat","background-position":"center center","background-size":"auto","background-attachment":"scroll","background-type":"","background-media":"","overlay-type":"","overlay-color":"","overlay-opacity":"","overlay-gradient":""}}},"product_brand":[],"product_cat":[54],"product_tag":[],"class_list":{"0":"post-2295","1":"product","2":"type-product","3":"status-publish","4":"has-post-thumbnail","6":"product_cat-xgspon","7":"desktop-align-center","8":"tablet-align-left","9":"mobile-align-left","10":"ast-product-gallery-layout-horizontal-slider","11":"ast-product-tabs-layout-horizontal","13":"first","14":"instock","15":"shipping-taxable","16":"product-type-simple"},"_links":{"self":[{"href":"https:\/\/www.premlink.net\/fr\/wp-json\/wp\/v2\/product\/2295","targetHints":{"allow":["GET"]}}],"collection":[{"href":"https:\/\/www.premlink.net\/fr\/wp-json\/wp\/v2\/product"}],"about":[{"href":"https:\/\/www.premlink.net\/fr\/wp-json\/wp\/v2\/types\/product"}],"replies":[{"embeddable":true,"href":"https:\/\/www.premlink.net\/fr\/wp-json\/wp\/v2\/comments?post=2295"}],"version-history":[{"count":0,"href":"https:\/\/www.premlink.net\/fr\/wp-json\/wp\/v2\/product\/2295\/revisions"}],"wp:featuredmedia":[{"embeddable":true,"href":"https:\/\/www.premlink.net\/fr\/wp-json\/wp\/v2\/media\/2298"}],"wp:attachment":[{"href":"https:\/\/www.premlink.net\/fr\/wp-json\/wp\/v2\/media?parent=2295"}],"wp:term":[{"taxonomy":"product_brand","embeddable":true,"href":"https:\/\/www.premlink.net\/fr\/wp-json\/wp\/v2\/product_brand?post=2295"},{"taxonomy":"product_cat","embeddable":true,"href":"https:\/\/www.premlink.net\/fr\/wp-json\/wp\/v2\/product_cat?post=2295"},{"taxonomy":"product_tag","embeddable":true,"href":"https:\/\/www.premlink.net\/fr\/wp-json\/wp\/v2\/product_tag?post=2295"}],"curies":[{"name":"wp","href":"https:\/\/api.w.org\/{rel}","templated":true}]}}