{"id":1949,"date":"2023-01-18T21:29:48","date_gmt":"2023-01-18T13:29:48","guid":{"rendered":"https:\/\/www.premlink.net\/?post_type=product&#038;p=1949"},"modified":"2026-03-23T14:19:02","modified_gmt":"2026-03-23T06:19:02","slug":"amplificateur-optique-xgs-pon-catv-edfa","status":"publish","type":"product","link":"https:\/\/www.premlink.net\/fr\/product\/xgs-pon-catv-edfa-optical-amplifier\/","title":{"rendered":"PL2000C XGSPON et GPON EDFA, 1U\/2U, OSW, SNMP et Web, acc\u00e8s frontal"},"content":{"rendered":"<h2>Product Overview<\/h2>\n<p>PL2000C XGS-PON CATV EDFA optical amplifer is a new generation EYDFA in CATV industry. It has unique back reflection function for FTTH XGS-PON CATV EDFA.<br \/>\nThis type of XGS-PON CATV EDFA optical amplifier is 1U rack mount, 1550nm wavelength input, available for upto 64ports PON Pass through, with optical switch.<\/p>\n<h2>Block Diagram &amp; Panel Overview<\/h2>\n<h3><em>Block Diagram<\/em><\/h3>\n<p><img fetchpriority=\"high\" decoding=\"async\" class=\"wp-image-10335 aligncenter\" src=\"https:\/\/www.premlink.net\/wp-content\/uploads\/2022\/09\/Premlink-PON-EDFA-Block-Diagram.webp\" alt=\"Premlink PON EDFA Block Diagram\" width=\"751\" height=\"269\" srcset=\"https:\/\/www.premlink.net\/wp-content\/uploads\/2022\/09\/Premlink-PON-EDFA-Block-Diagram.webp 1200w, https:\/\/www.premlink.net\/wp-content\/uploads\/2022\/09\/Premlink-PON-EDFA-Block-Diagram-500x179.webp 500w, https:\/\/www.premlink.net\/wp-content\/uploads\/2022\/09\/Premlink-PON-EDFA-Block-Diagram-800x287.webp 800w, https:\/\/www.premlink.net\/wp-content\/uploads\/2022\/09\/Premlink-PON-EDFA-Block-Diagram-300x108.webp 300w, https:\/\/www.premlink.net\/wp-content\/uploads\/2022\/09\/Premlink-PON-EDFA-Block-Diagram-1024x367.webp 1024w, https:\/\/www.premlink.net\/wp-content\/uploads\/2022\/09\/Premlink-PON-EDFA-Block-Diagram-768x275.webp 768w\" sizes=\"(max-width: 751px) 100vw, 751px\" \/><\/p>\n<p style=\"text-align: center;\">PL2000C XGS-PON CATV EDFA Optical Amplifier Block Diagram<\/p>\n<h3><em>Front and Rear Overview<\/em><\/h3>\n<figure id=\"attachment_11266\" aria-describedby=\"caption-attachment-11266\" style=\"width: 880px\" class=\"wp-caption aligncenter\"><img decoding=\"async\" class=\"size-full wp-image-11266\" src=\"https:\/\/www.premlink.net\/wp-content\/uploads\/2022\/09\/PL2000C-PON-EDFA-Front-and-Rear.jpg\" alt=\"PL2000C PON EDFA Front and Rear\" width=\"880\" height=\"165\" srcset=\"https:\/\/www.premlink.net\/wp-content\/uploads\/2022\/09\/PL2000C-PON-EDFA-Front-and-Rear.jpg 880w, https:\/\/www.premlink.net\/wp-content\/uploads\/2022\/09\/PL2000C-PON-EDFA-Front-and-Rear-500x94.jpg 500w, https:\/\/www.premlink.net\/wp-content\/uploads\/2022\/09\/PL2000C-PON-EDFA-Front-and-Rear-800x150.jpg 800w, https:\/\/www.premlink.net\/wp-content\/uploads\/2022\/09\/PL2000C-PON-EDFA-Front-and-Rear-300x56.jpg 300w, https:\/\/www.premlink.net\/wp-content\/uploads\/2022\/09\/PL2000C-PON-EDFA-Front-and-Rear-768x144.jpg 768w\" sizes=\"(max-width: 880px) 100vw, 880px\" \/><figcaption id=\"caption-attachment-11266\" class=\"wp-caption-text\">PL2000C XGS-PON EDFA Optical Amplifier Front and Rear<\/figcaption><\/figure>\n<p>&nbsp;<\/p>\n<table>\n<tbody>\n<tr>\n<td width=\"41\"><strong><b>No.<\/b><\/strong><\/td>\n<td width=\"227\"><strong><b>Description<\/b><\/strong><\/td>\n<td width=\"41\"><strong><b>No.<\/b><\/strong><\/td>\n<td width=\"262\"><strong><b>Description<\/b><\/strong><\/td>\n<\/tr>\n<tr>\n<td width=\"41\">1<\/td>\n<td width=\"227\">Power Supply 1<\/td>\n<td width=\"41\">7<\/td>\n<td width=\"262\">Grounding<\/td>\n<\/tr>\n<tr>\n<td width=\"41\">2<\/td>\n<td width=\"227\">Power Supply 2<\/td>\n<td width=\"41\">8<\/td>\n<td width=\"262\">XGSPON &amp; GPON Pass Port<\/td>\n<\/tr>\n<tr>\n<td width=\"41\">3<\/td>\n<td width=\"227\">Touchscreen LCD<\/td>\n<td width=\"41\">9<\/td>\n<td width=\"262\">COM Port<\/td>\n<\/tr>\n<tr>\n<td width=\"41\">4<\/td>\n<td width=\"227\">RJ45 Port<\/td>\n<td width=\"41\">10<\/td>\n<td width=\"262\">Handle<\/td>\n<\/tr>\n<tr>\n<td width=\"41\">5<\/td>\n<td width=\"227\">Optical Input Power Port<\/td>\n<td width=\"41\">11<\/td>\n<td width=\"262\">Fans<\/td>\n<\/tr>\n<tr>\n<td width=\"41\">6<\/td>\n<td width=\"227\">Test Port<\/td>\n<td width=\"41\"><\/td>\n<td width=\"262\"><\/td>\n<\/tr>\n<\/tbody>\n<\/table>\n<p>&nbsp;<\/p>\n<h3><em>Touchscreen LCD Overview<\/em><\/h3>\n<p><img decoding=\"async\" class=\"size-full wp-image-13948 aligncenter\" src=\"https:\/\/www.premlink.net\/wp-content\/uploads\/2022\/09\/EDFA-Touchscreen-Display-Overview.jpg\" sizes=\"(max-width: 880px) 100vw, 880px\" srcset=\"https:\/\/www.premlink.net\/wp-content\/uploads\/2022\/09\/EDFA-Touchscreen-Display-Overview.jpg 880w, https:\/\/www.premlink.net\/wp-content\/uploads\/2022\/09\/EDFA-Touchscreen-Display-Overview-300x94.jpg 300w, https:\/\/www.premlink.net\/wp-content\/uploads\/2022\/09\/EDFA-Touchscreen-Display-Overview-768x242.jpg 768w, https:\/\/www.premlink.net\/wp-content\/uploads\/2022\/09\/EDFA-Touchscreen-Display-Overview-480x151.jpg 480w\" alt=\"EDFA Touchscreen Display Overview\" width=\"880\" height=\"277\" \/><\/p>\n<p style=\"text-align: center;\">PL2000C XGS-PON CATV EDFA Optical Amplifier<\/p>\n<p>&nbsp;<\/p>\n<h2>Specifications<\/h2>\n<table>\n<tbody>\n<tr>\n<td colspan=\"3\" width=\"808\"><strong><b>Optical Characteristics<\/b><\/strong><\/td>\n<\/tr>\n<tr>\n<td width=\"353\"><strong><b>Parameter<\/b><\/strong><\/td>\n<td width=\"89\"><strong><b>Unit<\/b><\/strong><\/td>\n<td width=\"365\"><strong><b>Value<\/b><\/strong><\/td>\n<\/tr>\n<tr>\n<td width=\"353\">Optical Input Wavelength<\/td>\n<td width=\"89\">nm<\/td>\n<td width=\"365\">1545 ~ 1565<\/td>\n<\/tr>\n<tr>\n<td width=\"353\">Optical Input Power<\/td>\n<td width=\"89\">dBm<\/td>\n<td width=\"365\">-10~+10<\/td>\n<\/tr>\n<tr>\n<td width=\"353\">Output Optical Power<\/td>\n<td width=\"89\">dBm<\/td>\n<td width=\"365\">Upto 40dBm<\/td>\n<\/tr>\n<tr>\n<td width=\"353\">Typical Output Power<\/td>\n<td width=\"89\">dBm<\/td>\n<td width=\"365\">\u2265 18<\/td>\n<\/tr>\n<tr>\n<td width=\"353\">Port Numbers<\/td>\n<td width=\"89\">&#8212;<\/td>\n<td width=\"365\">1~256<\/td>\n<\/tr>\n<tr>\n<td width=\"353\">Output Power Tolerance<\/td>\n<td width=\"89\">dB<\/td>\n<td width=\"365\">\u00b1\u00a00.5<\/td>\n<\/tr>\n<tr>\n<td width=\"353\">Port Uniformity<\/td>\n<td width=\"89\">dB<\/td>\n<td width=\"365\">\u00b1 0.7<\/td>\n<\/tr>\n<tr>\n<td width=\"353\">Noise Figure<\/td>\n<td width=\"89\">dB<\/td>\n<td width=\"365\">\u2264 5.5<\/td>\n<\/tr>\n<tr>\n<td width=\"353\">Optical Test Port<\/td>\n<td width=\"89\">dB<\/td>\n<td width=\"365\">-5~+5<\/td>\n<\/tr>\n<tr>\n<td width=\"353\">Return Loss Input\/Output<\/td>\n<td width=\"89\">dB<\/td>\n<td width=\"365\">\u2265 45<\/td>\n<\/tr>\n<tr>\n<td width=\"353\">Isolation Output \u25ba Input<\/td>\n<td width=\"89\">dB<\/td>\n<td width=\"365\">\u2265 40<\/td>\n<\/tr>\n<tr>\n<td width=\"353\">Polarization Dependence<\/td>\n<td width=\"89\">dB<\/td>\n<td width=\"365\">\u2264 0.3<\/td>\n<\/tr>\n<\/tbody>\n<\/table>\n<ol>\n<li>Noise figure at 0 dBm input power, nominal output power and signal wavelength 1550 nm.<\/li>\n<\/ol>\n<table>\n<tbody>\n<tr>\n<td colspan=\"3\" width=\"810\"><strong><b>XGS-PON+GPON Characteristics\u00a0<\/b><\/strong><\/td>\n<\/tr>\n<tr>\n<td width=\"354\"><strong><b>Parameter<\/b><\/strong><\/td>\n<td width=\"89\"><strong><b>Unit<\/b><\/strong><\/td>\n<td width=\"365\"><strong><b>Value<\/b><\/strong><\/td>\n<\/tr>\n<tr>\n<td width=\"354\">GPON Center\u00a0Wavelengths<\/td>\n<td width=\"89\">nm<\/td>\n<td width=\"365\">1310\/1490<\/td>\n<\/tr>\n<tr>\n<td width=\"354\">XG(S)-PON Center Wavelengths<\/td>\n<td width=\"89\">nm<\/td>\n<td width=\"365\">1270 \/ 1577<\/td>\n<\/tr>\n<tr>\n<td width=\"354\">GPON + XG(S)-PON Center Wavelengths<\/td>\n<td width=\"89\">nm<\/td>\n<td width=\"365\">1270 \/1310\/1490\/1577<\/td>\n<\/tr>\n<tr>\n<td width=\"354\">Insertion Loss<\/td>\n<td width=\"89\">dB<\/td>\n<td width=\"365\">\u2264\u00a01<\/td>\n<\/tr>\n<tr>\n<td width=\"354\">Isolation CATV \u25ba PON<\/td>\n<td width=\"89\">dB<\/td>\n<td width=\"365\">30\u00a0@ 1545~1565 nm<\/td>\n<\/tr>\n<tr>\n<td width=\"354\">Isolation COM \u25ba PON<\/td>\n<td width=\"89\">dB<\/td>\n<td width=\"365\">15\u00a0@ 1545~1565 nm<\/td>\n<\/tr>\n<tr>\n<td width=\"354\">Return Loss<\/td>\n<td width=\"89\">dB<\/td>\n<td width=\"365\">\u2265 45<\/td>\n<\/tr>\n<\/tbody>\n<\/table>\n<p><strong><b>\u00a0<\/b><\/strong><\/p>\n<table>\n<tbody>\n<tr>\n<td colspan=\"3\" width=\"815\"><strong><b>Optical Switch for 2 Inputs<\/b><\/strong><\/td>\n<\/tr>\n<tr>\n<td width=\"356\"><strong><b>Parameter<\/b><\/strong><\/td>\n<td width=\"90\"><strong><b>Unit<\/b><\/strong><\/td>\n<td width=\"368\"><strong><b>Value<\/b><\/strong><\/td>\n<\/tr>\n<tr>\n<td width=\"356\">Insertion Loss<\/td>\n<td width=\"90\">dB<\/td>\n<td width=\"368\">&lt; 1<\/td>\n<\/tr>\n<tr>\n<td width=\"356\">Crosstalk<\/td>\n<td width=\"90\">dB<\/td>\n<td width=\"368\">\u2264 -55<\/td>\n<\/tr>\n<tr>\n<td width=\"356\">Repeatability<\/td>\n<td width=\"90\">dB<\/td>\n<td width=\"368\">\u00b1 0.05<\/td>\n<\/tr>\n<tr>\n<td width=\"356\">Switch Time<\/td>\n<td width=\"90\">ms<\/td>\n<td width=\"368\">\u2264 10<\/td>\n<\/tr>\n<tr>\n<td width=\"356\">Return Loss<\/td>\n<td width=\"90\">dB<\/td>\n<td width=\"368\">\u2265 50<\/td>\n<\/tr>\n<\/tbody>\n<\/table>\n<p><strong><b>\u00a0<\/b><\/strong><\/p>\n<table>\n<tbody>\n<tr>\n<td colspan=\"3\" width=\"810\"><strong><b>General Characteristics<\/b><\/strong><\/td>\n<\/tr>\n<tr>\n<td width=\"354\"><strong><b>Parameter<\/b><\/strong><\/td>\n<td width=\"89\"><strong><b>Unit<\/b><\/strong><\/td>\n<td width=\"365\"><strong><b>Value<\/b><\/strong><\/td>\n<\/tr>\n<tr>\n<td width=\"354\">Power Supply<\/td>\n<td width=\"89\">pcs<\/td>\n<td width=\"365\">2 (1 default, 1 optional)<\/td>\n<\/tr>\n<tr>\n<td width=\"354\">Chassis Type<\/td>\n<td width=\"89\">&#8212;<\/td>\n<td width=\"365\">1U, 2U, 3U 19\u2019\u2019\u00a0Rack\u00a0Mounted<\/td>\n<\/tr>\n<tr>\n<td width=\"354\">AC\u00a0Input Voltage<\/td>\n<td width=\"89\">Vac<\/td>\n<td width=\"365\">90~132 or 176~264<\/td>\n<\/tr>\n<tr>\n<td width=\"354\">DC\u00a0Input Voltage<\/td>\n<td width=\"89\">Vdc<\/td>\n<td width=\"365\">36~\u00a072<\/td>\n<\/tr>\n<tr>\n<td width=\"354\">Power Consumption<\/td>\n<td width=\"89\">W<\/td>\n<td width=\"365\">\u226475<\/td>\n<\/tr>\n<tr>\n<td rowspan=\"2\" width=\"354\">Dimension (W x H x D)<\/td>\n<td width=\"89\">mm<\/td>\n<td width=\"365\">484*44*385 (1U)<\/td>\n<\/tr>\n<tr>\n<td width=\"89\">mm<\/td>\n<td width=\"365\">484*88*336\u00a0or\u00a0484*88*416 (2U)<\/td>\n<\/tr>\n<tr>\n<td width=\"354\">Operating Temperature Range<\/td>\n<td width=\"89\">\u00b0C<\/td>\n<td width=\"365\">-5~+60<\/td>\n<\/tr>\n<\/tbody>\n<\/table>\n<p>&nbsp;<\/p>\n<table>\n<tbody>\n<tr>\n<td colspan=\"2\" width=\"816\"><strong><b>Management Interface<\/b><\/strong><\/td>\n<\/tr>\n<tr>\n<td width=\"314\"><strong><b>Parameter<\/b><\/strong><\/td>\n<td width=\"502\"><strong><b>Value<\/b><\/strong><\/td>\n<\/tr>\n<tr>\n<td width=\"314\">Data Link Layer<\/td>\n<td width=\"502\">Ethernet 10\/100 Base-T<\/td>\n<\/tr>\n<tr>\n<td width=\"314\">Network Layer<\/td>\n<td width=\"502\">IPv4, ICMP<\/td>\n<\/tr>\n<tr>\n<td width=\"314\">Transport Layer<\/td>\n<td width=\"502\">UDP, TCP<\/td>\n<\/tr>\n<tr>\n<td width=\"314\">Application Layer<\/td>\n<td width=\"502\">SNMPv1\/v2c, DHCP, Web<\/td>\n<\/tr>\n<tr>\n<td width=\"314\">Connectors<\/td>\n<td width=\"502\">10\/100 Base-T<\/td>\n<\/tr>\n<tr>\n<td width=\"314\">Front Panel Management<\/td>\n<td width=\"502\">3.5\u201d 480 x 320 Color Touch Screen LCD for 2U and 3U<\/p>\n<p>2.4\u201d 320 x 240 Color Touch Screen LCD for 1U<\/td>\n<\/tr>\n<\/tbody>\n<\/table>\n<p><strong><b>\u00a0<\/b><\/strong><\/p>\n<table>\n<tbody>\n<tr>\n<td colspan=\"2\" width=\"811\"><strong><b>Control Mode<\/b><\/strong><\/td>\n<\/tr>\n<tr>\n<td width=\"312\"><strong><b>Parameter<\/b><\/strong><\/td>\n<td width=\"499\"><strong><b>Value<\/b><\/strong><\/td>\n<\/tr>\n<tr>\n<td rowspan=\"3\" width=\"312\">Stabilization Mode<\/td>\n<td width=\"499\">Pump Current<\/td>\n<\/tr>\n<tr>\n<td width=\"499\">Output Optical Power<\/td>\n<\/tr>\n<tr>\n<td width=\"499\">Optical Gain<\/td>\n<\/tr>\n<tr>\n<td width=\"312\">Automatic Pump Shutdown Mode<\/td>\n<td width=\"499\">Low Input Power (LOS)<\/td>\n<\/tr>\n<\/tbody>\n<\/table>\n<p>Welcome to send inquiry to our PL2000C XGS-PON CATV EDFA optical amplifier<\/p>\n<div class=\"premlink-pro-tech-highlight\" style=\"background: #fcfcfc; padding: 25px; border: 1px solid #e0e0e0; border-left: 6px solid #F9811C; margin-top: 35px; border-radius: 4px;\">\n<h2 style=\"font-size: 22px; margin-top: 0; color: #333;\">PL2000C: Advanced EDFA Optical Amplifier for XGS-PON<\/h2>\n<p style=\"color: #666; font-style: italic;\">A high-stability <strong>1550nm Erbium Doped Fiber Amplifier<\/strong> featuring an integrated optical switch for carrier-grade redundancy.<\/p>\n<ul style=\"line-height: 1.9; color: #444; font-size: 15px;\">\n<li><strong>Multi-PON Integration:<\/strong> Built-in WDM for <strong>1270\/1310\/1490\/1577nm<\/strong>, supporting both GPON and 10G XG(S)-PON coexistently.<\/li>\n<li><strong>Input Redundancy:<\/strong> Optional <strong>Optical Switch for 2 inputs<\/strong>, ensuring seamless transition and high network availability.<\/li>\n<li><strong>Precision Control:<\/strong> Features the industry-leading <strong>touchscreen GUI<\/strong> for real-time monitoring and APC\/AGC\/ACC stabilization modes.<\/li>\n<li><strong>Laser Safety:<\/strong> Equipped with a <strong>Back Reflection Power Meter<\/strong> and Automatic Pump Shutdown (LOS) to protect premium pump lasers.<\/li>\n<li><strong>Remote Management:<\/strong> Full <strong>SNMP managed PON EDFA<\/strong> capabilities with Web browser access for remote configuration.<\/li>\n<\/ul>\n<\/div>\n<div class=\"premlink-product-faq\" style=\"margin-top: 45px; border-top: 2px solid #eee; padding-top: 30px;\">\n<h2 style=\"font-size: 24px; color: #222; margin-bottom: 25px;\">Technical FAQ: EDFA Optical Amplifier<\/h2>\n<div class=\"faq-item\" style=\"margin-bottom: 25px;\">\n<h3 style=\"font-size: 18px; color: #f9811c; margin-bottom: 10px;\">Q1: What makes the PL2000C a reliable EDFA optical amplifier for FTTH networks?<\/h3>\n<p style=\"color: #444; line-height: 1.6;\"><strong>A:<\/strong> The PL2000C is a <strong>high-performance 1550nm EDFA<\/strong> that integrates XGS-PON WDM. Its <strong>low noise figure (\u22645.5dB)<\/strong> and dual-redundant power supplies make it ideal for delivering clear CATV signals across large-scale <strong>FTTx distribution networks<\/strong>.<\/p>\n<\/div>\n<div class=\"faq-item\" style=\"margin-bottom: 25px;\">\n<h3 style=\"font-size: 18px; color: #f9811c; margin-bottom: 10px;\">Q2: Does this amplifier support 10G-PON (XGS-PON) integration?<\/h3>\n<p style=\"color: #444; line-height: 1.6;\"><strong>A:<\/strong> Yes. This <strong>XGS-PON CATV EDFA optical amplifier<\/strong> is designed with internal WDM filters that pass 1270nm and 1577nm wavelengths. It allows seamless integration of 10G-PON data with 1550nm CATV signals on a single fiber.<\/p>\n<\/div>\n<div class=\"faq-item\" style=\"margin-bottom: 25px;\">\n<h3 style=\"font-size: 18px; color: #f9811c; margin-bottom: 10px;\">Q3: What is the benefit of the built-in Optical Switch?<\/h3>\n<p style=\"color: #444; line-height: 1.6;\"><strong>A:<\/strong> The optional <strong>2-input optical switch<\/strong> allows the EDFA to connect to two separate optical sources. If the primary input fails, it switches to the backup in <strong>\u226410ms<\/strong>, providing a robust redundancy solution for mission-critical video services.<\/p>\n<\/div>\n<div class=\"faq-item\" style=\"margin-bottom: 25px;\">\n<h3 style=\"font-size: 18px; color: #f9811c; margin-bottom: 10px;\">Q4: Can I monitor the back reflection power in real-time?<\/h3>\n<p style=\"color: #444; line-height: 1.6;\"><strong>A:<\/strong> Absolutely. The PL2000C includes a built-in <strong>Back Reflection Power Meter<\/strong>. You can view reflection levels on the <strong>touchscreen LCD<\/strong> or via <strong>SNMP TRAP<\/strong>, allowing you to identify fiber connector issues before they damage the amplifier.<\/p>\n<\/div>\n<\/div>\n<div class=\"premlink-selection-guide\" style=\"margin-top: 50px; padding: 20px; background-color: #fff9f4; border: 2px dashed #F9811C; border-radius: 12px; display: flex; align-items: center; gap: 20px;\">\n<div style=\"flex-shrink: 0; background: #F9811C; width: 50px; height: 50px; border-radius: 50%; display: flex; align-items: center; justify-content: center; color: white; font-size: 24px; font-weight: bold;\">!<\/div>\n<div>\n<h4>Expert Selection Tip for 1GHz\/1.2GHz Networks<\/h4>\n<p>If your project is a\u00a0<strong>dedicated CATV-only<\/strong>\u00a0deployment and\u00a0<strong>does not require<\/strong>\u00a0OLT (GPON\/XGSPON) signal integration, we recommend our<br \/>\n<a style=\"color: #f9811c; text-decoration: underline; font-weight: bold;\" href=\"https:\/\/www.premlink.net\/catv-edfa-eydfa\/\">High Power EDFA Series<\/a><br \/>\nfor maximum output efficiency and superior linearity in 1GHz\/1.2GHz HFC networks.<\/p>\n<\/div>\n<\/div>\n<p><script type=\"application\/ld+json\">\n[{\n  \"@context\": \"https:\/\/schema.org\/\",\n  \"@type\": \"Product\",\n  \"@id\": \"https:\/\/www.premlink.net\/product\/xgs-pon-catv-edfa-optical-amplifier\/#richSnippet\",\n  \"name\": \"PL2000C XGS-PON CATV EDFA Optical Amplifier\",\n  \"image\": \"https:\/\/www.premlink.net\/wp-content\/uploads\/2022\/09\/PL2000C-XGS-PON-EDFA.jpg\",\n  \"description\": \"Leading EDFA optical amplifier for XGS-PON & GPON. Features 1550nm EYDFA with WDM combiner, optical switch, and SNMP management.\",\n  \"brand\": {\"@type\": \"Brand\", \"name\": \"Premlink\"},\n  \"sku\": \"PL2000C-XGSPON-OPTICAL-AMP\",\n  \"offers\": {\n    \"@type\": \"Offer\",\n    \"url\": \"https:\/\/www.premlink.net\/product\/xgs-pon-catv-edfa-optical-amplifier\/\",\n    \"priceCurrency\": \"USD\",\n    \"price\": \"0.00\",\n    \"availability\": \"https:\/\/schema.org\/InStock\",\n    \"seller\": {\"@type\": \"Organization\", \"name\": \"Premlink Tech\"}\n  }\n},\n{\n  \"@context\": \"https:\/\/schema.org\",\n  \"@type\": \"FAQPage\",\n  \"mainEntity\": [\n    {\n      \"@type\": \"Question\",\n      \"name\": \"What is an EDFA optical amplifier for XGS-PON?\",\n      \"acceptedAnswer\": {\n        \"@type\": \"Answer\",\n        \"text\": \"It is an erbium-doped fiber amplifier that integrates WDM filters to combine 1550nm CATV with 1270\/1577nm XGS-PON data signals.\"\n      }\n    },\n    {\n      \"@type\": \"Question\",\n      \"name\": \"Does it have an optical switch?\",\n      \"acceptedAnswer\": {\n        \"@type\": \"Answer\",\n        \"text\": \"Yes, the PL2000C offers an optional 2-input optical switch for signal redundancy and network reliability.\"\n      }\n    }\n  ]\n}]\n<\/script><\/p>\n","protected":false},"excerpt":{"rendered":"<p><strong>Caract\u00e9ristiques principales<\/strong><br \/>\nUtilisation facile avec interface graphique tactile<br \/>\nPlage de puissance d&#039;entr\u00e9e optique -10 \u00e0 +10 dBm<br \/>\nPuissance de sortie r\u00e9glable : -10 \u00e0 +0,5 dBm<br \/>\nCapteur de puissance \u00e0 r\u00e9flexion arri\u00e8re int\u00e9gr\u00e9<br \/>\nR\u00e9glage du seuil des alarmes de surveillance<br \/>\nMise \u00e0 jour du firmware \u00e0 distance<br \/>\nGestion des traps SNMP et du Web<\/p>\n<p><strong>D\u00e9lai d'ex\u00e9cution<br \/>\n<\/strong>Le d\u00e9lai standard est le suivant ; pour les cas urgents, il est n\u00e9gociable.<\/p>\n<table>\n<tbody>\n<tr>\n<td>Quantit\u00e9 (PCS)<\/td>\n<td>1 ~\u00a02<\/td>\n<td>3\u00a0~\u00a010<\/td>\n<td>&gt; 10<\/td>\n<\/tr>\n<tr>\n<td>D\u00e9lai d'ex\u00e9cution (jours)<\/td>\n<td>5<\/td>\n<td>15<\/td>\n<td>A n\u00e9gocier<\/td>\n<\/tr>\n<\/tbody>\n<\/table>\n<p><strong>Achat d&#039;\u00e9chantillons<br \/>\n<\/strong>MOQ : 1 pi\u00e8ce<\/p>\n<p><strong>Personnalisation\u00a0<\/strong><br \/>\nLogos et \u00e9tiquettes personnalis\u00e9s<br \/>\nMOQ : 1 pi\u00e8ce<\/p>","protected":false},"featured_media":9765,"comment_status":"closed","ping_status":"closed","template":"","meta":{"site-sidebar-layout":"default","site-content-layout":"","ast-site-content-layout":"default","site-content-style":"default","site-sidebar-style":"default","ast-global-header-display":"","ast-banner-title-visibility":"","ast-main-header-display":"","ast-hfb-above-header-display":"","ast-hfb-below-header-display":"","ast-hfb-mobile-header-display":"","site-post-title":"","ast-breadcrumbs-content":"","ast-featured-img":"","footer-sml-layout":"","ast-disable-related-posts":"","theme-transparent-header-meta":"default","adv-header-id-meta":"","stick-header-meta":"default","header-above-stick-meta":"","header-main-stick-meta":"","header-below-stick-meta":"","astra-migrate-meta-layouts":"set","ast-page-background-enabled":"default","ast-page-background-meta":{"desktop":{"background-color":"var(--ast-global-color-4)","background-image":"","background-repeat":"repeat","background-position":"center center","background-size":"auto","background-attachment":"scroll","background-type":"","background-media":"","overlay-type":"","overlay-color":"","overlay-opacity":"","overlay-gradient":""},"tablet":{"background-color":"","background-image":"","background-repeat":"repeat","background-position":"center center","background-size":"auto","background-attachment":"scroll","background-type":"","background-media":"","overlay-type":"","overlay-color":"","overlay-opacity":"","overlay-gradient":""},"mobile":{"background-color":"","background-image":"","background-repeat":"repeat","background-position":"center center","background-size":"auto","background-attachment":"scroll","background-type":"","background-media":"","overlay-type":"","overlay-color":"","overlay-opacity":"","overlay-gradient":""}},"ast-content-background-meta":{"desktop":{"background-color":"var(--ast-global-color-5)","background-image":"","background-repeat":"repeat","background-position":"center center","background-size":"auto","background-attachment":"scroll","background-type":"","background-media":"","overlay-type":"","overlay-color":"","overlay-opacity":"","overlay-gradient":""},"tablet":{"background-color":"var(--ast-global-color-5)","background-image":"","background-repeat":"repeat","background-position":"center center","background-size":"auto","background-attachment":"scroll","background-type":"","background-media":"","overlay-type":"","overlay-color":"","overlay-opacity":"","overlay-gradient":""},"mobile":{"background-color":"var(--ast-global-color-5)","background-image":"","background-repeat":"repeat","background-position":"center center","background-size":"auto","background-attachment":"scroll","background-type":"","background-media":"","overlay-type":"","overlay-color":"","overlay-opacity":"","overlay-gradient":""}}},"product_brand":[],"product_cat":[3],"product_tag":[],"class_list":{"0":"post-1949","1":"product","2":"type-product","3":"status-publish","4":"has-post-thumbnail","6":"product_cat-pon-edfa-eydfa","7":"desktop-align-center","8":"tablet-align-left","9":"mobile-align-left","10":"ast-product-gallery-layout-horizontal-slider","11":"ast-product-tabs-layout-horizontal","13":"first","14":"instock","15":"featured","16":"shipping-taxable","17":"product-type-simple"},"_links":{"self":[{"href":"https:\/\/www.premlink.net\/fr\/wp-json\/wp\/v2\/product\/1949","targetHints":{"allow":["GET"]}}],"collection":[{"href":"https:\/\/www.premlink.net\/fr\/wp-json\/wp\/v2\/product"}],"about":[{"href":"https:\/\/www.premlink.net\/fr\/wp-json\/wp\/v2\/types\/product"}],"replies":[{"embeddable":true,"href":"https:\/\/www.premlink.net\/fr\/wp-json\/wp\/v2\/comments?post=1949"}],"version-history":[{"count":0,"href":"https:\/\/www.premlink.net\/fr\/wp-json\/wp\/v2\/product\/1949\/revisions"}],"wp:featuredmedia":[{"embeddable":true,"href":"https:\/\/www.premlink.net\/fr\/wp-json\/wp\/v2\/media\/9765"}],"wp:attachment":[{"href":"https:\/\/www.premlink.net\/fr\/wp-json\/wp\/v2\/media?parent=1949"}],"wp:term":[{"taxonomy":"product_brand","embeddable":true,"href":"https:\/\/www.premlink.net\/fr\/wp-json\/wp\/v2\/product_brand?post=1949"},{"taxonomy":"product_cat","embeddable":true,"href":"https:\/\/www.premlink.net\/fr\/wp-json\/wp\/v2\/product_cat?post=1949"},{"taxonomy":"product_tag","embeddable":true,"href":"https:\/\/www.premlink.net\/fr\/wp-json\/wp\/v2\/product_tag?post=1949"}],"curies":[{"name":"wp","href":"https:\/\/api.w.org\/{rel}","templated":true}]}}