{"id":1138,"date":"2022-09-27T14:49:42","date_gmt":"2022-09-27T06:49:42","guid":{"rendered":"https:\/\/www.premlink.net\/?post_type=product&#038;p=1138"},"modified":"2024-10-10T15:04:51","modified_gmt":"2024-10-10T07:04:51","slug":"noeud-recepteur-optique","status":"publish","type":"product","link":"https:\/\/www.premlink.net\/fr\/product\/optical-receiver-node\/","title":{"rendered":"R\u00e9cepteur optique FTTH PL200A-1"},"content":{"rendered":"<p>Le n\u0153ud r\u00e9cepteur optique FTTH PL200A-1 est un mini-n\u0153ud classique. Il utilise un tube convertisseur optique \u00e0 haut rendement et un circuit int\u00e9gr\u00e9 amplificateur MMIC \u00e0 faible bruit pour garantir d&#039;excellentes performances apr\u00e8s amplification et r\u00e9glages. L&#039;ajout d&#039;un \u00e9tage d&#039;amplification suppl\u00e9mentaire porte le niveau de sortie \u00e0 90 dBuV, le rendant ainsi adapt\u00e9 aux applications FTTB. Sa grande fiabilit\u00e9 lui assure une longue dur\u00e9e de vie.<\/p>\n<p>Diagramme fonctionnel<\/p>\n<figure id=\"attachment_10051\" aria-describedby=\"caption-attachment-10051\" style=\"width: 819px\" class=\"wp-caption aligncenter\"><img fetchpriority=\"high\" decoding=\"async\" class=\"wp-image-10051\" src=\"https:\/\/www.premlink.net\/wp-content\/uploads\/2022\/10\/CATV-Optical-Receiver-Block-Diagram.png\" alt=\"Sch\u00e9ma fonctionnel d&#039;un r\u00e9cepteur optique CATV\" width=\"819\" height=\"205\" srcset=\"https:\/\/www.premlink.net\/wp-content\/uploads\/2022\/10\/CATV-Optical-Receiver-Block-Diagram.png 951w, https:\/\/www.premlink.net\/wp-content\/uploads\/2022\/10\/CATV-Optical-Receiver-Block-Diagram-500x125.png 500w, https:\/\/www.premlink.net\/wp-content\/uploads\/2022\/10\/CATV-Optical-Receiver-Block-Diagram-800x200.png 800w, https:\/\/www.premlink.net\/wp-content\/uploads\/2022\/10\/CATV-Optical-Receiver-Block-Diagram-300x75.png 300w, https:\/\/www.premlink.net\/wp-content\/uploads\/2022\/10\/CATV-Optical-Receiver-Block-Diagram-768x192.png 768w\" sizes=\"(max-width: 819px) 100vw, 819px\" \/><figcaption id=\"caption-attachment-10051\" class=\"wp-caption-text\">Sch\u00e9ma fonctionnel du n\u0153ud r\u00e9cepteur optique FTTH PL200A-1<\/figcaption><\/figure>\n<p><em><strong>Sp\u00e9cifications<\/strong><\/em><\/p>\n<p><strong><b>Caract\u00e9ristiques optiques<\/b><\/strong><\/p>\n<table>\n<tbody>\n<tr>\n<td width=\"279\"><strong><b>Param\u00e8tres<\/b><\/strong><\/td>\n<td width=\"70\"><strong><b>Unit\u00e9<\/b><\/strong><\/td>\n<td width=\"289\"><strong><b>Valeur<\/b><\/strong><\/td>\n<\/tr>\n<tr>\n<td width=\"279\">Longueur d&#039;onde optique CATV<\/td>\n<td width=\"70\">nm<\/td>\n<td width=\"289\">1100~1650<\/td>\n<\/tr>\n<tr>\n<td width=\"279\">Gamme AGC<\/td>\n<td width=\"70\">dBm<\/td>\n<td width=\"289\">-7~0<\/td>\n<\/tr>\n<tr>\n<td width=\"279\">Perte de retour optique<\/td>\n<td width=\"70\">dB<\/td>\n<td width=\"289\">\u226545<\/td>\n<\/tr>\n<tr>\n<td width=\"279\">Type de fibre optique<\/td>\n<td width=\"70\">\u2014<\/td>\n<td width=\"289\">SM<\/td>\n<\/tr>\n<tr>\n<td width=\"279\">Type de connecteur<\/td>\n<td width=\"70\">\u2014<\/td>\n<td width=\"289\">FC, SC ou LC<\/td>\n<\/tr>\n<\/tbody>\n<\/table>\n<p><strong><b>Caract\u00e9ristiques RF<\/b><\/strong><\/p>\n<table>\n<tbody>\n<tr>\n<td width=\"278\"><strong><b>Param\u00e8tres<\/b><\/strong><\/td>\n<td width=\"70\"><strong><b>Unit\u00e9<\/b><\/strong><\/td>\n<td width=\"287\"><strong><b>Valeur<\/b><\/strong><\/td>\n<\/tr>\n<tr>\n<td width=\"278\">Gamme de fr\u00e9quences<\/td>\n<td width=\"70\">MHz<\/td>\n<td width=\"287\">47~1002<\/td>\n<\/tr>\n<tr>\n<td width=\"278\">Platitude<\/td>\n<td width=\"70\">dB<\/td>\n<td width=\"287\">\u00b10,75<\/td>\n<\/tr>\n<tr>\n<td width=\"278\">Imp\u00e9dance de sortie<\/td>\n<td width=\"70\">\u03a9<\/td>\n<td width=\"287\">75<\/td>\n<\/tr>\n<tr>\n<td width=\"278\">Perte de retour RF<\/td>\n<td width=\"70\">dB<\/td>\n<td width=\"287\">\u226514<\/td>\n<\/tr>\n<tr>\n<td width=\"278\">Stabilit\u00e9 de la sortie RF dans la plage AGC<\/td>\n<td width=\"70\">dB<\/td>\n<td width=\"287\">\u00b11,0<\/td>\n<\/tr>\n<tr>\n<td width=\"278\">Niveau de sortie RF<\/td>\n<td width=\"70\">dB\u03bcV<\/td>\n<td width=\"287\">76\u00b11 ou 86\u00b11<\/td>\n<\/tr>\n<tr>\n<td width=\"278\">ATT r\u00e9glable<\/td>\n<td width=\"70\">dB<\/td>\n<td width=\"287\">-10~0<\/td>\n<\/tr>\n<tr>\n<td width=\"278\">Ports de sortie<\/td>\n<td width=\"70\">\u2014<\/td>\n<td width=\"287\">1<\/td>\n<\/tr>\n<tr>\n<td width=\"278\">CTB<\/td>\n<td width=\"70\">dBc<\/td>\n<td width=\"287\">\u226563<\/td>\n<\/tr>\n<tr>\n<td width=\"278\">OSC<\/td>\n<td width=\"70\">dBc<\/td>\n<td width=\"287\">\u226563<\/td>\n<\/tr>\n<tr>\n<td width=\"278\">C\/N<\/td>\n<td width=\"70\">dBc<\/td>\n<td width=\"287\">\u226550<\/td>\n<\/tr>\n<\/tbody>\n<\/table>\n<p>1.Condition de test : OMI=3.5%, puissance d&#039;entr\u00e9e optique \u00e0 -1dBm, sortie de signal 98chs, au-dessus de 550 MHz \u00e0 un d\u00e9calage de -10dB.<\/p>\n<p><strong><b>Autres<\/b><\/strong><\/p>\n<table>\n<tbody>\n<tr>\n<td width=\"278\"><strong><b>Param\u00e8tres<\/b><\/strong><\/td>\n<td width=\"73\"><strong><b>Unit\u00e9<\/b><\/strong><\/td>\n<td width=\"289\"><strong><b>Valeur<\/b><\/strong><\/td>\n<\/tr>\n<tr>\n<td width=\"278\">Tension de fonctionnement (alimentation externe)<\/td>\n<td width=\"73\">VDC<\/td>\n<td width=\"289\">9<\/td>\n<\/tr>\n<tr>\n<td width=\"278\">Poids sans alimentation<\/td>\n<td width=\"73\">kg<\/td>\n<td width=\"289\">0.2<\/td>\n<\/tr>\n<tr>\n<td width=\"278\">Consommation \u00e9lectrique<\/td>\n<td width=\"73\">W<\/td>\n<td width=\"289\">2.5<\/td>\n<\/tr>\n<tr>\n<td width=\"278\">Connecteur de sortie<\/td>\n<td width=\"73\">\u2014<\/td>\n<td width=\"289\">F<\/td>\n<\/tr>\n<tr>\n<td width=\"278\">Temp\u00e9rature de fonctionnement<\/td>\n<td width=\"73\">\u2103<\/td>\n<td width=\"289\">-10~+50<\/td>\n<\/tr>\n<tr>\n<td width=\"278\">Dimension (L*l*H)<\/td>\n<td width=\"73\">mm<\/td>\n<td width=\"289\">138*100*27.5<\/td>\n<\/tr>\n<\/tbody>\n<\/table>\n<p><span style=\"font-size: 1.3em; font-weight: bold;\">Bienvenue pour toute demande concernant le n\u0153ud r\u00e9cepteur optique FTTH PL200A-1<\/span><\/p>","protected":false},"excerpt":{"rendered":"<p><strong>Caract\u00e9ristiques principales<\/strong><br \/>\nPlage de contr\u00f4le automatique du gain (CAG)\u00a0: -7 \u00e0 0\u00a0dBm<br \/>\natt\u00e9nuateur r\u00e9glable<br \/>\nAffichage \u00e0 indicateur optique<br \/>\nExcellentes performances en mati\u00e8re de non-lin\u00e9arit\u00e9<br \/>\nAdaptateur secteur externe<\/p>\n<p><strong>D\u00e9lai d'ex\u00e9cution<br \/>\n<\/strong>Le d\u00e9lai standard est le suivant ; pour les cas urgents, il est n\u00e9gociable.<\/p>\n<table>\n<tbody>\n<tr>\n<td>Quantit\u00e9 (PCS)<\/td>\n<td>100<\/td>\n<td>5K<\/td>\n<td>&gt; 5K<\/td>\n<\/tr>\n<tr>\n<td>D\u00e9lai d'ex\u00e9cution (jours)<\/td>\n<td>15<\/td>\n<td>25<\/td>\n<td>A n\u00e9gocier<\/td>\n<\/tr>\n<\/tbody>\n<\/table>\n<p><strong>Achat d&#039;\u00e9chantillons<br \/>\n<\/strong>MOQ : 1 pi\u00e8ce<\/p>\n<p><strong>Personnalisation\u00a0<\/strong><br \/>\nLogo temporaire personnalis\u00e9 \/ \u00e9tiquettes<br \/>\nMOQ : 1 pi\u00e8ce<\/p>","protected":false},"featured_media":10056,"comment_status":"closed","ping_status":"closed","template":"","meta":{"site-sidebar-layout":"default","site-content-layout":"","ast-site-content-layout":"default","site-content-style":"default","site-sidebar-style":"default","ast-global-header-display":"","ast-banner-title-visibility":"","ast-main-header-display":"","ast-hfb-above-header-display":"","ast-hfb-below-header-display":"","ast-hfb-mobile-header-display":"","site-post-title":"","ast-breadcrumbs-content":"","ast-featured-img":"","footer-sml-layout":"","ast-disable-related-posts":"","theme-transparent-header-meta":"default","adv-header-id-meta":"","stick-header-meta":"default","header-above-stick-meta":"","header-main-stick-meta":"","header-below-stick-meta":"","astra-migrate-meta-layouts":"set","ast-page-background-enabled":"default","ast-page-background-meta":{"desktop":{"background-color":"var(--ast-global-color-4)","background-image":"","background-repeat":"repeat","background-position":"center center","background-size":"auto","background-attachment":"scroll","background-type":"","background-media":"","overlay-type":"","overlay-color":"","overlay-opacity":"","overlay-gradient":""},"tablet":{"background-color":"","background-image":"","background-repeat":"repeat","background-position":"center center","background-size":"auto","background-attachment":"scroll","background-type":"","background-media":"","overlay-type":"","overlay-color":"","overlay-opacity":"","overlay-gradient":""},"mobile":{"background-color":"","background-image":"","background-repeat":"repeat","background-position":"center center","background-size":"auto","background-attachment":"scroll","background-type":"","background-media":"","overlay-type":"","overlay-color":"","overlay-opacity":"","overlay-gradient":""}},"ast-content-background-meta":{"desktop":{"background-color":"var(--ast-global-color-5)","background-image":"","background-repeat":"repeat","background-position":"center center","background-size":"auto","background-attachment":"scroll","background-type":"","background-media":"","overlay-type":"","overlay-color":"","overlay-opacity":"","overlay-gradient":""},"tablet":{"background-color":"var(--ast-global-color-5)","background-image":"","background-repeat":"repeat","background-position":"center center","background-size":"auto","background-attachment":"scroll","background-type":"","background-media":"","overlay-type":"","overlay-color":"","overlay-opacity":"","overlay-gradient":""},"mobile":{"background-color":"var(--ast-global-color-5)","background-image":"","background-repeat":"repeat","background-position":"center center","background-size":"auto","background-attachment":"scroll","background-type":"","background-media":"","overlay-type":"","overlay-color":"","overlay-opacity":"","overlay-gradient":""}}},"product_brand":[],"product_cat":[4],"product_tag":[],"class_list":{"0":"post-1138","1":"product","2":"type-product","3":"status-publish","4":"has-post-thumbnail","6":"product_cat-optical-receiver","7":"desktop-align-center","8":"tablet-align-left","9":"mobile-align-left","10":"ast-product-gallery-layout-horizontal-slider","11":"ast-product-tabs-layout-horizontal","13":"first","14":"instock","15":"shipping-taxable","16":"product-type-simple"},"_links":{"self":[{"href":"https:\/\/www.premlink.net\/fr\/wp-json\/wp\/v2\/product\/1138","targetHints":{"allow":["GET"]}}],"collection":[{"href":"https:\/\/www.premlink.net\/fr\/wp-json\/wp\/v2\/product"}],"about":[{"href":"https:\/\/www.premlink.net\/fr\/wp-json\/wp\/v2\/types\/product"}],"replies":[{"embeddable":true,"href":"https:\/\/www.premlink.net\/fr\/wp-json\/wp\/v2\/comments?post=1138"}],"version-history":[{"count":0,"href":"https:\/\/www.premlink.net\/fr\/wp-json\/wp\/v2\/product\/1138\/revisions"}],"wp:featuredmedia":[{"embeddable":true,"href":"https:\/\/www.premlink.net\/fr\/wp-json\/wp\/v2\/media\/10056"}],"wp:attachment":[{"href":"https:\/\/www.premlink.net\/fr\/wp-json\/wp\/v2\/media?parent=1138"}],"wp:term":[{"taxonomy":"product_brand","embeddable":true,"href":"https:\/\/www.premlink.net\/fr\/wp-json\/wp\/v2\/product_brand?post=1138"},{"taxonomy":"product_cat","embeddable":true,"href":"https:\/\/www.premlink.net\/fr\/wp-json\/wp\/v2\/product_cat?post=1138"},{"taxonomy":"product_tag","embeddable":true,"href":"https:\/\/www.premlink.net\/fr\/wp-json\/wp\/v2\/product_tag?post=1138"}],"curies":[{"name":"wp","href":"https:\/\/api.w.org\/{rel}","templated":true}]}}