{"id":3,"date":"2020-05-21T13:00:23","date_gmt":"2020-05-21T13:00:23","guid":{"rendered":"https:\/\/themes.muffingroup.com\/be\/grocery2_el\/?page_id=3"},"modified":"2026-04-20T13:17:39","modified_gmt":"2026-04-20T05:17:39","slug":"politique-de-confidentialite-de-premlink","status":"publish","type":"page","link":"https:\/\/www.premlink.net\/fr\/premlink-privacy-policy\/","title":{"rendered":"Politique de confidentialit\u00e9 de Premlink"},"content":{"rendered":"<h2 class=\"wp-block-heading\">Politique de confidentialit\u00e9 de Premlink<\/h2>\n\n\n\n<h2 class=\"wp-block-heading\"><strong>1. Port\u00e9e de la politique de confidentialit\u00e9 de Premlink<\/strong><\/h2>\n\n\n\n<p>Bienvenue sur le site officiel <strong>politique de confidentialit\u00e9<\/strong> page. \u00c0 <strong>LienPr\u00e9liminaire<\/strong> (<a href=\"https:\/\/www.premlink.net\/fr\/\" target=\"_blank\" rel=\"noreferrer noopener\">https:\/\/www.premlink.net<\/a>), nous accordons la priorit\u00e9 \u00e0 la s\u00e9curit\u00e9 de vos donn\u00e9es d&#039;entreprise. <strong>politique de confidentialit\u00e9<\/strong> s&#039;applique \u00e0 tous les visiteurs qui se renseignent sur notre <strong>R\u00e9cepteur optique EDFA, EYDFA et FTTH<\/strong> solutions. En utilisant notre site web, vous consentez aux pratiques relatives aux donn\u00e9es d\u00e9crites dans ce document. <strong>politique de confidentialit\u00e9<\/strong>.<\/p>\n\n\n\n<h2 class=\"wp-block-heading\"><strong>2. Informations collect\u00e9es en vertu de la politique de confidentialit\u00e9<\/strong><\/h2>\n\n\n\n<p>Dans le cadre de <strong>Politique de confidentialit\u00e9 de Premlink<\/strong>, nous recueillons des informations sp\u00e9cifiques afin de fournir des services B2B professionnels\u00a0:<\/p>\n\n\n\n<ul class=\"wp-block-list\">\n<li><strong>Coordonn\u00e9es de contact :<\/strong> Lors de la demande de devis pour <strong><a href=\"https:\/\/www.premlink.net\/fr\/catv-edfa-eydfa\/\">CATV EDFA<\/a><\/strong> ou <strong>XGSPON EYDFA<\/strong>, Votre nom et votre adresse e-mail sont prot\u00e9g\u00e9s.<\/li>\n\n\n\n<li><strong>Sp\u00e9cifications techniques :<\/strong> Informations concernant votre <strong>R\u00e9seau FTTH<\/strong> Les exigences sont g\u00e9r\u00e9es en toute s\u00e9curit\u00e9 dans le cadre de ce <strong>politique de confidentialit\u00e9<\/strong>.<\/li>\n\n\n\n<li><strong>Donn\u00e9es du navigateur\u00a0:<\/strong> Nous collectons les adresses IP afin d&#039;optimiser le <strong>LienPr\u00e9liminaire<\/strong> exp\u00e9rience utilisateur, telle que d\u00e9crite dans notre <strong>politique de confidentialit\u00e9<\/strong>.<\/li>\n<\/ul>\n\n\n\n<h2 class=\"wp-block-heading\"><strong>3. Utilisation des donn\u00e9es conform\u00e9ment \u00e0 la politique de confidentialit\u00e9 de Premlink<\/strong><\/h2>\n\n\n\n<p>Le <strong>Politique de confidentialit\u00e9 de Premlink<\/strong> garantit que vos donn\u00e9es ne sont utilis\u00e9es que pour\u00a0:<\/p>\n\n\n\n<ul class=\"wp-block-list\">\n<li>Fournir un soutien technique pour <strong>1550 nm <a href=\"https:\/\/en.wikipedia.org\/wiki\/Wavelength-division_multiplexing\" target=\"_blank\" rel=\"noopener\">WDM<\/a> mini-n\u0153ud et r\u00e9cepteurs optiques<\/strong> et <strong>Solutions int\u00e9gr\u00e9es WDM<\/strong>.<\/li>\n\n\n\n<li>Traitement des demandes de prix pour <strong>LienPr\u00e9liminaire<\/strong>\u2018sp\u00e9cialis\u00e9 <strong>amplificateurs \u00e0 fibre optique<\/strong>.<\/li>\n\n\n\n<li>Am\u00e9liorer la s\u00e9curit\u00e9 et les performances de <strong>LienPr\u00e9liminaire<\/strong> la plateforme num\u00e9rique en accord avec la <strong>politique de confidentialit\u00e9<\/strong>.<\/li>\n<\/ul>\n\n\n\n<h2 class=\"wp-block-heading\"><strong>4. Politique de confidentialit\u00e9 de Premlink relative \u00e0 la conservation des donn\u00e9es<\/strong><\/h2>\n\n\n\n<p>Sous le <strong>Politique de confidentialit\u00e9 de Premlink<\/strong>, Nous ne conservons les donn\u00e9es relatives aux demandes commerciales que le temps n\u00e9cessaire pour honorer nos engagements en mati\u00e8re de cha\u00eene d&#039;approvisionnement. <strong>politique de confidentialit\u00e9<\/strong> Nous garantissons que nous ne vendons pas vos donn\u00e9es \u00e0 des tiers. <strong>LienPr\u00e9liminaire<\/strong> Le client a le droit de demander la suppression de ses donn\u00e9es conform\u00e9ment aux directives en vigueur. <strong>politique de confidentialit\u00e9<\/strong>.<\/p>\n\n\n\n<h2 class=\"wp-block-heading\"><strong>5. Mesures de s\u00e9curit\u00e9 dans la politique de confidentialit\u00e9 de Premlink<\/strong><\/h2>\n\n\n\n<p>La s\u00e9curit\u00e9 est une pierre angulaire de la <strong>politique de confidentialit\u00e9<\/strong>. Nous utilisons le cryptage SSL pour prot\u00e9ger chaque transaction et chaque requ\u00eate. <strong>politique de confidentialit\u00e9<\/strong> est r\u00e9guli\u00e8rement mise \u00e0 jour pour r\u00e9pondre aux normes internationales de protection des donn\u00e9es, garantissant ainsi votre <strong>r\u00e9seau de t\u00e9l\u00e9vision par c\u00e2ble<\/strong> Les donn\u00e9es commerciales restent confidentielles.<\/p>\n\n\n\n<h2 class=\"wp-block-heading\"><strong>6. Nous contacter concernant la politique de confidentialit\u00e9<\/strong><\/h2>\n\n\n\n<p>Si vous avez des questions concernant <strong>politique de confidentialit\u00e9<\/strong> ou notre <strong>Produits FTTH\/CATV<\/strong>, veuillez contacter le <strong>LienPr\u00e9liminaire<\/strong> l&#039;\u00e9quipe directement via notre site web. <strong>politique de confidentialit\u00e9<\/strong> a \u00e9t\u00e9 mise \u00e0 jour pour la derni\u00e8re fois afin de garantir sa pleine conformit\u00e9 avec la r\u00e9glementation du commerce international B2B.<\/p>","protected":false},"excerpt":{"rendered":"<p>Premlink Privacy Policy 1. Scope of Premlink Privacy Policy Welcome to the official Privacy Policy page. At Premlink (https:\/\/www.premlink.net), we [&hellip;]<\/p>\n","protected":false},"author":1,"featured_media":397,"parent":0,"menu_order":0,"comment_status":"closed","ping_status":"open","template":"","meta":{"site-sidebar-layout":"default","site-content-layout":"","ast-site-content-layout":"default","site-content-style":"default","site-sidebar-style":"default","ast-global-header-display":"","ast-banner-title-visibility":"","ast-main-header-display":"","ast-hfb-above-header-display":"","ast-hfb-below-header-display":"","ast-hfb-mobile-header-display":"","site-post-title":"","ast-breadcrumbs-content":"","ast-featured-img":"","footer-sml-layout":"","ast-disable-related-posts":"","theme-transparent-header-meta":"","adv-header-id-meta":"","stick-header-meta":"","header-above-stick-meta":"","header-main-stick-meta":"","header-below-stick-meta":"","astra-migrate-meta-layouts":"default","ast-page-background-enabled":"default","ast-page-background-meta":{"desktop":{"background-color":"var(--ast-global-color-4)","background-image":"","background-repeat":"repeat","background-position":"center center","background-size":"auto","background-attachment":"scroll","background-type":"","background-media":"","overlay-type":"","overlay-color":"","overlay-opacity":"","overlay-gradient":""},"tablet":{"background-color":"","background-image":"","background-repeat":"repeat","background-position":"center center","background-size":"auto","background-attachment":"scroll","background-type":"","background-media":"","overlay-type":"","overlay-color":"","overlay-opacity":"","overlay-gradient":""},"mobile":{"background-color":"","background-image":"","background-repeat":"repeat","background-position":"center center","background-size":"auto","background-attachment":"scroll","background-type":"","background-media":"","overlay-type":"","overlay-color":"","overlay-opacity":"","overlay-gradient":""}},"ast-content-background-meta":{"desktop":{"background-color":"var(--ast-global-color-5)","background-image":"","background-repeat":"repeat","background-position":"center center","background-size":"auto","background-attachment":"scroll","background-type":"","background-media":"","overlay-type":"","overlay-color":"","overlay-opacity":"","overlay-gradient":""},"tablet":{"background-color":"var(--ast-global-color-5)","background-image":"","background-repeat":"repeat","background-position":"center center","background-size":"auto","background-attachment":"scroll","background-type":"","background-media":"","overlay-type":"","overlay-color":"","overlay-opacity":"","overlay-gradient":""},"mobile":{"background-color":"var(--ast-global-color-5)","background-image":"","background-repeat":"repeat","background-position":"center center","background-size":"auto","background-attachment":"scroll","background-type":"","background-media":"","overlay-type":"","overlay-color":"","overlay-opacity":"","overlay-gradient":""}},"footnotes":""},"class_list":["post-3","page","type-page","status-publish","has-post-thumbnail","hentry"],"_links":{"self":[{"href":"https:\/\/www.premlink.net\/fr\/wp-json\/wp\/v2\/pages\/3","targetHints":{"allow":["GET"]}}],"collection":[{"href":"https:\/\/www.premlink.net\/fr\/wp-json\/wp\/v2\/pages"}],"about":[{"href":"https:\/\/www.premlink.net\/fr\/wp-json\/wp\/v2\/types\/page"}],"author":[{"embeddable":true,"href":"https:\/\/www.premlink.net\/fr\/wp-json\/wp\/v2\/users\/1"}],"replies":[{"embeddable":true,"href":"https:\/\/www.premlink.net\/fr\/wp-json\/wp\/v2\/comments?post=3"}],"version-history":[{"count":3,"href":"https:\/\/www.premlink.net\/fr\/wp-json\/wp\/v2\/pages\/3\/revisions"}],"predecessor-version":[{"id":17499,"href":"https:\/\/www.premlink.net\/fr\/wp-json\/wp\/v2\/pages\/3\/revisions\/17499"}],"wp:featuredmedia":[{"embeddable":true,"href":"https:\/\/www.premlink.net\/fr\/wp-json\/wp\/v2\/media\/397"}],"wp:attachment":[{"href":"https:\/\/www.premlink.net\/fr\/wp-json\/wp\/v2\/media?parent=3"}],"curies":[{"name":"wp","href":"https:\/\/api.w.org\/{rel}","templated":true}]}}