{"id":2326,"date":"2023-02-08T13:29:20","date_gmt":"2023-02-08T05:29:20","guid":{"rendered":"https:\/\/www.premlink.net\/?post_type=product&#038;p=2326"},"modified":"2026-04-23T12:43:48","modified_gmt":"2026-04-23T04:43:48","slug":"puerta-de-enlace-domestica-pl1104x-xgpon","status":"publish","type":"product","link":"https:\/\/www.premlink.net\/es\/product\/pl1104x-xgpon-home-gateway\/","title":{"rendered":"PL1104X XGPON Puerta de enlace dom\u00e9stica"},"content":{"rendered":"<p>El gateway dom\u00e9stico PL1104X XGPON es un valioso dispositivo de acceso integrado para la pr\u00f3xima generaci\u00f3n de redes dom\u00e9sticas inteligentes y soluciones de acceso totalmente \u00f3pticas. Nuestro gateway dom\u00e9stico XGPON es un terminal dom\u00e9stico que combina XGPON, VoIP y WiFi 6 de alta velocidad. Puede utilizarse como centro de control y acceso multiservicio para el hogar, proporcionando a los usuarios acceso a Internet de alta velocidad, servicios de llamadas de voz y WiFi.<\/p>\n<p><strong><b>Funciones de puerta de enlace dom\u00e9stica XGPON PL1104X<\/b><\/strong><\/p>\n<p><strong><b>\u2013<\/b><\/strong><strong><b>XGPON<\/b><\/strong><\/p>\n<ul>\n<li>XGPON, compatible con ITU-T G.987, 9,98328G de bajada y 2,48832G de subida;<\/li>\n<li>Se proporcionan funciones de procesamiento de servicios tales como gesti\u00f3n de tr\u00e1fico, QoS, multidifusi\u00f3n, cifrado y descifrado, clasificaci\u00f3n de flujo de servicio, puenteo, NAT\/NAPT y procesamiento de puerta de enlace;<\/li>\n<li>Admite multidifusi\u00f3n L2\/L3 y conversi\u00f3n de VLAN;<\/li>\n<li>Admite tramas jumbo de 16 KB<\/li>\n<\/ul>\n<p><strong><b>\u2013<\/b><\/strong><strong><b>WiFi<\/b><\/strong><\/p>\n<ul>\n<li>Protocolo WiFi: <a href=\"https:\/\/en.wikipedia.org\/wiki\/IEEE_802.11\" target=\"_blank\" rel=\"noopener\">IEEE 802.11b\/G\/N\/AC\/AX<\/a>;<\/li>\n<li>Potencia de transmisi\u00f3n en la banda de 4 GHz (incluida la ganancia de la antena): valor predeterminado de 100 mW, rango ajustable de 20 a 100 mW, ajustable en porcentaje hasta 100 mW;<\/li>\n<li>Potencia de transmisi\u00f3n en la banda de 5 GHz (incluida la ganancia de la antena): valor predeterminado de 200 mW, rango ajustable de 40 a 200 mW, ajustable en porcentaje hasta 200 mW;<\/li>\n<li>Regulaci\u00f3n autom\u00e1tica de tarifas;<\/li>\n<li>Reconocer cu\u00e1ndo la estaci\u00f3n (STA) est\u00e1 en estado de ahorro de energ\u00eda, almacenar en cach\u00e9 los datos relevantes, despertar la estaci\u00f3n con una trama Beacon y enviar los datos almacenados en cach\u00e9;<\/li>\n<li>Opcionalmente, admite la configuraci\u00f3n del intervalo de env\u00edo de tramas Beacon y del intervalo DTIM;<\/li>\n<li>Admite MIMO de doble antena (2*2) externa de 4 piezas, ganancia de antena: 5 dBi;<\/li>\n<li>4G 11n 2X2 con una potencia de transmisi\u00f3n no superior a 100 mW y una cobertura de \u00e1rea abierta de m\u00e1s de 100 m. La tasa de acceso real a 100 m no es inferior a 10% del rendimiento de WLAN y al menos 10 Mbps si 10% del rendimiento es inferior a 10 Mbps;<\/li>\n<li>5G 11ac 2X2 con una potencia de transmisi\u00f3n no superior a 200 mW y una cobertura de \u00e1rea abierta de m\u00e1s de 100 m. La tasa de acceso real a 100 m no es inferior a 10% del rendimiento de la WLAN. Y al menos 10 Mbps si 10% del rendimiento es inferior a 10 Mbps;<\/li>\n<li>La red WLAN deber\u00e1 poder penetrar una pared de hormig\u00f3n armado o dos paredes de ladrillo com\u00fan (hormig\u00f3n no armado), y la velocidad de acceso real no deber\u00e1 ser inferior a 10% del rendimiento de la red WLAN. Cuando el rendimiento sea inferior a 10 Mbps, deber\u00e1 alcanzar al menos 10 Mbps.<\/li>\n<\/ul>\n<p><strong><b>\u2013<\/b><\/strong><strong><b>Interfaz de voz<\/b><\/strong><\/p>\n<ul>\n<li>Admite el procesamiento de una voz;<\/li>\n<li>Admite la generaci\u00f3n de varios tonos de aviso;<\/li>\n<li>Admite la codificaci\u00f3n y decodificaci\u00f3n de G.711, G.722, G.729, T38, etc.;<\/li>\n<li>Admite la funci\u00f3n FoIP;<\/li>\n<li>Admite la funci\u00f3n VBD (Voice Band Data) de fax\/m\u00f3dem;<\/li>\n<li>Se admiten funciones como la supresi\u00f3n de eco, la detecci\u00f3n de actividad de voz, el ruido de fondo confortable y la compensaci\u00f3n de trama de voz;<\/li>\n<li>Ofrecer soporte para las funciones de estad\u00edsticas de VoIP y diagn\u00f3stico de fallos;<\/li>\n<li>El modo de c\u00f3dec VoIP se puede configurar por separado para cada ruta POTS, y se puede configurar el orden de prioridad del c\u00f3dec y el intervalo de empaquetado;<\/li>\n<li>Admite las funciones de detecci\u00f3n, generaci\u00f3n, transmisi\u00f3n y recuperaci\u00f3n de DTMF;<\/li>\n<li>Generaci\u00f3n de FSK de soporte con funci\u00f3n de visualizaci\u00f3n del n\u00famero de llamada;<\/li>\n<li>Admite marcaci\u00f3n en dos etapas y transmisi\u00f3n intrabanda de tono DTMF RFC2833;<\/li>\n<li>Apoya la funci\u00f3n de reuni\u00f3n tripartita;<\/li>\n<\/ul>\n<p>\u2013<strong><b>Servicios de datos<\/b><\/strong><\/p>\n<ul>\n<li>M\u00faltiples m\u00e9todos de acceso a Internet de alta velocidad<\/li>\n<li>Transmisi\u00f3n a velocidad de cable de datos de rango de longitud de paquete de todos los tama\u00f1os<\/li>\n<li>Funciones de datos avanzadas, como el procesamiento de etiquetas VLAN, la clasificaci\u00f3n de flujos y el filtrado de paquetes.<\/li>\n<li>Enrutamiento de tres capas y puerta de enlace local integrados.<\/li>\n<\/ul>\n<p><strong><b>\u2013<\/b><\/strong><strong><b>Servicio de acceso de v\u00eddeo multicast<\/b><\/strong><\/p>\n<ul>\n<li>Compatibilidad con la entrega de contenido de v\u00eddeo basado en datos (mediante multidifusi\u00f3n o unidifusi\u00f3n).<\/li>\n<li>Compatibilidad con la funci\u00f3n de inspecci\u00f3n IGMP, que optimiza a\u00fan m\u00e1s la aplicaci\u00f3n. Cuando la funci\u00f3n de inspecci\u00f3n IGMP est\u00e1 habilitada, se supervisa la entrada y salida de miembros de grupos de multidifusi\u00f3n en el puerto Ethernet para la transmisi\u00f3n selectiva de flujos de datos de multidifusi\u00f3n.<\/li>\n<\/ul>\n<p><strong><b>\u2013<\/b><\/strong><strong><b>Ethernet <\/b><\/strong><strong><b>I<\/b><\/strong><strong><b>interfaz<\/b><\/strong><strong><b>\u00a0F<\/b><\/strong><strong><b>funciones<\/b><\/strong><\/p>\n<ul>\n<li>autonegociaci\u00f3n del puerto Ethernet<\/li>\n<li>Funci\u00f3n de detecci\u00f3n autom\u00e1tica MDI\/MDIX<\/li>\n<li>Clasificaci\u00f3n de servicios (CoS) de soporte de cola de prioridad basada en hardware para direcciones ascendentes y descendentes.<\/li>\n<li>L2, IPv4 NAT, IPv6 3\/5-Tuplebridge<\/li>\n<li>Intercambio virtual basado en TR-156 y CTC<\/li>\n<li>Etiquetado y desetiquetado de VLAN basado en puertos<\/li>\n<li>Admite mapeo IP ToS\/DSCP a 802.1P<\/li>\n<li>Admite la clasificaci\u00f3n del servicio en funci\u00f3n de UNI, VLAN-ID, 802.1Pbit, ToS\/DSCP.<\/li>\n<li>Marcaje y re-marcaje con 1P<\/li>\n<li>IGMP v2 \/ v3 snooping<\/li>\n<li>L\u00edmite de velocidad de difusi\u00f3n\/multidifusi\u00f3n<\/li>\n<\/ul>\n<p>\u2013<strong><b>Puerta<\/b><\/strong><strong><b>\u00a0<\/b><\/strong><strong><b>Caracter\u00edstica<\/b><\/strong><\/p>\n<ul>\n<li>Admite conexi\u00f3n LAN<\/li>\n<li>DHCP<\/li>\n<li>Conexi\u00f3n est\u00e1tica<\/li>\n<li>Admite la asignaci\u00f3n autom\u00e1tica de direcciones en la LAN.<\/li>\n<li>DNSrelay<\/li>\n<li>Traducci\u00f3n de direcciones de red (NAT) \/ Traducci\u00f3n de puertos de red (NAPT)<\/li>\n<li>Reenv\u00edo de puertos<\/li>\n<li>Enrutamiento est\u00e1tico<\/li>\n<li>Clasificaci\u00f3n del tr\u00e1fico y QoS basada en la identificaci\u00f3n de las capas 3 y 4.<\/li>\n<li>Lista de control de acceso (ACL)<\/li>\n<li>Se admite la transmisi\u00f3n transparente VPN basada en los protocolos PPTP, L2TP e IPSec.<\/li>\n<li>Cortafuegos<\/li>\n<li>Puerta de enlace de capa de aplicaci\u00f3n (ALG)<\/li>\n<li>DMZ<\/li>\n<li>Servicio de nombres de dominio din\u00e1mico (DDNS)<\/li>\n<li>Apoye el protocolo NTP<\/li>\n<li>Plug and Play general (UPnP)<\/li>\n<li>IGMPagent<\/li>\n<\/ul>\n<p><strong><b>\u2013<\/b><\/strong><strong><b>Operaci\u00f3n, <\/b><\/strong><strong><b>M<\/b><\/strong><strong><b>gesti\u00f3n y<\/b><\/strong><strong><b>\u00a0M<\/b><\/strong><strong><b>mantenimiento<\/b><\/strong><\/p>\n<ul>\n<li>Descargue, active y reinicie la imagen de software remota a trav\u00e9s de OAM\/OMCI;<\/li>\n<li>La funci\u00f3n de comprobaci\u00f3n de la integridad del software y la reversi\u00f3n autom\u00e1tica tras la actualizaci\u00f3n es compatible con dos particiones de software espejo.<\/li>\n<li>Desarrollar la funci\u00f3n de administraci\u00f3n remota de TR-069 de acuerdo con los requisitos del usuario;<\/li>\n<\/ul>\n<p>&nbsp;<\/p>\n<p><strong><b>Especificaci\u00f3n de la puerta de enlace dom\u00e9stica XGPON<\/b><\/strong><\/p>\n<table>\n<tbody>\n<tr>\n<td width=\"122\"><strong><b>Art\u00edculo<\/b><\/strong><\/td>\n<td width=\"187\"><strong><b>Par\u00e1metro<\/b><\/strong><\/td>\n<td width=\"96\"><strong><b>Unidad<\/b><\/strong><\/td>\n<td width=\"252\"><strong><b>Valor<\/b><\/strong><\/td>\n<\/tr>\n<tr>\n<td rowspan=\"4\" width=\"122\">Indicador luminoso<\/td>\n<td width=\"187\">Longitud de onda de trabajo<\/td>\n<td width=\"96\">nm<\/td>\n<td width=\"252\">TX\/RX: 1270\/1577<\/td>\n<\/tr>\n<tr>\n<td width=\"187\">TX Power<\/td>\n<td width=\"96\">dBm<\/td>\n<td width=\"252\">2~5<\/td>\n<\/tr>\n<tr>\n<td width=\"187\">Sensibilidad RX<\/td>\n<td width=\"96\">dBm<\/td>\n<td width=\"252\">\u2265 -28<\/td>\n<\/tr>\n<tr>\n<td width=\"187\">Conector de fibra \u00f3ptica<\/td>\n<td width=\"96\">\/<\/td>\n<td width=\"252\">PON:SC\/UPC<\/td>\n<\/tr>\n<tr>\n<td rowspan=\"3\" width=\"122\">Puerto<\/td>\n<td width=\"187\">Los puertos Ethernet del lado del usuario<\/td>\n<td width=\"96\">\/<\/td>\n<td width=\"252\">4GE<\/td>\n<\/tr>\n<tr>\n<td width=\"187\">USB 2.0<\/td>\n<td width=\"96\">\/<\/td>\n<td width=\"252\">1<\/td>\n<\/tr>\n<tr>\n<td width=\"187\">VoIP<\/td>\n<td width=\"96\">\/<\/td>\n<td width=\"252\">1<\/td>\n<\/tr>\n<tr>\n<td width=\"122\">Bot\u00f3n<\/td>\n<td width=\"187\">Bot\u00f3n de reinicio<\/td>\n<td width=\"96\">\/<\/td>\n<td width=\"252\">1<\/td>\n<\/tr>\n<tr>\n<td width=\"122\">Inal\u00e1mbrico<\/td>\n<td width=\"187\">Interruptor WiFi<\/td>\n<td width=\"96\">\/<\/td>\n<td width=\"252\">1<\/td>\n<\/tr>\n<tr>\n<td rowspan=\"2\" width=\"122\">Otro<\/td>\n<td width=\"187\">La fuente de alimentaci\u00f3n<\/td>\n<td width=\"96\">VIRGINIA<\/td>\n<td width=\"252\">220V\u00b120% 50Hz\u00b15%\u2192CC12V 1.0A<\/td>\n<\/tr>\n<tr>\n<td width=\"187\">Temperatura de funcionamiento<\/td>\n<td width=\"96\">\u2103<\/td>\n<td width=\"252\">-10\u00a0~ 50<\/td>\n<\/tr>\n<\/tbody>\n<\/table>\n<p>Le invitamos a consultar sobre nuestro gateway dom\u00e9stico XGPON PL1104X.<\/p>\n<p>&nbsp;<\/p>","protected":false},"excerpt":{"rendered":"<p>El gateway dom\u00e9stico PL1104X XGPON es un dispositivo de acceso integrado clave para la pr\u00f3xima generaci\u00f3n de redes dom\u00e9sticas inteligentes y soluciones de acceso totalmente \u00f3pticas. Este gateway integra XGPON, VoIP y WiFi 6 de alta velocidad. Funciona como un centro de control y acceso multiservicio para el hogar, ofreciendo a los usuarios acceso a internet de alta velocidad, llamadas de voz y WiFi.<\/p>\n<p>&nbsp;<\/p>","protected":false},"featured_media":2327,"comment_status":"closed","ping_status":"closed","template":"","meta":{"site-sidebar-layout":"default","site-content-layout":"","ast-site-content-layout":"default","site-content-style":"default","site-sidebar-style":"default","ast-global-header-display":"","ast-banner-title-visibility":"","ast-main-header-display":"","ast-hfb-above-header-display":"","ast-hfb-below-header-display":"","ast-hfb-mobile-header-display":"","site-post-title":"","ast-breadcrumbs-content":"","ast-featured-img":"","footer-sml-layout":"","ast-disable-related-posts":"","theme-transparent-header-meta":"default","adv-header-id-meta":"","stick-header-meta":"default","header-above-stick-meta":"","header-main-stick-meta":"","header-below-stick-meta":"","astra-migrate-meta-layouts":"set","ast-page-background-enabled":"default","ast-page-background-meta":{"desktop":{"background-color":"var(--ast-global-color-4)","background-image":"","background-repeat":"repeat","background-position":"center center","background-size":"auto","background-attachment":"scroll","background-type":"","background-media":"","overlay-type":"","overlay-color":"","overlay-opacity":"","overlay-gradient":""},"tablet":{"background-color":"","background-image":"","background-repeat":"repeat","background-position":"center center","background-size":"auto","background-attachment":"scroll","background-type":"","background-media":"","overlay-type":"","overlay-color":"","overlay-opacity":"","overlay-gradient":""},"mobile":{"background-color":"","background-image":"","background-repeat":"repeat","background-position":"center center","background-size":"auto","background-attachment":"scroll","background-type":"","background-media":"","overlay-type":"","overlay-color":"","overlay-opacity":"","overlay-gradient":""}},"ast-content-background-meta":{"desktop":{"background-color":"var(--ast-global-color-5)","background-image":"","background-repeat":"repeat","background-position":"center center","background-size":"auto","background-attachment":"scroll","background-type":"","background-media":"","overlay-type":"","overlay-color":"","overlay-opacity":"","overlay-gradient":""},"tablet":{"background-color":"var(--ast-global-color-5)","background-image":"","background-repeat":"repeat","background-position":"center center","background-size":"auto","background-attachment":"scroll","background-type":"","background-media":"","overlay-type":"","overlay-color":"","overlay-opacity":"","overlay-gradient":""},"mobile":{"background-color":"var(--ast-global-color-5)","background-image":"","background-repeat":"repeat","background-position":"center center","background-size":"auto","background-attachment":"scroll","background-type":"","background-media":"","overlay-type":"","overlay-color":"","overlay-opacity":"","overlay-gradient":""}}},"product_brand":[],"product_cat":[54],"product_tag":[],"class_list":{"0":"post-2326","1":"product","2":"type-product","3":"status-publish","4":"has-post-thumbnail","6":"product_cat-xgspon","7":"desktop-align-center","8":"tablet-align-left","9":"mobile-align-left","10":"ast-product-gallery-layout-horizontal-slider","11":"ast-product-gallery-with-no-image","12":"ast-product-tabs-layout-horizontal","14":"first","15":"instock","16":"shipping-taxable","17":"product-type-simple"},"_links":{"self":[{"href":"https:\/\/www.premlink.net\/es\/wp-json\/wp\/v2\/product\/2326","targetHints":{"allow":["GET"]}}],"collection":[{"href":"https:\/\/www.premlink.net\/es\/wp-json\/wp\/v2\/product"}],"about":[{"href":"https:\/\/www.premlink.net\/es\/wp-json\/wp\/v2\/types\/product"}],"replies":[{"embeddable":true,"href":"https:\/\/www.premlink.net\/es\/wp-json\/wp\/v2\/comments?post=2326"}],"version-history":[{"count":0,"href":"https:\/\/www.premlink.net\/es\/wp-json\/wp\/v2\/product\/2326\/revisions"}],"wp:featuredmedia":[{"embeddable":true,"href":"https:\/\/www.premlink.net\/es\/wp-json\/wp\/v2\/media\/2327"}],"wp:attachment":[{"href":"https:\/\/www.premlink.net\/es\/wp-json\/wp\/v2\/media?parent=2326"}],"wp:term":[{"taxonomy":"product_brand","embeddable":true,"href":"https:\/\/www.premlink.net\/es\/wp-json\/wp\/v2\/product_brand?post=2326"},{"taxonomy":"product_cat","embeddable":true,"href":"https:\/\/www.premlink.net\/es\/wp-json\/wp\/v2\/product_cat?post=2326"},{"taxonomy":"product_tag","embeddable":true,"href":"https:\/\/www.premlink.net\/es\/wp-json\/wp\/v2\/product_tag?post=2326"}],"curies":[{"name":"wp","href":"https:\/\/api.w.org\/{rel}","templated":true}]}}