{"id":2313,"date":"2023-02-06T16:07:09","date_gmt":"2023-02-06T08:07:09","guid":{"rendered":"https:\/\/www.premlink.net\/?post_type=product&#038;p=2313"},"modified":"2024-10-06T18:53:41","modified_gmt":"2024-10-06T10:53:41","slug":"modulo-de-conmutacion-optica-pl2500a","status":"publish","type":"product","link":"https:\/\/www.premlink.net\/es\/product\/pl2500a-os-optical-switch-module\/","title":{"rendered":"M\u00f3dulo de conmutador \u00f3ptico PL2500A-OS"},"content":{"rendered":"<p>El m\u00f3dulo de conmutaci\u00f3n \u00f3ptica PL2500A-OS se puede insertar en la plataforma \u00f3ptica PL2500A-CS, que dispone de 18 ranuras.<\/p>\n<p><strong>M\u00f3dulo de conmutador \u00f3ptico PL2500A-OS<\/strong><\/p>\n<table>\n<tbody>\n<tr>\n<td width=\"201\"><strong><b>Par\u00e1metro<\/b><\/strong><\/td>\n<td width=\"70\"><strong><b>Unidad<\/b><\/strong><\/td>\n<td width=\"163\"><strong><b>Valor<\/b><\/strong><\/td>\n<td width=\"222\"><strong><b>Observaci\u00f3n<\/b><\/strong><\/td>\n<\/tr>\n<tr>\n<td width=\"201\">Longitud de onda de funcionamiento<\/td>\n<td width=\"70\">nm<\/td>\n<td width=\"163\">1250\u00a0~ 1610<\/td>\n<td width=\"222\"><\/td>\n<\/tr>\n<tr>\n<td width=\"201\">P\u00e9rdida de inserci\u00f3n<\/td>\n<td width=\"70\">dB<\/td>\n<td width=\"163\">\u22641,5<\/td>\n<td width=\"222\">&lt;1 (Valor t\u00edpico)<\/td>\n<\/tr>\n<tr>\n<td width=\"201\">P\u00e9rdida de retorno<\/td>\n<td width=\"70\">dB<\/td>\n<td width=\"163\">\u226555<\/td>\n<td width=\"222\">60 (Valor t\u00edpico)<\/td>\n<\/tr>\n<tr>\n<td width=\"201\">PDL<\/td>\n<td width=\"70\">dB<\/td>\n<td width=\"163\">\u22640,1<\/td>\n<td width=\"222\">0,06 (Valor t\u00edpico)<\/td>\n<\/tr>\n<tr>\n<td width=\"201\">Diafon\u00eda<\/td>\n<td width=\"70\">dB<\/td>\n<td width=\"163\">55<\/td>\n<td width=\"222\">60 (Valor t\u00edpico)<\/td>\n<\/tr>\n<tr>\n<td width=\"201\">Potencia de entrada \u00f3ptica<\/td>\n<td width=\"70\">dBm<\/td>\n<td width=\"163\">\u226424<\/td>\n<td width=\"222\">-15 (M\u00edn.)<\/td>\n<\/tr>\n<tr>\n<td width=\"201\">Tiempo de conmutaci\u00f3n<\/td>\n<td width=\"70\">ms<\/td>\n<td width=\"163\">10<\/td>\n<td width=\"222\">20 (M\u00e1x.)<\/td>\n<\/tr>\n<tr>\n<td width=\"201\">Ciclo de vida del interruptor<\/td>\n<td width=\"70\"><\/td>\n<td width=\"163\">\u22651.000.000<\/td>\n<td width=\"222\"><\/td>\n<\/tr>\n<tr>\n<td width=\"201\">Consumo de energ\u00eda<\/td>\n<td width=\"70\">W<\/td>\n<td width=\"163\">\u22643<\/td>\n<td width=\"222\"><\/td>\n<\/tr>\n<tr>\n<td width=\"201\">Rango de entrada<\/td>\n<td width=\"70\">dBm<\/td>\n<td width=\"163\">-15\u00a0~ +24<\/td>\n<td width=\"222\"><\/td>\n<\/tr>\n<tr>\n<td width=\"201\">Modo de control<\/td>\n<td width=\"70\">\/<\/td>\n<td width=\"163\">Autom\u00e1tico, Manual<\/td>\n<td width=\"222\"><\/td>\n<\/tr>\n<tr>\n<td width=\"201\">Conector de fibra<\/td>\n<td width=\"70\"><\/td>\n<td width=\"163\">\u00a0SC\/APC<\/td>\n<td width=\"222\">FC\/APC opcional<\/td>\n<\/tr>\n<tr>\n<td width=\"201\">Temperatura de funcionamiento<\/td>\n<td width=\"70\">\u2103<\/td>\n<td width=\"163\">-5 ~ r+55<\/td>\n<td width=\"222\"><\/td>\n<\/tr>\n<tr>\n<td width=\"201\">Temperatura de almacenamiento<\/td>\n<td width=\"70\">\u2103<\/td>\n<td width=\"163\">-30\u00a0~ +70<\/td>\n<td width=\"222\"><\/td>\n<\/tr>\n<tr>\n<td width=\"201\">Humedad relativa de funcionamiento<\/td>\n<td width=\"70\">RH<\/td>\n<td width=\"163\">0.95<\/td>\n<td width=\"222\">Sin condensaci\u00f3n<\/td>\n<\/tr>\n<tr>\n<td width=\"201\">Peso<\/td>\n<td width=\"70\">Kg<\/td>\n<td width=\"163\">0.75<\/td>\n<td width=\"222\"><\/td>\n<\/tr>\n<\/tbody>\n<\/table>\n<p>&nbsp;<\/p>\n<p>&nbsp;<\/p>","protected":false},"excerpt":{"rendered":"<p>El m\u00f3dulo de conmutaci\u00f3n \u00f3ptica PL2500A-OS se puede insertar en la plataforma \u00f3ptica PL2500A-CS, que dispone de 18 ranuras.<\/p>\n<p><strong>Plazos de entrega<br \/>\n<\/strong>El plazo de entrega est\u00e1ndar es el siguiente; en caso de urgencia, es negociable.<\/p>\n<table>\n<tbody>\n<tr>\n<td>Cantidad (PCS)<\/td>\n<td>1~2<\/td>\n<td>48<\/td>\n<td>&gt; 48<\/td>\n<\/tr>\n<tr>\n<td>Plazo de entrega (d\u00edas)<\/td>\n<td>15<\/td>\n<td>25<\/td>\n<td>A negociar<\/td>\n<\/tr>\n<\/tbody>\n<\/table>\n<p><strong>Compra de muestras (se necesita el chasis)<br \/>\n<\/strong>Cantidad m\u00ednima: 1 unidad<\/p>\n<p><strong>Personalizaci\u00f3n\u00a0<\/strong><br \/>\nLogotipos\/etiquetas temporales personalizados<br \/>\nCantidad m\u00ednima: 1 unidad<\/p>","protected":false},"featured_media":2305,"comment_status":"closed","ping_status":"closed","template":"","meta":{"site-sidebar-layout":"default","site-content-layout":"","ast-site-content-layout":"default","site-content-style":"default","site-sidebar-style":"default","ast-global-header-display":"","ast-banner-title-visibility":"","ast-main-header-display":"","ast-hfb-above-header-display":"","ast-hfb-below-header-display":"","ast-hfb-mobile-header-display":"","site-post-title":"","ast-breadcrumbs-content":"","ast-featured-img":"","footer-sml-layout":"","ast-disable-related-posts":"","theme-transparent-header-meta":"default","adv-header-id-meta":"","stick-header-meta":"default","header-above-stick-meta":"","header-main-stick-meta":"","header-below-stick-meta":"","astra-migrate-meta-layouts":"set","ast-page-background-enabled":"default","ast-page-background-meta":{"desktop":{"background-color":"var(--ast-global-color-4)","background-image":"","background-repeat":"repeat","background-position":"center center","background-size":"auto","background-attachment":"scroll","background-type":"","background-media":"","overlay-type":"","overlay-color":"","overlay-opacity":"","overlay-gradient":""},"tablet":{"background-color":"","background-image":"","background-repeat":"repeat","background-position":"center center","background-size":"auto","background-attachment":"scroll","background-type":"","background-media":"","overlay-type":"","overlay-color":"","overlay-opacity":"","overlay-gradient":""},"mobile":{"background-color":"","background-image":"","background-repeat":"repeat","background-position":"center center","background-size":"auto","background-attachment":"scroll","background-type":"","background-media":"","overlay-type":"","overlay-color":"","overlay-opacity":"","overlay-gradient":""}},"ast-content-background-meta":{"desktop":{"background-color":"var(--ast-global-color-5)","background-image":"","background-repeat":"repeat","background-position":"center center","background-size":"auto","background-attachment":"scroll","background-type":"","background-media":"","overlay-type":"","overlay-color":"","overlay-opacity":"","overlay-gradient":""},"tablet":{"background-color":"var(--ast-global-color-5)","background-image":"","background-repeat":"repeat","background-position":"center center","background-size":"auto","background-attachment":"scroll","background-type":"","background-media":"","overlay-type":"","overlay-color":"","overlay-opacity":"","overlay-gradient":""},"mobile":{"background-color":"var(--ast-global-color-5)","background-image":"","background-repeat":"repeat","background-position":"center center","background-size":"auto","background-attachment":"scroll","background-type":"","background-media":"","overlay-type":"","overlay-color":"","overlay-opacity":"","overlay-gradient":""}}},"product_brand":[],"product_cat":[55],"product_tag":[],"class_list":{"0":"post-2313","1":"product","2":"type-product","3":"status-publish","4":"has-post-thumbnail","6":"product_cat-optical-platform","7":"desktop-align-center","8":"tablet-align-left","9":"mobile-align-left","10":"ast-product-gallery-layout-horizontal-slider","11":"ast-product-tabs-layout-horizontal","13":"first","14":"instock","15":"shipping-taxable","16":"product-type-simple"},"_links":{"self":[{"href":"https:\/\/www.premlink.net\/es\/wp-json\/wp\/v2\/product\/2313","targetHints":{"allow":["GET"]}}],"collection":[{"href":"https:\/\/www.premlink.net\/es\/wp-json\/wp\/v2\/product"}],"about":[{"href":"https:\/\/www.premlink.net\/es\/wp-json\/wp\/v2\/types\/product"}],"replies":[{"embeddable":true,"href":"https:\/\/www.premlink.net\/es\/wp-json\/wp\/v2\/comments?post=2313"}],"version-history":[{"count":0,"href":"https:\/\/www.premlink.net\/es\/wp-json\/wp\/v2\/product\/2313\/revisions"}],"wp:featuredmedia":[{"embeddable":true,"href":"https:\/\/www.premlink.net\/es\/wp-json\/wp\/v2\/media\/2305"}],"wp:attachment":[{"href":"https:\/\/www.premlink.net\/es\/wp-json\/wp\/v2\/media?parent=2313"}],"wp:term":[{"taxonomy":"product_brand","embeddable":true,"href":"https:\/\/www.premlink.net\/es\/wp-json\/wp\/v2\/product_brand?post=2313"},{"taxonomy":"product_cat","embeddable":true,"href":"https:\/\/www.premlink.net\/es\/wp-json\/wp\/v2\/product_cat?post=2313"},{"taxonomy":"product_tag","embeddable":true,"href":"https:\/\/www.premlink.net\/es\/wp-json\/wp\/v2\/product_tag?post=2313"}],"curies":[{"name":"wp","href":"https:\/\/api.w.org\/{rel}","templated":true}]}}