{"id":2312,"date":"2023-02-06T16:04:23","date_gmt":"2023-02-06T08:04:23","guid":{"rendered":"https:\/\/www.premlink.net\/?post_type=product&#038;p=2312"},"modified":"2026-04-23T09:58:54","modified_gmt":"2026-04-23T01:58:54","slug":"modulo-edfa-pl2500a-oa","status":"publish","type":"product","link":"https:\/\/www.premlink.net\/es\/product\/pl2500a-oa-edfa-module\/","title":{"rendered":"M\u00f3dulo Amplificador EDFA PL2500A-OA"},"content":{"rendered":"<p>El m\u00f3dulo EDFA PL2500A-OA se puede insertar en la plataforma \u00f3ptica PL2500A-CS, que cuenta con 18 ranuras.<\/p>\n<p><strong>M\u00f3dulo EDFA PL2500A-OA<\/strong><\/p>\n<table>\n<tbody>\n<tr>\n<td width=\"201\"><strong><b>Par\u00e1metro<\/b><\/strong><\/td>\n<td width=\"70\"><strong><b>Unidad<\/b><\/strong><\/td>\n<td width=\"163\"><strong><b>Valor<\/b><\/strong><\/td>\n<td width=\"226\"><strong><b>Observaci\u00f3n<\/b><\/strong><\/td>\n<\/tr>\n<tr>\n<td width=\"201\">Rango de longitud de onda de funcionamiento<\/td>\n<td width=\"70\">nm<\/td>\n<td width=\"163\">1530\u00a0~ 1565<\/td>\n<td width=\"226\"><\/td>\n<\/tr>\n<tr>\n<td width=\"201\">Longitud de onda del l\u00e1ser de bombeo<\/td>\n<td width=\"70\">nm<\/td>\n<td width=\"163\">980\/1480<\/td>\n<td width=\"226\"><\/td>\n<\/tr>\n<tr>\n<td width=\"201\">Potencia de entrada<\/td>\n<td width=\"70\">dBm<\/td>\n<td width=\"163\">-8\u00a0~ +10<\/td>\n<td width=\"226\"><\/td>\n<\/tr>\n<tr>\n<td width=\"201\">Potencia de salida<\/td>\n<td width=\"70\">dBm<\/td>\n<td width=\"163\">10\u00a0~ 25<\/td>\n<td width=\"226\">Especificado por el cliente<\/td>\n<\/tr>\n<tr>\n<td width=\"201\">Rango de potencia de salida ajustable<\/td>\n<td width=\"70\">dBm<\/td>\n<td width=\"163\">-10\u00a0~ +0.5<\/td>\n<td width=\"226\"><\/td>\n<\/tr>\n<tr>\n<td width=\"201\">Puerto de entrada\/salida<\/td>\n<td width=\"70\"><\/td>\n<td width=\"163\">FC\/APC, SC\/APC<\/td>\n<td width=\"226\">Especificado por el cliente<\/td>\n<\/tr>\n<tr>\n<td width=\"201\">Figura de ruido<\/td>\n<td width=\"70\">dB<\/td>\n<td width=\"163\">\u22645.0<\/td>\n<td width=\"226\">Potencia de entrada 0 dBm<\/td>\n<\/tr>\n<tr>\n<td width=\"201\">P\u00e9rdida de retorno de entrada<\/td>\n<td width=\"70\">dB<\/td>\n<td width=\"163\">\u226560<\/td>\n<td width=\"226\"><\/td>\n<\/tr>\n<tr>\n<td width=\"201\">P\u00e9rdida de retorno de salida<\/td>\n<td width=\"70\">dB<\/td>\n<td width=\"163\">\u226560<\/td>\n<td width=\"226\"><\/td>\n<\/tr>\n<tr>\n<td width=\"201\">Aislamiento de entrada<\/td>\n<td width=\"70\">dB<\/td>\n<td width=\"163\">&gt;30<\/td>\n<td width=\"226\"><\/td>\n<\/tr>\n<tr>\n<td width=\"201\">Aislamiento de salida<\/td>\n<td width=\"70\">dB<\/td>\n<td width=\"163\">&gt;30<\/td>\n<td width=\"226\"><\/td>\n<\/tr>\n<tr>\n<td width=\"201\">PDG<\/td>\n<td width=\"70\">dB<\/td>\n<td width=\"163\">&lt;0,5<\/td>\n<td width=\"226\"><\/td>\n<\/tr>\n<tr>\n<td width=\"201\">N.\u00ba de cliente<\/td>\n<td width=\"70\">dB<\/td>\n<td width=\"163\">\u226551<\/td>\n<td width=\"226\">\u00cdndice de enlaces (Tx-EDFA-Rx)<\/td>\n<\/tr>\n<tr>\n<td width=\"201\">C\/CTB<\/td>\n<td width=\"70\">dB<\/td>\n<td width=\"163\">\u226563<\/td>\n<td width=\"226\"><\/td>\n<\/tr>\n<tr>\n<td width=\"201\">C\/CSO<\/td>\n<td width=\"70\">dB<\/td>\n<td width=\"163\">\u226563<\/td>\n<td width=\"226\"><\/td>\n<\/tr>\n<tr>\n<td width=\"201\">Rango de temperatura de funcionamiento<\/td>\n<td width=\"70\">\u2103<\/td>\n<td width=\"163\">-5\u00a0~ +55<\/td>\n<td width=\"226\"><\/td>\n<\/tr>\n<tr>\n<td width=\"201\">Rango de temperatura de almacenamiento<\/td>\n<td width=\"70\">\u2103<\/td>\n<td width=\"163\">-30\u00a0~ +70<\/td>\n<td width=\"226\"><\/td>\n<\/tr>\n<tr>\n<td width=\"201\">Humedad relativa de funcionamiento<\/td>\n<td width=\"70\">RH<\/td>\n<td width=\"163\">0.95<\/td>\n<td width=\"226\">Sin condensaci\u00f3n<\/td>\n<\/tr>\n<tr>\n<td width=\"201\">Consumo de energ\u00eda<\/td>\n<td width=\"70\">W<\/td>\n<td width=\"163\">&lt;11<\/td>\n<td width=\"226\">25\u2103<\/td>\n<\/tr>\n<tr>\n<td width=\"201\">Peso<\/td>\n<td width=\"70\">Kg<\/td>\n<td width=\"163\">0.76<\/td>\n<td width=\"226\"><\/td>\n<\/tr>\n<\/tbody>\n<\/table>\n<p>&nbsp;<\/p>","protected":false},"excerpt":{"rendered":"<p>El m\u00f3dulo EDFA PL2500A-OA se puede insertar en la plataforma \u00f3ptica PL2500A-CS, que cuenta con 18 ranuras.<\/p>\n<p><strong>Plazos de entrega<br \/>\n<\/strong>El plazo de entrega est\u00e1ndar es el siguiente; en caso de urgencia, es negociable.<\/p>\n<table>\n<tbody>\n<tr>\n<td>Cantidad (PCS)<\/td>\n<td>1~2<\/td>\n<td>48<\/td>\n<td>&gt; 48<\/td>\n<\/tr>\n<tr>\n<td>Plazo de entrega (d\u00edas)<\/td>\n<td>15<\/td>\n<td>25<\/td>\n<td>A negociar<\/td>\n<\/tr>\n<\/tbody>\n<\/table>\n<p><strong>Compra de muestras (se necesita el chasis)<br \/>\n<\/strong>Cantidad m\u00ednima: 1 unidad<\/p>\n<p><strong>Personalizaci\u00f3n\u00a0<\/strong><br \/>\nLogotipos\/etiquetas temporales personalizados<br \/>\nCantidad m\u00ednima: 1 unidad<\/p>","protected":false},"featured_media":2308,"comment_status":"closed","ping_status":"closed","template":"","meta":{"site-sidebar-layout":"default","site-content-layout":"","ast-site-content-layout":"default","site-content-style":"default","site-sidebar-style":"default","ast-global-header-display":"","ast-banner-title-visibility":"","ast-main-header-display":"","ast-hfb-above-header-display":"","ast-hfb-below-header-display":"","ast-hfb-mobile-header-display":"","site-post-title":"","ast-breadcrumbs-content":"","ast-featured-img":"","footer-sml-layout":"","ast-disable-related-posts":"","theme-transparent-header-meta":"default","adv-header-id-meta":"","stick-header-meta":"default","header-above-stick-meta":"","header-main-stick-meta":"","header-below-stick-meta":"","astra-migrate-meta-layouts":"set","ast-page-background-enabled":"default","ast-page-background-meta":{"desktop":{"background-color":"var(--ast-global-color-4)","background-image":"","background-repeat":"repeat","background-position":"center center","background-size":"auto","background-attachment":"scroll","background-type":"","background-media":"","overlay-type":"","overlay-color":"","overlay-opacity":"","overlay-gradient":""},"tablet":{"background-color":"","background-image":"","background-repeat":"repeat","background-position":"center center","background-size":"auto","background-attachment":"scroll","background-type":"","background-media":"","overlay-type":"","overlay-color":"","overlay-opacity":"","overlay-gradient":""},"mobile":{"background-color":"","background-image":"","background-repeat":"repeat","background-position":"center center","background-size":"auto","background-attachment":"scroll","background-type":"","background-media":"","overlay-type":"","overlay-color":"","overlay-opacity":"","overlay-gradient":""}},"ast-content-background-meta":{"desktop":{"background-color":"var(--ast-global-color-5)","background-image":"","background-repeat":"repeat","background-position":"center center","background-size":"auto","background-attachment":"scroll","background-type":"","background-media":"","overlay-type":"","overlay-color":"","overlay-opacity":"","overlay-gradient":""},"tablet":{"background-color":"var(--ast-global-color-5)","background-image":"","background-repeat":"repeat","background-position":"center center","background-size":"auto","background-attachment":"scroll","background-type":"","background-media":"","overlay-type":"","overlay-color":"","overlay-opacity":"","overlay-gradient":""},"mobile":{"background-color":"var(--ast-global-color-5)","background-image":"","background-repeat":"repeat","background-position":"center center","background-size":"auto","background-attachment":"scroll","background-type":"","background-media":"","overlay-type":"","overlay-color":"","overlay-opacity":"","overlay-gradient":""}}},"product_brand":[],"product_cat":[55],"product_tag":[],"class_list":{"0":"post-2312","1":"product","2":"type-product","3":"status-publish","4":"has-post-thumbnail","6":"product_cat-optical-platform","7":"desktop-align-center","8":"tablet-align-left","9":"mobile-align-left","10":"ast-product-gallery-layout-horizontal-slider","11":"ast-product-tabs-layout-horizontal","13":"first","14":"instock","15":"shipping-taxable","16":"product-type-simple"},"_links":{"self":[{"href":"https:\/\/www.premlink.net\/es\/wp-json\/wp\/v2\/product\/2312","targetHints":{"allow":["GET"]}}],"collection":[{"href":"https:\/\/www.premlink.net\/es\/wp-json\/wp\/v2\/product"}],"about":[{"href":"https:\/\/www.premlink.net\/es\/wp-json\/wp\/v2\/types\/product"}],"replies":[{"embeddable":true,"href":"https:\/\/www.premlink.net\/es\/wp-json\/wp\/v2\/comments?post=2312"}],"version-history":[{"count":0,"href":"https:\/\/www.premlink.net\/es\/wp-json\/wp\/v2\/product\/2312\/revisions"}],"wp:featuredmedia":[{"embeddable":true,"href":"https:\/\/www.premlink.net\/es\/wp-json\/wp\/v2\/media\/2308"}],"wp:attachment":[{"href":"https:\/\/www.premlink.net\/es\/wp-json\/wp\/v2\/media?parent=2312"}],"wp:term":[{"taxonomy":"product_brand","embeddable":true,"href":"https:\/\/www.premlink.net\/es\/wp-json\/wp\/v2\/product_brand?post=2312"},{"taxonomy":"product_cat","embeddable":true,"href":"https:\/\/www.premlink.net\/es\/wp-json\/wp\/v2\/product_cat?post=2312"},{"taxonomy":"product_tag","embeddable":true,"href":"https:\/\/www.premlink.net\/es\/wp-json\/wp\/v2\/product_tag?post=2312"}],"curies":[{"name":"wp","href":"https:\/\/api.w.org\/{rel}","templated":true}]}}