{"id":2295,"date":"2023-02-06T13:38:10","date_gmt":"2023-02-06T05:38:10","guid":{"rendered":"https:\/\/www.premlink.net\/?post_type=product&#038;p=2295"},"modified":"2024-11-13T10:39:15","modified_gmt":"2024-11-13T02:39:15","slug":"pls04-xgs-pon-onu","status":"publish","type":"product","link":"https:\/\/www.premlink.net\/es\/product\/pls04-xgs-pon-onu\/","title":{"rendered":"PLS04 XGS-PON ONU"},"content":{"rendered":"<p>La PLS04 XGS-PON ONU es una serie de unidades ONU XGS-PON basadas en la norma ITU-T G.9807, dise\u00f1adas para usuarios dom\u00e9sticos y de oficina. Su interfaz de enlace ascendente es un puerto SFP+ que admite un ancho de banda de 10 Gbit\/s de bajada y 10 Gbit\/s de subida para XGS-PON.<\/p>\n<p>La serie PLS04 XGS-PON ONU ofrece 1 puerto Ethernet de 10 Gigabit o SFP+ y 4 puertos Ethernet Gigabit para LAN. Tambi\u00e9n ofrece 2 puertos FXS, que proporcionan voz de alta calidad para los suscriptores.<br \/>\nDise\u00f1ado para implementaciones FTTx, el PLS04 XGS-PON ONU admite potentes funciones de puerta de enlace\/CPE dom\u00e9stica, como WAN m\u00faltiple, <a href=\"https:\/\/info.support.huawei.com\/info-finder\/encyclopedia\/en\/QoS.html\" target=\"_blank\" rel=\"noopener\">Calidad de servicio<\/a>, VLAN, Firewall, ACL, etc. PLS04 XGS-PON ONU es una ONU XGS PON de gama alta para datos de Internet y voz todo en uno para ISP que implementan redes Triple Play sobre una sola fibra.<\/p>\n<p><strong><b>MIAN F<\/b><\/strong><strong><b>CARACTER\u00cdSTICAS<\/b><\/strong><\/p>\n<ul>\n<li>Cumple con el est\u00e1ndar ITU-T G.9807 XGS PON, y es interoperable con los OLT XGS PON de Huawei, ZTE, Fiberhome y Nokia.<\/li>\n<li>Ofrece 1 puerto XGS PON SFP+WAN, compatible con 10 Gbit\/s de subida y 10 Gbit\/s de bajada.<\/li>\n<li>Ofrece 1 puerto LAN de 10 Gbps (Ethernet o SFP+), compatible con funciones de puente de red y enrutador.<\/li>\n<li>Relaci\u00f3n m\u00e1xima de fibra de 1:256, la distancia m\u00e1xima de transmisi\u00f3n puede alcanzar los 20 km.<\/li>\n<li>Admite cifrado AES de 128 bits y cambio de clave, lo que mejora la seguridad de la transmisi\u00f3n.<\/li>\n<li>Admite 32 TcONU y 256 ID de puerto GEM, lo que permite ofrecer m\u00faltiples servicios en un \u00fanico CPE de abonado.<\/li>\n<li>Admite FEC (Correcci\u00f3n de Errores Directa), lo que garantiza una transmisi\u00f3n de datos altamente fiable y precisa.<\/li>\n<li>Admite funciones avanzadas de gesti\u00f3n de capa 2, aplicables a las redes de ISP m\u00e1s grandes.<\/li>\n<li>Admite FBA (Asignaci\u00f3n Flexible de Ancho de Banda), asigna ancho de banda de forma din\u00e1mica y autom\u00e1tica.<\/li>\n<li>Admite la asignaci\u00f3n din\u00e1mica de ancho de banda (DBA), una asignaci\u00f3n y uso m\u00e1s inteligentes del ancho de banda.<\/li>\n<li>Alta seguridad, datos cifrados en ambas direcciones.<\/li>\n<li>Admite funciones de conmutaci\u00f3n L2, como VLAN IEEE802.1Q, QoS 802.1P, etc.<\/li>\n<li>Brindar soporte a OMCI y a la administraci\u00f3n de TR069, administrar suscriptores de forma remota.<\/li>\n<li>Compatible con IPv4 e IPv6, altamente aplicable en redes basadas en ambos tipos de IP.<\/li>\n<li>Admite tramas jumbo de 12 KB.<\/li>\n<\/ul>\n<p><strong><b>XGS-PON <\/b><\/strong><strong><b>CARACTER\u00cdSTICAS<\/b><\/strong><\/p>\n<ul>\n<li>Paquete SFP+ con recept\u00e1culo SC\/UPC<\/li>\n<li>Longitud de onda de transmisi\u00f3n: Ascendente: 1270 nm \/ Descendente: 1577 nm<\/li>\n<li>Apoyo a la norma ITU-T G.9807.1<\/li>\n<li>Capacidad de conexi\u00f3n en caliente<\/li>\n<li>Admite una relaci\u00f3n de fibra de 1:256 a una distancia de transmisi\u00f3n de 20 km.<\/li>\n<li>Velocidad m\u00e1xima de descarga: 10 Gbps \/ Velocidad m\u00e1xima de subida: 10 Gbps<\/li>\n<li>Descifrado en modo contador AES128 con seguridad descendente<\/li>\n<li>Descifrado en modo contador AES128 con seguridad ascendente<\/li>\n<li>Los mensajes OMCI son totalmente compatibles con ITU-T G.988.<\/li>\n<li>Control de tr\u00e1fico descendente y modelado ascendente del puerto seg\u00fan GEM, monitor de rendimiento del puerto seg\u00fan GEM<\/li>\n<li>256 ID de puerto GEM \/ ID de puerto XGEM, 32-TCONU<\/li>\n<li>Tama\u00f1o m\u00ednimo y m\u00e1ximo de trama Ethernet: rangos de 64 B a 12 kB<\/li>\n<li>Compatibilidad con VoQ base por XGEM-Port-ID y por ALLOC-ID en la transmisi\u00f3n ascendente.<\/li>\n<li>Programaci\u00f3n de salida ascendente: Prioridad estricta + DWRR<\/li>\n<li>Apoyar el \u00faltimo aliento<\/li>\n<\/ul>\n<p><strong><b>REDES<\/b><\/strong><strong>\u00a0<\/strong><strong><b>CARACTER\u00cdSTICAS<\/b><\/strong><strong><b>\u00a0<\/b><\/strong><\/p>\n<ul>\n<li>Aprendizaje de MAC, tabla de direcciones MAC de 2K<\/li>\n<li>Modo de red puenteada o enrutada<\/li>\n<li>Compatibilidad con RIP v1 y v2 para enrutamiento.<\/li>\n<li>Ruta est\u00e1tica, ruta din\u00e1mica, proxy DNS,<\/li>\n<li>IPv4 e IPv6 TCP, UDP, RTP, SNTP, NAT, DHCP, DNS IEEE802.1Q VLAN, puerto VLAN<\/li>\n<li>Listas de control de acceso (ACL) basadas en 1x, MAC, IP o TCP\/UDP<\/li>\n<li>Ancho de banda del puerto CONUrol, flujo 3x conUrol<\/li>\n<li>Tormenta CONUrol: Difusi\u00f3n\/Multidifusi\u00f3n\/Unidifusi\u00f3n desconocida, ARP<\/li>\n<li>Aislamiento de puertos, duplicaci\u00f3n de puertos, MDI\/MDIX autom\u00e1tico<\/li>\n<li>STP 1D, detecci\u00f3n de bucles de puerto<\/li>\n<li>IGMP v2, v3 e IGMP Snooping para IPv4<\/li>\n<li>MLD v2, v3 y MLD Snooping para IPv6<\/li>\n<li>Enlace de VLAN<\/li>\n<li>ALG\/UPnP<\/li>\n<\/ul>\n<p><strong>\u00a0<\/strong><strong><b>VoIP<\/b><\/strong><strong>\u00a0<\/strong><strong><b>CARACTER\u00cdSTICAS<\/b><\/strong><\/p>\n<ul>\n<li>Ofrece 2 puertos FXS para conexiones telef\u00f3nicas.<\/li>\n<li>Se pueden realizar\/recibir 2 llamadas simult\u00e1neamente.<\/li>\n<li>SIP V1, V2 (RFC3261, RFC3262, RFC3264, RFC3265)<\/li>\n<li>SIP y H.248, admite el registro de 2 cuentas SIP.<\/li>\n<li>711, G.723.1, G.729A-8kbps, G.726, G.722, c\u00f3digos de voz ILBC<\/li>\n<li>Detecci\u00f3n de tono DTMF, rel\u00e9 de tono DTMF,<\/li>\n<li>M\u00faltiples tonos de llamada, identificador de llamadas FSK<\/li>\n<li>Presentaci\u00f3n de identificaci\u00f3n de la l\u00ednea de llamada<\/li>\n<li>Restricci\u00f3n de identificaci\u00f3n de la l\u00ednea de llamada<\/li>\n<li>Desv\u00edo de llamadas, transferencia de llamadas, retenci\u00f3n de llamadas, conferencia a tres bandas, etc.<\/li>\n<li>QoS y TOS para garantizar que los paquetes de voz pasen con prioridad.<\/li>\n<li>Admite el protocolo de eco RFC62.<\/li>\n<li>Compatibilidad con la configuraci\u00f3n de mapas digitales<\/li>\n<\/ul>\n<p><strong><b>Calidad de servicio<\/b><\/strong><\/p>\n<p>IEEE802.1P QoS, DSCP, TOS:<\/p>\n<p>Algoritmo de despacho SP, WRR, SP+WRR<\/p>\n<p>Calidad de servicio basada en la fuente y DST-MAC<\/p>\n<p>ID de VLAN, QoS basada en prioridad de VLAN<\/p>\n<p>QoS basado en IP de origen DST<\/p>\n<p><strong><b>FUNCIONES DEL CORTAFUEGOS<\/b><\/strong><\/p>\n<ul>\n<li>Traducci\u00f3n de direcciones de red (NAT)<\/li>\n<li>Inspecci\u00f3n de paquetes con estado (SPI)<\/li>\n<li>Filtro IP\/Filtro MAC\/Filtro URL\/DMZ<\/li>\n<li>Prevenci\u00f3n de ataques ARP y DDoS<\/li>\n<li>Servidores virtuales (reenv\u00edo de puertos)<\/li>\n<li>Acceso remoto<\/li>\n<\/ul>\n<p><strong><b>FUNCIONES VPN<\/b><\/strong><\/p>\n<ul>\n<li>IPSec\/PPTP\/L2TP\/PPPoE passthrough<\/li>\n<\/ul>\n<p><strong><b>GESTI\u00d3N<\/b><\/strong><\/p>\n<ul>\n<li>Gesti\u00f3n de Telnet<\/li>\n<li>Gesti\u00f3n de la interfaz web HTTP<\/li>\n<li>Gesti\u00f3n del s\u00edndrome coronario agudo TR069<\/li>\n<\/ul>\n<p><strong><b>MODELOS GPON OLT INTERCOPERABLES<\/b><\/strong><\/p>\n<ul>\n<li><strong>HUAWEI <\/strong>SmartAX EA5800-X17, EA5800-X17, EA5800-X7, EA5800-X2<\/li>\n<li><strong>ZTE<\/strong>OLT XGS-PON C600 C650<\/li>\n<li><strong>Alcatel Lucent<\/strong>7342, 7360 ISAM GPON OLT<\/li>\n<li><strong>Nokia<\/strong>7360 ISAM GPON OLT<\/li>\n<li><strong>Fibra de hogar<\/strong>AN6000-17, AN6000-15, AN6000-7, AN6000-2<\/li>\n<\/ul>\n<p><strong><b>CARACTER\u00cdSTICAS DEL HARDWARE<\/b><\/strong><\/p>\n<ul>\n<li>Realtek RTL9619B Quad-Core 0 GHz<\/li>\n<li>Ofrece 1 puerto XGS PON SFP+WAN, compatible con 10 Gbit\/s de subida y 10 Gbit\/s de bajada.<\/li>\n<\/ul>\n<p><strong><b>PAR\u00c1METROS E INTERFACES DE HARDWARE<\/b><\/strong><\/p>\n<table>\n<tbody>\n<tr>\n<td width=\"177\">Est\u00e1ndares<\/td>\n<td colspan=\"3\" width=\"511\">ITU-T G.988, ITU-T G.9807.1, ITU-T G.987.3, ITU-T G.989.3, G.984.3, IEEE 802.3ah, IEEE 802.3, IEEE 802.3u, IEEE 802.3ab, IEEE 802.3an, IEEE 802.3bz, IEEE 802.3az, IEEE 802.3x, IEEE 802.1Q, IEEE 802.1P, IEEE 802.1D, IEEE 802.3av, IEEE 802.1AE<\/td>\n<\/tr>\n<tr>\n<td width=\"177\">Topolog\u00eda<\/td>\n<td colspan=\"3\" width=\"511\">XGS-PON: 10 Gbps de subida \/ 10 Gbps de bajada<\/td>\n<\/tr>\n<tr>\n<td width=\"177\">Puertos de enlace ascendente<\/td>\n<td colspan=\"3\" width=\"511\">1 XGS-PON SFP+ SC\/UPC<\/td>\n<\/tr>\n<tr>\n<td width=\"177\">Puertos de enlace descendente<\/td>\n<td colspan=\"3\" width=\"511\">1*10G Ethernet o SFP+<\/p>\n<p>1*10M\/100M\/1000M\/2500M BASE-T<\/td>\n<\/tr>\n<tr>\n<td width=\"177\">Socios<\/td>\n<td colspan=\"3\" width=\"511\">CPU: Realtek RTL9619B de cuatro n\u00facleos a 1,0 GHz<\/td>\n<\/tr>\n<tr>\n<td width=\"177\">Puertos VoIP<\/td>\n<td colspan=\"3\" width=\"511\">2 puertos FXS<\/td>\n<\/tr>\n<tr>\n<td width=\"177\">Tasa de transmisi\u00f3n<\/td>\n<td colspan=\"3\" width=\"511\">10 Gbps en sentido ascendente, 10 Gbps en sentido descendente.<\/td>\n<\/tr>\n<tr>\n<td width=\"177\">Distancia de transmisi\u00f3n<\/td>\n<td colspan=\"3\" width=\"511\">M\u00e1ximo 20 km<\/td>\n<\/tr>\n<tr>\n<td width=\"177\">Indicadores LED<\/td>\n<td colspan=\"3\" width=\"511\">Alimentaci\u00f3n, PON, LOS, 10G, 2.5G, VOIP1-2<\/td>\n<\/tr>\n<tr>\n<td width=\"177\"><strong><b>\u00a0<\/b><\/strong><\/p>\n<p>Cable Ethernet<\/td>\n<td colspan=\"3\" width=\"511\">10Base-Tx: UTP categor\u00eda 3, 4, 5, hasta 100 m<\/p>\n<p>100Base-Tx: UTP categor\u00eda 5, hasta 100 m<\/p>\n<p>1000Base-Tx: UTP categor\u00eda 5, 5E, 6, hasta 100 m<\/p>\n<p>2500 Base-Tx: UTP categor\u00eda 5, 5E, 6, hasta 100 m<\/p>\n<p>10G Base-Tx: UTP categor\u00eda 6 hasta 55 m, 6a hasta 100 m<\/td>\n<\/tr>\n<tr>\n<td width=\"177\">Cable de fibra \u00f3ptica<\/td>\n<td colspan=\"3\" width=\"511\">Cable de fibra monomodo de 8,3 \u03bcm, 8,7 \u03bcm, 9 \u03bcm y 10 \u03bcm<\/td>\n<\/tr>\n<tr>\n<td width=\"177\">Fuente de alimentaci\u00f3n<\/td>\n<td colspan=\"3\" width=\"511\">Fuente de alimentaci\u00f3n externa de 110-240 V CA, 12 V CC, 2 A, protecci\u00f3n contra sobretensiones de 4 kV.<\/td>\n<\/tr>\n<tr>\n<td rowspan=\"3\" width=\"177\">Temperatura Humedad<\/td>\n<td width=\"175\">Modo<\/td>\n<td width=\"170\">Temperatura<\/td>\n<td width=\"165\">Humedad<\/td>\n<\/tr>\n<tr>\n<td width=\"175\">Laboral<\/td>\n<td width=\"170\">0\u2103 \u2013 45\u2103<\/td>\n<td width=\"165\">10% \u2013 90%<\/td>\n<\/tr>\n<tr>\n<td width=\"175\">Apoyar<\/td>\n<td width=\"170\">-40\u2103 \u2013 70\u2103<\/td>\n<td width=\"165\">5% \u2013 90% RH<\/td>\n<\/tr>\n<\/tbody>\n<\/table>\n<p><strong>\u00a0<\/strong><\/p>\n<p><strong>Informaci\u00f3n de pedido de la ONU PLS04 XGS-PON<\/strong><\/p>\n<table>\n<tbody>\n<tr>\n<td width=\"169\"><strong><b>Producto<\/b><\/strong><\/td>\n<td width=\"167\"><strong><b>PL<\/b><\/strong><strong><b>S01<\/b><\/strong><\/td>\n<td width=\"165\"><strong><b>PL<\/b><\/strong><strong><b>S02<\/b><\/strong><\/td>\n<td width=\"156\"><strong><b>PLS04<\/b><\/strong><\/td>\n<\/tr>\n<tr>\n<td width=\"169\"><strong><b>Familia de productos<\/b><\/strong><\/td>\n<td width=\"167\"><img decoding=\"async\" class=\"wp-image-2297\" src=\"https:\/\/www.premlink.net\/wp-content\/uploads\/2023\/02\/XGS-PON-ONU12.jpg\" alt=\"XGS-PON-ONU\" width=\"167\" height=\"167\" srcset=\"https:\/\/www.premlink.net\/wp-content\/uploads\/2023\/02\/XGS-PON-ONU12.jpg 780w, https:\/\/www.premlink.net\/wp-content\/uploads\/2023\/02\/XGS-PON-ONU12-500x500.jpg 500w, https:\/\/www.premlink.net\/wp-content\/uploads\/2023\/02\/XGS-PON-ONU12-100x100.jpg 100w, https:\/\/www.premlink.net\/wp-content\/uploads\/2023\/02\/XGS-PON-ONU12-480x480.jpg 480w, https:\/\/www.premlink.net\/wp-content\/uploads\/2023\/02\/XGS-PON-ONU12-300x300.jpg 300w, https:\/\/www.premlink.net\/wp-content\/uploads\/2023\/02\/XGS-PON-ONU12-150x150.jpg 150w, https:\/\/www.premlink.net\/wp-content\/uploads\/2023\/02\/XGS-PON-ONU12-768x768.jpg 768w\" sizes=\"(max-width: 167px) 100vw, 167px\" \/><\/td>\n<td width=\"165\"><img decoding=\"async\" class=\"wp-image-2296\" src=\"https:\/\/www.premlink.net\/wp-content\/uploads\/2023\/02\/XGS-PON-ONU11.jpg\" alt=\"XGS-PON-ONU\" width=\"174\" height=\"174\" srcset=\"https:\/\/www.premlink.net\/wp-content\/uploads\/2023\/02\/XGS-PON-ONU11.jpg 780w, https:\/\/www.premlink.net\/wp-content\/uploads\/2023\/02\/XGS-PON-ONU11-500x500.jpg 500w, https:\/\/www.premlink.net\/wp-content\/uploads\/2023\/02\/XGS-PON-ONU11-100x100.jpg 100w, https:\/\/www.premlink.net\/wp-content\/uploads\/2023\/02\/XGS-PON-ONU11-480x480.jpg 480w, https:\/\/www.premlink.net\/wp-content\/uploads\/2023\/02\/XGS-PON-ONU11-300x300.jpg 300w, https:\/\/www.premlink.net\/wp-content\/uploads\/2023\/02\/XGS-PON-ONU11-150x150.jpg 150w, https:\/\/www.premlink.net\/wp-content\/uploads\/2023\/02\/XGS-PON-ONU11-768x768.jpg 768w\" sizes=\"(max-width: 174px) 100vw, 174px\" \/><\/td>\n<td width=\"156\"><img decoding=\"async\" class=\"wp-image-2298\" src=\"https:\/\/www.premlink.net\/wp-content\/uploads\/2023\/02\/XGS-PON-ONU13.jpg\" alt=\"XGS-PON-ONU\" width=\"168\" height=\"168\" srcset=\"https:\/\/www.premlink.net\/wp-content\/uploads\/2023\/02\/XGS-PON-ONU13.jpg 780w, https:\/\/www.premlink.net\/wp-content\/uploads\/2023\/02\/XGS-PON-ONU13-500x500.jpg 500w, https:\/\/www.premlink.net\/wp-content\/uploads\/2023\/02\/XGS-PON-ONU13-100x100.jpg 100w, https:\/\/www.premlink.net\/wp-content\/uploads\/2023\/02\/XGS-PON-ONU13-480x480.jpg 480w, https:\/\/www.premlink.net\/wp-content\/uploads\/2023\/02\/XGS-PON-ONU13-300x300.jpg 300w, https:\/\/www.premlink.net\/wp-content\/uploads\/2023\/02\/XGS-PON-ONU13-150x150.jpg 150w, https:\/\/www.premlink.net\/wp-content\/uploads\/2023\/02\/XGS-PON-ONU13-768x768.jpg 768w\" sizes=\"(max-width: 168px) 100vw, 168px\" \/><\/td>\n<\/tr>\n<tr>\n<td width=\"169\"><strong><b>Tecnolog\u00eda \u00f3ptica WAN PON de 10G<\/b><\/strong><\/td>\n<td width=\"167\">XGS-PON<\/td>\n<td width=\"165\">XGS-PON<\/td>\n<td width=\"156\">XGS-PON<\/td>\n<\/tr>\n<tr>\n<td width=\"169\"><strong><b>Interfaz WAN: \u00d3ptica modular (SFP+)<\/b><\/strong><\/td>\n<td width=\"167\">1<\/td>\n<td width=\"165\">1<\/td>\n<td width=\"156\">1<\/td>\n<\/tr>\n<tr>\n<td width=\"169\"><strong><b>LAN: 10GE (SFP+)\/10GE (Ethernet RJ-45 100\/1000\/10G Base-T) (1 de 2)<\/b><\/strong><\/td>\n<td width=\"167\">1<\/td>\n<td width=\"165\">1<\/td>\n<td width=\"156\">1<\/td>\n<\/tr>\n<tr>\n<td width=\"169\"><strong><b>LAN: 2.5GE (Ethernet 10\/100\/1000\/2500 Base-T \/ RJ-45)<\/b><\/strong><\/td>\n<td width=\"167\">0<\/td>\n<td width=\"165\">1<\/td>\n<td width=\"156\">1<\/td>\n<\/tr>\n<tr>\n<td width=\"169\"><strong><b>LAN: 1GE (Ethernet 10\/100\/1000 Base-T \/ RJ-45)<\/b><\/strong><\/td>\n<td width=\"167\">0<\/td>\n<td width=\"165\">0<\/td>\n<td width=\"156\">0<\/td>\n<\/tr>\n<tr>\n<td width=\"169\"><strong><b>Voz: puertos RJ-11<\/b><\/strong><\/td>\n<td width=\"167\">0<\/td>\n<td width=\"165\">0<\/td>\n<td width=\"156\">2<\/td>\n<\/tr>\n<tr>\n<td width=\"169\"><strong><b>USB 2.0<\/b><\/strong><\/td>\n<td width=\"167\">0<\/td>\n<td width=\"165\">0<\/td>\n<td width=\"156\">0<\/td>\n<\/tr>\n<tr>\n<td width=\"169\"><strong><b>USB 3.0<\/b><\/strong><\/td>\n<td width=\"167\">0<\/td>\n<td width=\"165\">0<\/td>\n<td width=\"156\">0<\/td>\n<\/tr>\n<tr>\n<td width=\"169\"><strong><b>WiFi<\/b><\/strong><\/td>\n<td width=\"167\">Nuevo Testamento<\/td>\n<td width=\"165\">Nuevo Testamento<\/td>\n<td width=\"156\">Nuevo Testamento<\/td>\n<\/tr>\n<tr>\n<td width=\"169\"><strong><b>ANATEL<\/b><\/strong><\/td>\n<td width=\"167\">S\u00cd<\/td>\n<td width=\"165\">S\u00cd<\/td>\n<td width=\"156\">S\u00cd<\/td>\n<\/tr>\n<\/tbody>\n<\/table>\n<p>Le invitamos a consultar sobre nuestra ONU PLS04 XGS-PON.<\/p>","protected":false},"excerpt":{"rendered":"<p>La serie PLS04 XGS-PON ONU ofrece 1 puerto Ethernet de 10 Gigabit o SFP+ y 4 puertos Ethernet Gigabit para LAN. Tambi\u00e9n incluye 2 puertos FXS, que proporcionan voz de alta calidad para los suscriptores. Admite potentes funciones de puerta de enlace\/CPE para el hogar y es una soluci\u00f3n integral de alta gama para datos, voz e Internet (XGS PON ONU) para proveedores de servicios de Internet (ISP) que implementan redes Triple Play sobre fibra \u00f3ptica.<\/p>\n<p>&nbsp;<\/p>\n<p>&nbsp;<\/p>","protected":false},"featured_media":2298,"comment_status":"closed","ping_status":"closed","template":"","meta":{"site-sidebar-layout":"default","site-content-layout":"","ast-site-content-layout":"default","site-content-style":"default","site-sidebar-style":"default","ast-global-header-display":"","ast-banner-title-visibility":"","ast-main-header-display":"","ast-hfb-above-header-display":"","ast-hfb-below-header-display":"","ast-hfb-mobile-header-display":"","site-post-title":"","ast-breadcrumbs-content":"","ast-featured-img":"","footer-sml-layout":"","ast-disable-related-posts":"","theme-transparent-header-meta":"default","adv-header-id-meta":"","stick-header-meta":"default","header-above-stick-meta":"","header-main-stick-meta":"","header-below-stick-meta":"","astra-migrate-meta-layouts":"set","ast-page-background-enabled":"default","ast-page-background-meta":{"desktop":{"background-color":"var(--ast-global-color-4)","background-image":"","background-repeat":"repeat","background-position":"center center","background-size":"auto","background-attachment":"scroll","background-type":"","background-media":"","overlay-type":"","overlay-color":"","overlay-opacity":"","overlay-gradient":""},"tablet":{"background-color":"","background-image":"","background-repeat":"repeat","background-position":"center center","background-size":"auto","background-attachment":"scroll","background-type":"","background-media":"","overlay-type":"","overlay-color":"","overlay-opacity":"","overlay-gradient":""},"mobile":{"background-color":"","background-image":"","background-repeat":"repeat","background-position":"center center","background-size":"auto","background-attachment":"scroll","background-type":"","background-media":"","overlay-type":"","overlay-color":"","overlay-opacity":"","overlay-gradient":""}},"ast-content-background-meta":{"desktop":{"background-color":"var(--ast-global-color-5)","background-image":"","background-repeat":"repeat","background-position":"center center","background-size":"auto","background-attachment":"scroll","background-type":"","background-media":"","overlay-type":"","overlay-color":"","overlay-opacity":"","overlay-gradient":""},"tablet":{"background-color":"var(--ast-global-color-5)","background-image":"","background-repeat":"repeat","background-position":"center center","background-size":"auto","background-attachment":"scroll","background-type":"","background-media":"","overlay-type":"","overlay-color":"","overlay-opacity":"","overlay-gradient":""},"mobile":{"background-color":"var(--ast-global-color-5)","background-image":"","background-repeat":"repeat","background-position":"center center","background-size":"auto","background-attachment":"scroll","background-type":"","background-media":"","overlay-type":"","overlay-color":"","overlay-opacity":"","overlay-gradient":""}}},"product_brand":[],"product_cat":[54],"product_tag":[],"class_list":{"0":"post-2295","1":"product","2":"type-product","3":"status-publish","4":"has-post-thumbnail","6":"product_cat-xgspon","7":"desktop-align-center","8":"tablet-align-left","9":"mobile-align-left","10":"ast-product-gallery-layout-horizontal-slider","11":"ast-product-tabs-layout-horizontal","13":"first","14":"instock","15":"shipping-taxable","16":"product-type-simple"},"_links":{"self":[{"href":"https:\/\/www.premlink.net\/es\/wp-json\/wp\/v2\/product\/2295","targetHints":{"allow":["GET"]}}],"collection":[{"href":"https:\/\/www.premlink.net\/es\/wp-json\/wp\/v2\/product"}],"about":[{"href":"https:\/\/www.premlink.net\/es\/wp-json\/wp\/v2\/types\/product"}],"replies":[{"embeddable":true,"href":"https:\/\/www.premlink.net\/es\/wp-json\/wp\/v2\/comments?post=2295"}],"version-history":[{"count":0,"href":"https:\/\/www.premlink.net\/es\/wp-json\/wp\/v2\/product\/2295\/revisions"}],"wp:featuredmedia":[{"embeddable":true,"href":"https:\/\/www.premlink.net\/es\/wp-json\/wp\/v2\/media\/2298"}],"wp:attachment":[{"href":"https:\/\/www.premlink.net\/es\/wp-json\/wp\/v2\/media?parent=2295"}],"wp:term":[{"taxonomy":"product_brand","embeddable":true,"href":"https:\/\/www.premlink.net\/es\/wp-json\/wp\/v2\/product_brand?post=2295"},{"taxonomy":"product_cat","embeddable":true,"href":"https:\/\/www.premlink.net\/es\/wp-json\/wp\/v2\/product_cat?post=2295"},{"taxonomy":"product_tag","embeddable":true,"href":"https:\/\/www.premlink.net\/es\/wp-json\/wp\/v2\/product_tag?post=2295"}],"curies":[{"name":"wp","href":"https:\/\/api.w.org\/{rel}","templated":true}]}}