{"id":2035,"date":"2023-01-30T20:32:59","date_gmt":"2023-01-30T12:32:59","guid":{"rendered":"https:\/\/www.premlink.net\/?post_type=product&#038;p=2035"},"modified":"2024-10-09T16:37:04","modified_gmt":"2024-10-09T08:37:04","slug":"nodo-optico-wdm","status":"publish","type":"product","link":"https:\/\/www.premlink.net\/es\/product\/optical-wdm-node\/","title":{"rendered":"Receptor \u00f3ptico CATV PL200A-5 (XGSPON y GPON Pass)"},"content":{"rendered":"<p>El nodo \u00f3ptico WDM PL200A-5 FTTH es el dispositivo \u00f3ptico ideal para la superposici\u00f3n de v\u00eddeo RF en redes XGSPON y GPON. Incorpora un componente FWDM que separa las se\u00f1ales mixtas en una se\u00f1al CATV de 1550 nm y se\u00f1ales PON de 1310 nm\/1490 nm o\/y 1270 nm\/1577 nm. El nodo \u00f3ptico WDM PL200A-5 FTTH convierte la se\u00f1al \u00f3ptica CATV de 1550 nm en una se\u00f1al RF. Gracias a sus componentes de alto rendimiento, tras la amplificaci\u00f3n, la se\u00f1al mantiene un alto nivel de rendimiento y se env\u00eda a los suscriptores. Una vez separadas, las se\u00f1ales PON de 1310 nm\/1490 nm o\/y 1270 nm\/1577 nm se env\u00edan a la ONU de los suscriptores, donde se proporcionan servicios de Internet, datos y voz.<\/p>\n<p><strong>Diagrama de bloques<br \/>\n<\/strong><\/p>\n<figure id=\"attachment_9903\" aria-describedby=\"caption-attachment-9903\" style=\"width: 747px\" class=\"wp-caption aligncenter\"><img fetchpriority=\"high\" decoding=\"async\" class=\"wp-image-9903\" src=\"https:\/\/www.premlink.net\/wp-content\/uploads\/2024\/09\/PL160A-Block-Diagram.jpg\" alt=\"Diagrama de bloques del receptor \u00f3ptico PL160A\" width=\"747\" height=\"174\" srcset=\"https:\/\/www.premlink.net\/wp-content\/uploads\/2024\/09\/PL160A-Block-Diagram.jpg 880w, https:\/\/www.premlink.net\/wp-content\/uploads\/2024\/09\/PL160A-Block-Diagram-500x116.jpg 500w, https:\/\/www.premlink.net\/wp-content\/uploads\/2024\/09\/PL160A-Block-Diagram-800x186.jpg 800w, https:\/\/www.premlink.net\/wp-content\/uploads\/2024\/09\/PL160A-Block-Diagram-300x70.jpg 300w, https:\/\/www.premlink.net\/wp-content\/uploads\/2024\/09\/PL160A-Block-Diagram-768x179.jpg 768w\" sizes=\"(max-width: 747px) 100vw, 747px\" \/><figcaption id=\"caption-attachment-9903\" class=\"wp-caption-text\">Diagrama de bloques del nodo WDM \u00f3ptico FTTH PL200A-5<\/figcaption><\/figure>\n<p><strong><b>Explicaci\u00f3n funcional<\/b><\/strong><strong><b>\u00a0<\/b><\/strong><\/p>\n<p><img decoding=\"async\" class=\"wp-image-9926\" src=\"https:\/\/www.premlink.net\/wp-content\/uploads\/2024\/09\/PL200A-5-FTTH-WDM-Optical-Receiver.png\" alt=\"Receptor \u00f3ptico WDM FTTH PL200A-5\" width=\"406\" height=\"321\" srcset=\"https:\/\/www.premlink.net\/wp-content\/uploads\/2024\/09\/PL200A-5-FTTH-WDM-Optical-Receiver.png 704w, https:\/\/www.premlink.net\/wp-content\/uploads\/2024\/09\/PL200A-5-FTTH-WDM-Optical-Receiver-500x395.png 500w, https:\/\/www.premlink.net\/wp-content\/uploads\/2024\/09\/PL200A-5-FTTH-WDM-Optical-Receiver-300x237.png 300w, https:\/\/www.premlink.net\/wp-content\/uploads\/2024\/09\/PL200A-5-FTTH-WDM-Optical-Receiver-480x379.png 480w\" sizes=\"(max-width: 406px) 100vw, 406px\" \/><\/p>\n<table>\n<tbody>\n<tr>\n<td width=\"66\"><strong><b>No.<\/b><\/strong><\/td>\n<td width=\"239\"><strong><b>Descripci\u00f3n<\/b><\/strong><\/td>\n<td width=\"67\"><strong><b>No.<\/b><\/strong><\/td>\n<td width=\"258\"><strong><b>Descripci\u00f3n<\/b><\/strong><\/td>\n<\/tr>\n<tr>\n<td width=\"66\">1<\/td>\n<td width=\"239\">Puerto COM<\/td>\n<td width=\"67\">2<\/td>\n<td width=\"258\">Puerto XGSPON y GPON<\/td>\n<\/tr>\n<tr>\n<td width=\"66\">3<\/td>\n<td width=\"239\">Indicador LED \u00f3ptico<\/td>\n<td width=\"67\">4<\/td>\n<td width=\"258\">Indicador de encendido<\/td>\n<\/tr>\n<tr>\n<td width=\"66\">5<\/td>\n<td width=\"239\">Atenuador ajustable<\/td>\n<td width=\"67\">6<\/td>\n<td width=\"258\">Salida de RF<\/td>\n<\/tr>\n<tr>\n<td width=\"66\">7<\/td>\n<td width=\"239\">Conector de alimentaci\u00f3n de CC<\/td>\n<td width=\"67\"><\/td>\n<td width=\"258\"><\/td>\n<\/tr>\n<\/tbody>\n<\/table>\n<p><em><strong>Especificaciones<\/strong><\/em><\/p>\n<p><strong><b>Caracter\u00edsticas \u00f3pticas<\/b><\/strong><\/p>\n<table>\n<tbody>\n<tr>\n<td width=\"279\"><strong><b>Par\u00e1metro<\/b><\/strong><\/td>\n<td width=\"70\"><strong><b>Unidad<\/b><\/strong><\/td>\n<td width=\"289\"><strong><b>Valor<\/b><\/strong><\/td>\n<\/tr>\n<tr>\n<td width=\"279\">Longitud de onda \u00f3ptica de CATV<\/td>\n<td width=\"70\">nm<\/td>\n<td width=\"289\">1540~1560<\/td>\n<\/tr>\n<tr>\n<td width=\"279\">Reflejar la longitud de onda del canal<\/td>\n<td width=\"70\">nm<\/td>\n<td width=\"289\">1260~1550 y 1575~1580<\/td>\n<\/tr>\n<tr>\n<td width=\"279\">Aislamiento \u00f3ptico \u2013 Aprobado<\/td>\n<td width=\"70\">dB<\/td>\n<td width=\"289\">\u226535 a 1310 nm<\/p>\n<p>\u226530 a 1577 nm y 1490 nm<\/td>\n<\/tr>\n<tr>\n<td width=\"279\">Aislamiento \u00f3ptico \u2013 Reflectante<\/td>\n<td width=\"70\">dB<\/td>\n<td width=\"289\">\u226518 a 1550 nm<\/td>\n<\/tr>\n<tr>\n<td width=\"279\">P\u00e9rdida de inserci\u00f3n en el canal de paso<\/td>\n<td width=\"70\">dB<\/td>\n<td width=\"289\">\u22641,0 (p\u00e9rdida del adaptador incluida)<\/td>\n<\/tr>\n<tr>\n<td width=\"279\">P\u00e9rdida de inserci\u00f3n en el canal de reflexi\u00f3n<\/td>\n<td width=\"70\">dB<\/td>\n<td width=\"289\">\u22641,0 (p\u00e9rdida del adaptador incluida)<\/td>\n<\/tr>\n<tr>\n<td width=\"279\">Gama AGC<\/td>\n<td width=\"70\">dBm<\/td>\n<td width=\"289\">-7~0<\/td>\n<\/tr>\n<tr>\n<td width=\"279\">P\u00e9rdida de retorno \u00f3ptico<\/td>\n<td width=\"70\">dB<\/td>\n<td width=\"289\">\u226540<\/td>\n<\/tr>\n<tr>\n<td width=\"279\">Tipo de fibra \u00f3ptica<\/td>\n<td width=\"70\">-<\/td>\n<td width=\"289\">SM<\/td>\n<\/tr>\n<tr>\n<td width=\"279\">Tipo de conector<\/td>\n<td width=\"70\">-<\/td>\n<td width=\"289\">FC, SC o LC<\/td>\n<\/tr>\n<\/tbody>\n<\/table>\n<p><strong><b>\u00a0<\/b><\/strong><strong><b>Caracter\u00edsticas RF<\/b><\/strong><\/p>\n<table>\n<tbody>\n<tr>\n<td width=\"278\"><strong><b>Par\u00e1metro<\/b><\/strong><\/td>\n<td width=\"70\"><strong><b>Unidad<\/b><\/strong><\/td>\n<td width=\"287\"><strong><b>Valor<\/b><\/strong><\/td>\n<\/tr>\n<tr>\n<td width=\"278\">Gama de frecuencias<\/td>\n<td width=\"70\">MHz<\/td>\n<td width=\"287\">47~1002<\/td>\n<\/tr>\n<tr>\n<td width=\"278\">Planitud<\/td>\n<td width=\"70\">dB<\/td>\n<td width=\"287\">\u00b10.75<\/td>\n<\/tr>\n<tr>\n<td width=\"278\">Impedancia de salida<\/td>\n<td width=\"70\">\u03a9<\/td>\n<td width=\"287\">75<\/td>\n<\/tr>\n<tr>\n<td width=\"278\">P\u00e9rdida de retorno de RF<\/td>\n<td width=\"70\">dB<\/td>\n<td width=\"287\">\u226514<\/td>\n<\/tr>\n<tr>\n<td width=\"278\">Estabilidad de la salida de RF en el rango de AGC<\/td>\n<td width=\"70\">dB<\/td>\n<td width=\"287\">\u00b11.0<\/td>\n<\/tr>\n<tr>\n<td width=\"278\">Nivel de salida de RF<\/td>\n<td width=\"70\">dB\u03bcV<\/td>\n<td width=\"287\">76\u00b11 o 86\u00b11<\/td>\n<\/tr>\n<tr>\n<td width=\"278\">ATT ajustable<\/td>\n<td width=\"70\">dB<\/td>\n<td width=\"287\">-10~0<\/td>\n<\/tr>\n<tr>\n<td width=\"278\">Puertos de salida<\/td>\n<td width=\"70\">-<\/td>\n<td width=\"287\">1<\/td>\n<\/tr>\n<tr>\n<td width=\"278\">CTB<\/td>\n<td width=\"70\">dBc<\/td>\n<td width=\"287\">\u226563<\/td>\n<\/tr>\n<tr>\n<td width=\"278\">CSO<\/td>\n<td width=\"70\">dBc<\/td>\n<td width=\"287\">\u226563<\/td>\n<\/tr>\n<tr>\n<td width=\"278\">N.\u00ba de cliente<\/td>\n<td width=\"70\">dBc<\/td>\n<td width=\"287\">\u226550<\/td>\n<\/tr>\n<\/tbody>\n<\/table>\n<p>1.Condici\u00f3n de prueba: OMI=3.5%, potencia de entrada \u00f3ptica a -1 dBm, salida de se\u00f1al de 98 canales, por encima de 550 MHz con un desplazamiento de -10 dB.<\/p>\n<p><strong><b>Otros<\/b><\/strong><\/p>\n<table>\n<tbody>\n<tr>\n<td width=\"278\"><strong><b>Par\u00e1metro<\/b><\/strong><\/td>\n<td width=\"73\"><strong><b>Unidad<\/b><\/strong><\/td>\n<td width=\"289\"><strong><b>Valor<\/b><\/strong><\/td>\n<\/tr>\n<tr>\n<td width=\"278\">Tensi\u00f3n de funcionamiento (Fuente de alimentaci\u00f3n externa)<\/td>\n<td width=\"73\">VDC<\/td>\n<td width=\"289\">9<\/td>\n<\/tr>\n<tr>\n<td width=\"278\">Peso sin fuente de alimentaci\u00f3n<\/td>\n<td width=\"73\">kg<\/td>\n<td width=\"289\">0.2<\/td>\n<\/tr>\n<tr>\n<td width=\"278\">Consumo de energ\u00eda<\/td>\n<td width=\"73\">W<\/td>\n<td width=\"289\">2.5<\/td>\n<\/tr>\n<tr>\n<td width=\"278\">Conector de salida<\/td>\n<td width=\"73\">-<\/td>\n<td width=\"289\">F<\/td>\n<\/tr>\n<tr>\n<td width=\"278\">Temperatura de funcionamiento<\/td>\n<td width=\"73\">\u2103<\/td>\n<td width=\"289\">-10~+50<\/td>\n<\/tr>\n<tr>\n<td width=\"278\">Dimensiones (L*An*Al)<\/td>\n<td width=\"73\">mm<\/td>\n<td width=\"289\">138*100*27.5<\/td>\n<\/tr>\n<\/tbody>\n<\/table>\n<p>Bienvenido a la consulta sobre el nodo \u00f3ptico WDM FTTH PL200A-5.<\/p>","protected":false},"excerpt":{"rendered":"<p><strong>Caracter\u00edsticas principales<\/strong><br \/>\nRango de AGC: -7 ~0 dBm<br \/>\nExcelente rendimiento no lineal<br \/>\nAtenuador ajustable<br \/>\nPantalla indicadora \u00f3ptica<br \/>\nAdaptador de corriente conmutado externo<\/p>\n<p><strong>Plazos de entrega<br \/>\n<\/strong>El plazo de entrega est\u00e1ndar es el siguiente; en caso de urgencia, es negociable.<\/p>\n<table>\n<tbody>\n<tr>\n<td>Cantidad (PCS)<\/td>\n<td>100<\/td>\n<td>5K<\/td>\n<td>&gt; 5K<\/td>\n<\/tr>\n<tr>\n<td>Plazo de entrega (d\u00edas)<\/td>\n<td>15<\/td>\n<td>25<\/td>\n<td>A negociar<\/td>\n<\/tr>\n<\/tbody>\n<\/table>\n<p><strong>Compra de muestras<br \/>\n<\/strong>Cantidad m\u00ednima: 1 unidad<\/p>\n<p><strong>Personalizaci\u00f3n\u00a0<\/strong><br \/>\nLogotipos\/etiquetas temporales personalizados<br \/>\nCantidad m\u00ednima: 1 unidad<\/p>","protected":false},"featured_media":9942,"comment_status":"closed","ping_status":"closed","template":"","meta":{"site-sidebar-layout":"default","site-content-layout":"","ast-site-content-layout":"default","site-content-style":"default","site-sidebar-style":"default","ast-global-header-display":"","ast-banner-title-visibility":"","ast-main-header-display":"","ast-hfb-above-header-display":"","ast-hfb-below-header-display":"","ast-hfb-mobile-header-display":"","site-post-title":"","ast-breadcrumbs-content":"","ast-featured-img":"","footer-sml-layout":"","ast-disable-related-posts":"","theme-transparent-header-meta":"default","adv-header-id-meta":"","stick-header-meta":"default","header-above-stick-meta":"","header-main-stick-meta":"","header-below-stick-meta":"","astra-migrate-meta-layouts":"set","ast-page-background-enabled":"default","ast-page-background-meta":{"desktop":{"background-color":"var(--ast-global-color-4)","background-image":"","background-repeat":"repeat","background-position":"center center","background-size":"auto","background-attachment":"scroll","background-type":"","background-media":"","overlay-type":"","overlay-color":"","overlay-opacity":"","overlay-gradient":""},"tablet":{"background-color":"","background-image":"","background-repeat":"repeat","background-position":"center center","background-size":"auto","background-attachment":"scroll","background-type":"","background-media":"","overlay-type":"","overlay-color":"","overlay-opacity":"","overlay-gradient":""},"mobile":{"background-color":"","background-image":"","background-repeat":"repeat","background-position":"center center","background-size":"auto","background-attachment":"scroll","background-type":"","background-media":"","overlay-type":"","overlay-color":"","overlay-opacity":"","overlay-gradient":""}},"ast-content-background-meta":{"desktop":{"background-color":"var(--ast-global-color-5)","background-image":"","background-repeat":"repeat","background-position":"center center","background-size":"auto","background-attachment":"scroll","background-type":"","background-media":"","overlay-type":"","overlay-color":"","overlay-opacity":"","overlay-gradient":""},"tablet":{"background-color":"var(--ast-global-color-5)","background-image":"","background-repeat":"repeat","background-position":"center center","background-size":"auto","background-attachment":"scroll","background-type":"","background-media":"","overlay-type":"","overlay-color":"","overlay-opacity":"","overlay-gradient":""},"mobile":{"background-color":"var(--ast-global-color-5)","background-image":"","background-repeat":"repeat","background-position":"center center","background-size":"auto","background-attachment":"scroll","background-type":"","background-media":"","overlay-type":"","overlay-color":"","overlay-opacity":"","overlay-gradient":""}}},"product_brand":[],"product_cat":[74],"product_tag":[],"class_list":{"0":"post-2035","1":"product","2":"type-product","3":"status-publish","4":"has-post-thumbnail","6":"product_cat-ftth-wdm-optical-receiver","7":"desktop-align-center","8":"tablet-align-left","9":"mobile-align-left","10":"ast-product-gallery-layout-horizontal-slider","11":"ast-product-tabs-layout-horizontal","13":"first","14":"instock","15":"shipping-taxable","16":"product-type-simple"},"_links":{"self":[{"href":"https:\/\/www.premlink.net\/es\/wp-json\/wp\/v2\/product\/2035","targetHints":{"allow":["GET"]}}],"collection":[{"href":"https:\/\/www.premlink.net\/es\/wp-json\/wp\/v2\/product"}],"about":[{"href":"https:\/\/www.premlink.net\/es\/wp-json\/wp\/v2\/types\/product"}],"replies":[{"embeddable":true,"href":"https:\/\/www.premlink.net\/es\/wp-json\/wp\/v2\/comments?post=2035"}],"version-history":[{"count":0,"href":"https:\/\/www.premlink.net\/es\/wp-json\/wp\/v2\/product\/2035\/revisions"}],"wp:featuredmedia":[{"embeddable":true,"href":"https:\/\/www.premlink.net\/es\/wp-json\/wp\/v2\/media\/9942"}],"wp:attachment":[{"href":"https:\/\/www.premlink.net\/es\/wp-json\/wp\/v2\/media?parent=2035"}],"wp:term":[{"taxonomy":"product_brand","embeddable":true,"href":"https:\/\/www.premlink.net\/es\/wp-json\/wp\/v2\/product_brand?post=2035"},{"taxonomy":"product_cat","embeddable":true,"href":"https:\/\/www.premlink.net\/es\/wp-json\/wp\/v2\/product_cat?post=2035"},{"taxonomy":"product_tag","embeddable":true,"href":"https:\/\/www.premlink.net\/es\/wp-json\/wp\/v2\/product_tag?post=2035"}],"curies":[{"name":"wp","href":"https:\/\/api.w.org\/{rel}","templated":true}]}}