{"id":1138,"date":"2022-09-27T14:49:42","date_gmt":"2022-09-27T06:49:42","guid":{"rendered":"https:\/\/www.premlink.net\/?post_type=product&#038;p=1138"},"modified":"2024-10-10T15:04:51","modified_gmt":"2024-10-10T07:04:51","slug":"nodo-receptor-optico","status":"publish","type":"product","link":"https:\/\/www.premlink.net\/es\/product\/optical-receiver-node\/","title":{"rendered":"Receptor \u00d3ptico PL200A-1 FTTH"},"content":{"rendered":"<p>El nodo receptor \u00f3ptico FTTH PL200A-1 es un mini nodo tradicional. Utiliza un tubo convertidor de alta eficiencia y un circuito integrado amplificador MMIC de bajo ruido para mantener un excelente rendimiento tras la amplificaci\u00f3n y los ajustes. Tras a\u00f1adir una etapa de amplificaci\u00f3n adicional, el nivel de salida aument\u00f3 a 90 dBuV, lo que lo hace id\u00f3neo para aplicaciones FTTB. Es altamente fiable y ofrece una larga vida \u00fatil.<\/p>\n<p>Diagrama de bloques<\/p>\n<figure id=\"attachment_10051\" aria-describedby=\"caption-attachment-10051\" style=\"width: 819px\" class=\"wp-caption aligncenter\"><img fetchpriority=\"high\" decoding=\"async\" class=\"wp-image-10051\" src=\"https:\/\/www.premlink.net\/wp-content\/uploads\/2022\/10\/CATV-Optical-Receiver-Block-Diagram.png\" alt=\"Diagrama de bloques del receptor \u00f3ptico CATV\" width=\"819\" height=\"205\" srcset=\"https:\/\/www.premlink.net\/wp-content\/uploads\/2022\/10\/CATV-Optical-Receiver-Block-Diagram.png 951w, https:\/\/www.premlink.net\/wp-content\/uploads\/2022\/10\/CATV-Optical-Receiver-Block-Diagram-500x125.png 500w, https:\/\/www.premlink.net\/wp-content\/uploads\/2022\/10\/CATV-Optical-Receiver-Block-Diagram-800x200.png 800w, https:\/\/www.premlink.net\/wp-content\/uploads\/2022\/10\/CATV-Optical-Receiver-Block-Diagram-300x75.png 300w, https:\/\/www.premlink.net\/wp-content\/uploads\/2022\/10\/CATV-Optical-Receiver-Block-Diagram-768x192.png 768w\" sizes=\"(max-width: 819px) 100vw, 819px\" \/><figcaption id=\"caption-attachment-10051\" class=\"wp-caption-text\">Diagrama de bloques del nodo receptor \u00f3ptico FTTH PL200A-1<\/figcaption><\/figure>\n<p><em><strong>Especificaciones<\/strong><\/em><\/p>\n<p><strong><b>Caracter\u00edsticas \u00f3pticas<\/b><\/strong><\/p>\n<table>\n<tbody>\n<tr>\n<td width=\"279\"><strong><b>Par\u00e1metro<\/b><\/strong><\/td>\n<td width=\"70\"><strong><b>Unidad<\/b><\/strong><\/td>\n<td width=\"289\"><strong><b>Valor<\/b><\/strong><\/td>\n<\/tr>\n<tr>\n<td width=\"279\">Longitud de onda \u00f3ptica de CATV<\/td>\n<td width=\"70\">nm<\/td>\n<td width=\"289\">1100~1650<\/td>\n<\/tr>\n<tr>\n<td width=\"279\">Gama AGC<\/td>\n<td width=\"70\">dBm<\/td>\n<td width=\"289\">-7~0<\/td>\n<\/tr>\n<tr>\n<td width=\"279\">P\u00e9rdida de retorno \u00f3ptico<\/td>\n<td width=\"70\">dB<\/td>\n<td width=\"289\">\u226545<\/td>\n<\/tr>\n<tr>\n<td width=\"279\">Tipo de fibra \u00f3ptica<\/td>\n<td width=\"70\">-<\/td>\n<td width=\"289\">SM<\/td>\n<\/tr>\n<tr>\n<td width=\"279\">Tipo de conector<\/td>\n<td width=\"70\">-<\/td>\n<td width=\"289\">FC, SC o LC<\/td>\n<\/tr>\n<\/tbody>\n<\/table>\n<p><strong><b>Caracter\u00edsticas RF<\/b><\/strong><\/p>\n<table>\n<tbody>\n<tr>\n<td width=\"278\"><strong><b>Par\u00e1metro<\/b><\/strong><\/td>\n<td width=\"70\"><strong><b>Unidad<\/b><\/strong><\/td>\n<td width=\"287\"><strong><b>Valor<\/b><\/strong><\/td>\n<\/tr>\n<tr>\n<td width=\"278\">Gama de frecuencias<\/td>\n<td width=\"70\">MHz<\/td>\n<td width=\"287\">47~1002<\/td>\n<\/tr>\n<tr>\n<td width=\"278\">Planitud<\/td>\n<td width=\"70\">dB<\/td>\n<td width=\"287\">\u00b10.75<\/td>\n<\/tr>\n<tr>\n<td width=\"278\">Impedancia de salida<\/td>\n<td width=\"70\">\u03a9<\/td>\n<td width=\"287\">75<\/td>\n<\/tr>\n<tr>\n<td width=\"278\">P\u00e9rdida de retorno de RF<\/td>\n<td width=\"70\">dB<\/td>\n<td width=\"287\">\u226514<\/td>\n<\/tr>\n<tr>\n<td width=\"278\">Estabilidad de la salida de RF en el rango de AGC<\/td>\n<td width=\"70\">dB<\/td>\n<td width=\"287\">\u00b11.0<\/td>\n<\/tr>\n<tr>\n<td width=\"278\">Nivel de salida de RF<\/td>\n<td width=\"70\">dB\u03bcV<\/td>\n<td width=\"287\">76\u00b11 o 86\u00b11<\/td>\n<\/tr>\n<tr>\n<td width=\"278\">ATT ajustable<\/td>\n<td width=\"70\">dB<\/td>\n<td width=\"287\">-10~0<\/td>\n<\/tr>\n<tr>\n<td width=\"278\">Puertos de salida<\/td>\n<td width=\"70\">-<\/td>\n<td width=\"287\">1<\/td>\n<\/tr>\n<tr>\n<td width=\"278\">CTB<\/td>\n<td width=\"70\">dBc<\/td>\n<td width=\"287\">\u226563<\/td>\n<\/tr>\n<tr>\n<td width=\"278\">CSO<\/td>\n<td width=\"70\">dBc<\/td>\n<td width=\"287\">\u226563<\/td>\n<\/tr>\n<tr>\n<td width=\"278\">N.\u00ba de cliente<\/td>\n<td width=\"70\">dBc<\/td>\n<td width=\"287\">\u226550<\/td>\n<\/tr>\n<\/tbody>\n<\/table>\n<p>1.Condici\u00f3n de prueba: OMI=3.5%, potencia de entrada \u00f3ptica a -1 dBm, salida de se\u00f1al de 98 canales, por encima de 550 MHz con un desplazamiento de -10 dB.<\/p>\n<p><strong><b>Otros<\/b><\/strong><\/p>\n<table>\n<tbody>\n<tr>\n<td width=\"278\"><strong><b>Par\u00e1metro<\/b><\/strong><\/td>\n<td width=\"73\"><strong><b>Unidad<\/b><\/strong><\/td>\n<td width=\"289\"><strong><b>Valor<\/b><\/strong><\/td>\n<\/tr>\n<tr>\n<td width=\"278\">Tensi\u00f3n de funcionamiento (Fuente de alimentaci\u00f3n externa)<\/td>\n<td width=\"73\">VDC<\/td>\n<td width=\"289\">9<\/td>\n<\/tr>\n<tr>\n<td width=\"278\">Peso sin fuente de alimentaci\u00f3n<\/td>\n<td width=\"73\">kg<\/td>\n<td width=\"289\">0.2<\/td>\n<\/tr>\n<tr>\n<td width=\"278\">Consumo de energ\u00eda<\/td>\n<td width=\"73\">W<\/td>\n<td width=\"289\">2.5<\/td>\n<\/tr>\n<tr>\n<td width=\"278\">Conector de salida<\/td>\n<td width=\"73\">-<\/td>\n<td width=\"289\">F<\/td>\n<\/tr>\n<tr>\n<td width=\"278\">Temperatura de funcionamiento<\/td>\n<td width=\"73\">\u2103<\/td>\n<td width=\"289\">-10~+50<\/td>\n<\/tr>\n<tr>\n<td width=\"278\">Dimensiones (L*An*Al)<\/td>\n<td width=\"73\">mm<\/td>\n<td width=\"289\">138*100*27.5<\/td>\n<\/tr>\n<\/tbody>\n<\/table>\n<p><span style=\"font-size: 1.3em; font-weight: bold;\">Bienvenido a la consulta sobre el nodo receptor \u00f3ptico FTTH PL200A-1.<\/span><\/p>","protected":false},"excerpt":{"rendered":"<p><strong>Caracter\u00edsticas principales<\/strong><br \/>\nRango de AGC: -7 ~0 dBm<br \/>\nAtenuador ajustable<br \/>\nPantalla indicadora \u00f3ptica<br \/>\nExcelente rendimiento no lineal<br \/>\nAdaptador de corriente conmutado externo<\/p>\n<p><strong>Plazos de entrega<br \/>\n<\/strong>El plazo de entrega est\u00e1ndar es el siguiente; en caso de urgencia, es negociable.<\/p>\n<table>\n<tbody>\n<tr>\n<td>Cantidad (PCS)<\/td>\n<td>100<\/td>\n<td>5K<\/td>\n<td>&gt; 5K<\/td>\n<\/tr>\n<tr>\n<td>Plazo de entrega (d\u00edas)<\/td>\n<td>15<\/td>\n<td>25<\/td>\n<td>A negociar<\/td>\n<\/tr>\n<\/tbody>\n<\/table>\n<p><strong>Compra de muestras<br \/>\n<\/strong>Cantidad m\u00ednima: 1 unidad<\/p>\n<p><strong>Personalizaci\u00f3n\u00a0<\/strong><br \/>\nLogotipos\/etiquetas temporales personalizados<br \/>\nCantidad m\u00ednima: 1 unidad<\/p>","protected":false},"featured_media":10056,"comment_status":"closed","ping_status":"closed","template":"","meta":{"site-sidebar-layout":"default","site-content-layout":"","ast-site-content-layout":"default","site-content-style":"default","site-sidebar-style":"default","ast-global-header-display":"","ast-banner-title-visibility":"","ast-main-header-display":"","ast-hfb-above-header-display":"","ast-hfb-below-header-display":"","ast-hfb-mobile-header-display":"","site-post-title":"","ast-breadcrumbs-content":"","ast-featured-img":"","footer-sml-layout":"","ast-disable-related-posts":"","theme-transparent-header-meta":"default","adv-header-id-meta":"","stick-header-meta":"default","header-above-stick-meta":"","header-main-stick-meta":"","header-below-stick-meta":"","astra-migrate-meta-layouts":"set","ast-page-background-enabled":"default","ast-page-background-meta":{"desktop":{"background-color":"var(--ast-global-color-4)","background-image":"","background-repeat":"repeat","background-position":"center center","background-size":"auto","background-attachment":"scroll","background-type":"","background-media":"","overlay-type":"","overlay-color":"","overlay-opacity":"","overlay-gradient":""},"tablet":{"background-color":"","background-image":"","background-repeat":"repeat","background-position":"center center","background-size":"auto","background-attachment":"scroll","background-type":"","background-media":"","overlay-type":"","overlay-color":"","overlay-opacity":"","overlay-gradient":""},"mobile":{"background-color":"","background-image":"","background-repeat":"repeat","background-position":"center center","background-size":"auto","background-attachment":"scroll","background-type":"","background-media":"","overlay-type":"","overlay-color":"","overlay-opacity":"","overlay-gradient":""}},"ast-content-background-meta":{"desktop":{"background-color":"var(--ast-global-color-5)","background-image":"","background-repeat":"repeat","background-position":"center center","background-size":"auto","background-attachment":"scroll","background-type":"","background-media":"","overlay-type":"","overlay-color":"","overlay-opacity":"","overlay-gradient":""},"tablet":{"background-color":"var(--ast-global-color-5)","background-image":"","background-repeat":"repeat","background-position":"center center","background-size":"auto","background-attachment":"scroll","background-type":"","background-media":"","overlay-type":"","overlay-color":"","overlay-opacity":"","overlay-gradient":""},"mobile":{"background-color":"var(--ast-global-color-5)","background-image":"","background-repeat":"repeat","background-position":"center center","background-size":"auto","background-attachment":"scroll","background-type":"","background-media":"","overlay-type":"","overlay-color":"","overlay-opacity":"","overlay-gradient":""}}},"product_brand":[],"product_cat":[4],"product_tag":[],"class_list":{"0":"post-1138","1":"product","2":"type-product","3":"status-publish","4":"has-post-thumbnail","6":"product_cat-optical-receiver","7":"desktop-align-center","8":"tablet-align-left","9":"mobile-align-left","10":"ast-product-gallery-layout-horizontal-slider","11":"ast-product-tabs-layout-horizontal","13":"first","14":"instock","15":"shipping-taxable","16":"product-type-simple"},"_links":{"self":[{"href":"https:\/\/www.premlink.net\/es\/wp-json\/wp\/v2\/product\/1138","targetHints":{"allow":["GET"]}}],"collection":[{"href":"https:\/\/www.premlink.net\/es\/wp-json\/wp\/v2\/product"}],"about":[{"href":"https:\/\/www.premlink.net\/es\/wp-json\/wp\/v2\/types\/product"}],"replies":[{"embeddable":true,"href":"https:\/\/www.premlink.net\/es\/wp-json\/wp\/v2\/comments?post=1138"}],"version-history":[{"count":0,"href":"https:\/\/www.premlink.net\/es\/wp-json\/wp\/v2\/product\/1138\/revisions"}],"wp:featuredmedia":[{"embeddable":true,"href":"https:\/\/www.premlink.net\/es\/wp-json\/wp\/v2\/media\/10056"}],"wp:attachment":[{"href":"https:\/\/www.premlink.net\/es\/wp-json\/wp\/v2\/media?parent=1138"}],"wp:term":[{"taxonomy":"product_brand","embeddable":true,"href":"https:\/\/www.premlink.net\/es\/wp-json\/wp\/v2\/product_brand?post=1138"},{"taxonomy":"product_cat","embeddable":true,"href":"https:\/\/www.premlink.net\/es\/wp-json\/wp\/v2\/product_cat?post=1138"},{"taxonomy":"product_tag","embeddable":true,"href":"https:\/\/www.premlink.net\/es\/wp-json\/wp\/v2\/product_tag?post=1138"}],"curies":[{"name":"wp","href":"https:\/\/api.w.org\/{rel}","templated":true}]}}