{"id":3,"date":"2020-05-21T13:00:23","date_gmt":"2020-05-21T13:00:23","guid":{"rendered":"https:\/\/themes.muffingroup.com\/be\/grocery2_el\/?page_id=3"},"modified":"2026-04-20T13:17:39","modified_gmt":"2026-04-20T05:17:39","slug":"politica-de-privacidad-de-premlink","status":"publish","type":"page","link":"https:\/\/www.premlink.net\/es\/premlink-privacy-policy\/","title":{"rendered":"Pol\u00edtica de privacidad de Premlink"},"content":{"rendered":"<h2 class=\"wp-block-heading\">Pol\u00edtica de privacidad de Premlink<\/h2>\n\n\n\n<h2 class=\"wp-block-heading\"><strong>1. Alcance de la Pol\u00edtica de Privacidad de Premlink<\/strong><\/h2>\n\n\n\n<p>Bienvenido al sitio oficial <strong>pol\u00edtica de privacidad<\/strong> p\u00e1gina. En <strong>EnlacePremio<\/strong> (<a href=\"https:\/\/www.premlink.net\/es\/\" target=\"_blank\" rel=\"noreferrer noopener\">https:\/\/www.premlink.net<\/a>), priorizamos la seguridad de los datos de su negocio. <strong>pol\u00edtica de privacidad<\/strong> Se aplica a todos los visitantes que pregunten sobre nuestros <strong>Receptor \u00f3ptico EDFA, EYDFA y FTTH<\/strong> soluciones. Al utilizar nuestro sitio web, usted acepta las pr\u00e1cticas de datos descritas en este documento. <strong>pol\u00edtica de privacidad<\/strong>.<\/p>\n\n\n\n<h2 class=\"wp-block-heading\"><strong>2. Informaci\u00f3n recopilada conforme a la Pol\u00edtica de privacidad<\/strong><\/h2>\n\n\n\n<p>Como parte de la <strong>Pol\u00edtica de privacidad de Premlink<\/strong>, Recopilamos informaci\u00f3n espec\u00edfica para brindar servicios B2B profesionales:<\/p>\n\n\n\n<ul class=\"wp-block-list\">\n<li><strong>Datos de contacto:<\/strong> Al solicitar un presupuesto para <strong><a href=\"https:\/\/www.premlink.net\/es\/catv-edfa-eydfa\/\">EDFA de CATV<\/a><\/strong> o <strong>XGSPON EYDFA<\/strong>, Su nombre y correo electr\u00f3nico est\u00e1n protegidos.<\/li>\n\n\n\n<li><strong>Especificaciones t\u00e9cnicas:<\/strong> Informaci\u00f3n relativa a su <strong>Red FTTH<\/strong> Los requisitos se manejan de forma segura bajo este <strong>pol\u00edtica de privacidad<\/strong>.<\/li>\n\n\n\n<li><strong>Datos del navegador:<\/strong> Recopilamos direcciones IP para optimizar el <strong>EnlacePremio<\/strong> experiencia del usuario, tal como se describe en nuestro <strong>pol\u00edtica de privacidad<\/strong>.<\/li>\n<\/ul>\n\n\n\n<h2 class=\"wp-block-heading\"><strong>3. Uso de datos seg\u00fan la Pol\u00edtica de privacidad de Premlink<\/strong><\/h2>\n\n\n\n<p>En <strong>Pol\u00edtica de privacidad de Premlink<\/strong> garantiza que sus datos se utilicen \u00fanicamente para:<\/p>\n\n\n\n<ul class=\"wp-block-list\">\n<li>Brindar soporte t\u00e9cnico para <strong>1550nm <a href=\"https:\/\/en.wikipedia.org\/wiki\/Wavelength-division_multiplexing\" target=\"_blank\" rel=\"noopener\">WDM<\/a> mini nodo y receptores \u00f3pticos<\/strong> y <strong>Soluciones integradas WDM<\/strong>.<\/li>\n\n\n\n<li>Procesamiento de RFQ para <strong>EnlacePremio<\/strong>\u2018Especializado <strong>amplificadores de fibra \u00f3ptica<\/strong>.<\/li>\n\n\n\n<li>Mejorar la seguridad y el rendimiento de la <strong>EnlacePremio<\/strong> plataforma digital en l\u00ednea con la <strong>pol\u00edtica de privacidad<\/strong>.<\/li>\n<\/ul>\n\n\n\n<h2 class=\"wp-block-heading\"><strong>4. Pol\u00edtica de privacidad de Premlink sobre retenci\u00f3n de datos<\/strong><\/h2>\n\n\n\n<p>Bajo el <strong>Pol\u00edtica de privacidad de Premlink<\/strong>, conservamos los datos de consultas comerciales solo durante el tiempo necesario para cumplir con los compromisos de la cadena de suministro. <strong>pol\u00edtica de privacidad<\/strong> Garantizamos que no vendemos sus datos a terceros. Cada <strong>EnlacePremio<\/strong> El cliente tiene derecho a solicitar la eliminaci\u00f3n de datos seg\u00fan las directrices establecidas en el documento. <strong>pol\u00edtica de privacidad<\/strong>.<\/p>\n\n\n\n<h2 class=\"wp-block-heading\"><strong>5. Medidas de seguridad en la Pol\u00edtica de privacidad de Premlink<\/strong><\/h2>\n\n\n\n<p>La seguridad es una piedra angular de la <strong>pol\u00edtica de privacidad<\/strong>. Utilizamos cifrado SSL para proteger cada transacci\u00f3n y consulta. <strong>pol\u00edtica de privacidad<\/strong> se actualiza peri\u00f3dicamente para cumplir con los est\u00e1ndares globales de protecci\u00f3n de datos, garantizando su <strong>Red de televisi\u00f3n por cable<\/strong> Los datos comerciales permanecen confidenciales.<\/p>\n\n\n\n<h2 class=\"wp-block-heading\"><strong>6. C\u00f3mo contactarnos en relaci\u00f3n con la Pol\u00edtica de privacidad<\/strong><\/h2>\n\n\n\n<p>Si tiene preguntas sobre el <strong>pol\u00edtica de privacidad<\/strong> o nuestro <strong>Productos FTTH\/CATV<\/strong>, por favor contacte con el <strong>EnlacePremio<\/strong> equipo directamente a trav\u00e9s de nuestro sitio web. Este <strong>pol\u00edtica de privacidad<\/strong> La \u00faltima actualizaci\u00f3n se realiz\u00f3 para garantizar el pleno cumplimiento de las normativas internacionales de comercio B2B.<\/p>","protected":false},"excerpt":{"rendered":"<p>Premlink Privacy Policy 1. Scope of Premlink Privacy Policy Welcome to the official Privacy Policy page. At Premlink (https:\/\/www.premlink.net), we [&hellip;]<\/p>\n","protected":false},"author":1,"featured_media":397,"parent":0,"menu_order":0,"comment_status":"closed","ping_status":"open","template":"","meta":{"site-sidebar-layout":"default","site-content-layout":"","ast-site-content-layout":"default","site-content-style":"default","site-sidebar-style":"default","ast-global-header-display":"","ast-banner-title-visibility":"","ast-main-header-display":"","ast-hfb-above-header-display":"","ast-hfb-below-header-display":"","ast-hfb-mobile-header-display":"","site-post-title":"","ast-breadcrumbs-content":"","ast-featured-img":"","footer-sml-layout":"","ast-disable-related-posts":"","theme-transparent-header-meta":"","adv-header-id-meta":"","stick-header-meta":"","header-above-stick-meta":"","header-main-stick-meta":"","header-below-stick-meta":"","astra-migrate-meta-layouts":"default","ast-page-background-enabled":"default","ast-page-background-meta":{"desktop":{"background-color":"var(--ast-global-color-4)","background-image":"","background-repeat":"repeat","background-position":"center center","background-size":"auto","background-attachment":"scroll","background-type":"","background-media":"","overlay-type":"","overlay-color":"","overlay-opacity":"","overlay-gradient":""},"tablet":{"background-color":"","background-image":"","background-repeat":"repeat","background-position":"center center","background-size":"auto","background-attachment":"scroll","background-type":"","background-media":"","overlay-type":"","overlay-color":"","overlay-opacity":"","overlay-gradient":""},"mobile":{"background-color":"","background-image":"","background-repeat":"repeat","background-position":"center center","background-size":"auto","background-attachment":"scroll","background-type":"","background-media":"","overlay-type":"","overlay-color":"","overlay-opacity":"","overlay-gradient":""}},"ast-content-background-meta":{"desktop":{"background-color":"var(--ast-global-color-5)","background-image":"","background-repeat":"repeat","background-position":"center center","background-size":"auto","background-attachment":"scroll","background-type":"","background-media":"","overlay-type":"","overlay-color":"","overlay-opacity":"","overlay-gradient":""},"tablet":{"background-color":"var(--ast-global-color-5)","background-image":"","background-repeat":"repeat","background-position":"center center","background-size":"auto","background-attachment":"scroll","background-type":"","background-media":"","overlay-type":"","overlay-color":"","overlay-opacity":"","overlay-gradient":""},"mobile":{"background-color":"var(--ast-global-color-5)","background-image":"","background-repeat":"repeat","background-position":"center center","background-size":"auto","background-attachment":"scroll","background-type":"","background-media":"","overlay-type":"","overlay-color":"","overlay-opacity":"","overlay-gradient":""}},"footnotes":""},"class_list":["post-3","page","type-page","status-publish","has-post-thumbnail","hentry"],"_links":{"self":[{"href":"https:\/\/www.premlink.net\/es\/wp-json\/wp\/v2\/pages\/3","targetHints":{"allow":["GET"]}}],"collection":[{"href":"https:\/\/www.premlink.net\/es\/wp-json\/wp\/v2\/pages"}],"about":[{"href":"https:\/\/www.premlink.net\/es\/wp-json\/wp\/v2\/types\/page"}],"author":[{"embeddable":true,"href":"https:\/\/www.premlink.net\/es\/wp-json\/wp\/v2\/users\/1"}],"replies":[{"embeddable":true,"href":"https:\/\/www.premlink.net\/es\/wp-json\/wp\/v2\/comments?post=3"}],"version-history":[{"count":3,"href":"https:\/\/www.premlink.net\/es\/wp-json\/wp\/v2\/pages\/3\/revisions"}],"predecessor-version":[{"id":17499,"href":"https:\/\/www.premlink.net\/es\/wp-json\/wp\/v2\/pages\/3\/revisions\/17499"}],"wp:featuredmedia":[{"embeddable":true,"href":"https:\/\/www.premlink.net\/es\/wp-json\/wp\/v2\/media\/397"}],"wp:attachment":[{"href":"https:\/\/www.premlink.net\/es\/wp-json\/wp\/v2\/media?parent=3"}],"curies":[{"name":"wp","href":"https:\/\/api.w.org\/{rel}","templated":true}]}}