{"id":1442,"date":"2022-10-10T09:31:32","date_gmt":"2022-10-10T01:31:32","guid":{"rendered":"https:\/\/www.premlink.net\/?page_id=1442"},"modified":"2026-04-20T20:28:28","modified_gmt":"2026-04-20T12:28:28","slug":"guia-de-envio","status":"publish","type":"page","link":"https:\/\/www.premlink.net\/es\/shipping-guide\/","title":{"rendered":"Gu\u00eda de env\u00edo"},"content":{"rendered":"<div data-elementor-type=\"wp-page\" data-elementor-id=\"1442\" class=\"elementor elementor-1442\" data-elementor-post-type=\"page\">\n\t\t\t\t\t\t<section data-particle_enable=\"false\" data-particle-mobile-disabled=\"false\" class=\"elementor-section elementor-top-section elementor-element elementor-element-f3755d4 elementor-section-height-min-height elementor-section-boxed elementor-section-height-default elementor-section-items-middle\" data-id=\"f3755d4\" data-element_type=\"section\" data-e-type=\"section\" data-settings=\"{&quot;background_background&quot;:&quot;classic&quot;}\">\n\t\t\t\t\t\t\t<div class=\"elementor-background-overlay\"><\/div>\n\t\t\t\t\t\t\t<div class=\"elementor-container elementor-column-gap-no\">\n\t\t\t\t\t<div class=\"elementor-column elementor-col-100 elementor-top-column elementor-element elementor-element-d3a4eef\" data-id=\"d3a4eef\" data-element_type=\"column\" data-e-type=\"column\">\n\t\t\t<div class=\"elementor-widget-wrap elementor-element-populated\">\n\t\t\t\t\t\t<div class=\"elementor-element elementor-element-0f1d416 elementor-widget elementor-widget-heading\" data-id=\"0f1d416\" data-element_type=\"widget\" data-e-type=\"widget\" data-widget_type=\"heading.default\">\n\t\t\t\t\t<h1 class=\"elementor-heading-title elementor-size-default\">Gu\u00eda de env\u00edos \u2013 Entrega y log\u00edstica global <\/h1>\t\t\t\t<\/div>\n\t\t\t\t<div class=\"elementor-element elementor-element-4754f3e elementor-widget elementor-widget-text-editor\" data-id=\"4754f3e\" data-element_type=\"widget\" data-e-type=\"widget\" data-widget_type=\"text-editor.default\">\n\t\t\t\t\t\t\t\t\t<p><span style=\"color: #ffffff;\">Estamos ubicados en Hangzhou, China, y realizamos env\u00edos a todo el mundo. Para garantizar que su pedido se entregue de forma segura, clara y r\u00e1pida, nuestra gu\u00eda enumera los pasos, los plazos y la informaci\u00f3n importante que necesita saber. Seguridad de la cadena y para que sea m\u00e1s r\u00e1pido.<\/span><\/p>\t\t\t\t\t\t\t\t<\/div>\n\t\t\t\t<div class=\"elementor-element elementor-element-c8a98fe elementor-widget__width-initial elementor-widget elementor-widget-button\" data-id=\"c8a98fe\" data-element_type=\"widget\" data-e-type=\"widget\" data-widget_type=\"button.default\">\n\t\t\t\t\t\t\t\t\t\t<a class=\"elementor-button elementor-button-link elementor-size-sm\" href=\"#elementor-action%3Aaction%3Dpopup%3Aopen%26settings%3DeyJpZCI6IjE2Mjk2IiwidG9nZ2xlIjpmYWxzZX0%3D\">\n\t\t\t\t\t\t<span class=\"elementor-button-content-wrapper\">\n\t\t\t\t\t\t\t\t\t<span class=\"elementor-button-text\">Enviar PRESUPUESTO AHORA<\/span>\n\t\t\t\t\t<\/span>\n\t\t\t\t\t<\/a>\n\t\t\t\t\t\t\t\t<\/div>\n\t\t\t\t\t<\/div>\n\t\t<\/div>\n\t\t\t\t\t<\/div>\n\t\t<\/section>\n\t\t\t\t<section data-particle_enable=\"false\" data-particle-mobile-disabled=\"false\" class=\"elementor-section elementor-top-section elementor-element elementor-element-f684f34 elementor-section-boxed elementor-section-height-default elementor-section-height-default\" data-id=\"f684f34\" data-element_type=\"section\" data-e-type=\"section\">\n\t\t\t\t\t\t<div class=\"elementor-container elementor-column-gap-default\">\n\t\t\t\t\t<div class=\"elementor-column elementor-col-100 elementor-top-column elementor-element elementor-element-1c56ec6\" data-id=\"1c56ec6\" data-element_type=\"column\" data-e-type=\"column\">\n\t\t\t<div class=\"elementor-widget-wrap elementor-element-populated\">\n\t\t\t\t\t\t<div class=\"elementor-element elementor-element-c38a4eb elementor-widget elementor-widget-heading\" data-id=\"c38a4eb\" data-element_type=\"widget\" data-e-type=\"widget\" data-widget_type=\"heading.default\">\n\t\t\t\t\t<h2 class=\"elementor-heading-title elementor-size-default\">M\u00e9todos de env\u00edo disponibles<\/h2>\t\t\t\t<\/div>\n\t\t\t\t<div class=\"elementor-element elementor-element-626a1b6 elementor-widget elementor-widget-text-editor\" data-id=\"626a1b6\" data-element_type=\"widget\" data-e-type=\"widget\" data-widget_type=\"text-editor.default\">\n\t\t\t\t\t\t\t\t\t<p>Entregamos su pedido a trav\u00e9s de servicios de mensajer\u00eda internacional como transporte a\u00e9reo y expr\u00e9s, como EMS., <a href=\"http:\/\/www.fedex.com\" target=\"_blank\" rel=\"noopener\">FedEx<\/a>, UPS y DHL. Los clientes pueden elegir el m\u00e9todo de env\u00edo que prefieran. Normalmente, entregamos su paquete de dos maneras diferentes, con distintos plazos de entrega y costes de env\u00edo.<\/p>\t\t\t\t\t\t\t\t<\/div>\n\t\t\t\t<section data-particle_enable=\"false\" data-particle-mobile-disabled=\"false\" class=\"elementor-section elementor-inner-section elementor-element elementor-element-f3de73e elementor-section-boxed elementor-section-height-default elementor-section-height-default\" data-id=\"f3de73e\" data-element_type=\"section\" data-e-type=\"section\">\n\t\t\t\t\t\t<div class=\"elementor-container elementor-column-gap-default\">\n\t\t\t\t\t<div class=\"elementor-column elementor-col-100 elementor-inner-column elementor-element elementor-element-c9593d3\" data-id=\"c9593d3\" data-element_type=\"column\" data-e-type=\"column\">\n\t\t\t<div class=\"elementor-widget-wrap elementor-element-populated\">\n\t\t\t\t\t\t<div class=\"elementor-element elementor-element-211b4cc elementor-widget elementor-widget-image\" data-id=\"211b4cc\" data-element_type=\"widget\" data-e-type=\"widget\" data-widget_type=\"image.default\">\n\t\t\t\t\t\t\t\t\t\t\t\t\t\t\t<img fetchpriority=\"high\" decoding=\"async\" width=\"1536\" height=\"289\" src=\"https:\/\/www.premlink.net\/wp-content\/uploads\/2024\/10\/Shipping-ways-1536x289.jpg\" class=\"attachment-1536x1536 size-1536x1536 wp-image-12020\" alt=\"M\u00e9todos de env\u00edo\" srcset=\"https:\/\/www.premlink.net\/wp-content\/uploads\/2024\/10\/Shipping-ways-1536x289.jpg 1536w, https:\/\/www.premlink.net\/wp-content\/uploads\/2024\/10\/Shipping-ways-500x94.jpg 500w, https:\/\/www.premlink.net\/wp-content\/uploads\/2024\/10\/Shipping-ways-800x151.jpg 800w, https:\/\/www.premlink.net\/wp-content\/uploads\/2024\/10\/Shipping-ways-300x56.jpg 300w, https:\/\/www.premlink.net\/wp-content\/uploads\/2024\/10\/Shipping-ways-1024x193.jpg 1024w, https:\/\/www.premlink.net\/wp-content\/uploads\/2024\/10\/Shipping-ways-768x144.jpg 768w, https:\/\/www.premlink.net\/wp-content\/uploads\/2024\/10\/Shipping-ways.jpg 1600w\" sizes=\"(max-width: 1536px) 100vw, 1536px\" \/>\t\t\t\t\t\t\t\t\t\t\t\t\t\t\t<\/div>\n\t\t\t\t\t<\/div>\n\t\t<\/div>\n\t\t\t\t\t<\/div>\n\t\t<\/section>\n\t\t\t\t<section data-particle_enable=\"false\" data-particle-mobile-disabled=\"false\" class=\"elementor-section elementor-inner-section elementor-element elementor-element-7eeb4d9 elementor-section-boxed elementor-section-height-default elementor-section-height-default\" data-id=\"7eeb4d9\" data-element_type=\"section\" data-e-type=\"section\">\n\t\t\t\t\t\t<div class=\"elementor-container elementor-column-gap-default\">\n\t\t\t\t\t<div class=\"elementor-column elementor-col-50 elementor-inner-column elementor-element elementor-element-f8a1f2b\" data-id=\"f8a1f2b\" data-element_type=\"column\" data-e-type=\"column\">\n\t\t\t<div class=\"elementor-widget-wrap elementor-element-populated\">\n\t\t\t\t\t\t<div class=\"elementor-element elementor-element-9a5e7c1 elementor-widget elementor-widget-heading\" data-id=\"9a5e7c1\" data-element_type=\"widget\" data-e-type=\"widget\" data-widget_type=\"heading.default\">\n\t\t\t\t\t<h3 class=\"elementor-heading-title elementor-size-default\"> Servicio expr\u00e9s puerta a puerta (prioridad de velocidad)<\/h3>\t\t\t\t<\/div>\n\t\t\t\t<div class=\"elementor-element elementor-element-e4f8c16 elementor-widget elementor-widget-text-editor\" data-id=\"e4f8c16\" data-element_type=\"widget\" data-e-type=\"widget\" data-widget_type=\"text-editor.default\">\n\t\t\t\t\t\t\t\t\t<p>La forma m\u00e1s r\u00e1pida de enviar su pedido es a trav\u00e9s de una de las siguientes empresas de env\u00edo expr\u00e9s internacionales: DHL, UPS, FedEx o EMS. Este m\u00e9todo es r\u00e1pido, pero tambi\u00e9n costoso.<\/p>\t\t\t\t\t\t\t\t<\/div>\n\t\t\t\t\t<\/div>\n\t\t<\/div>\n\t\t\t\t<div class=\"elementor-column elementor-col-50 elementor-inner-column elementor-element elementor-element-80a2f1c\" data-id=\"80a2f1c\" data-element_type=\"column\" data-e-type=\"column\">\n\t\t\t<div class=\"elementor-widget-wrap elementor-element-populated\">\n\t\t\t\t\t\t<div class=\"elementor-element elementor-element-8b9fba7 elementor-widget elementor-widget-heading\" data-id=\"8b9fba7\" data-element_type=\"widget\" data-e-type=\"widget\" data-widget_type=\"heading.default\">\n\t\t\t\t\t<h3 class=\"elementor-heading-title elementor-size-default\">Transporte mar\u00edtimo de puerto a puerto (prioridad de costo)<\/h3>\t\t\t\t<\/div>\n\t\t\t\t<div class=\"elementor-element elementor-element-8be6c70 elementor-widget elementor-widget-text-editor\" data-id=\"8be6c70\" data-element_type=\"widget\" data-e-type=\"widget\" data-widget_type=\"text-editor.default\">\n\t\t\t\t\t\t\t\t\t<p>Usted deber\u00e1 contratar a su propio agente de transporte para que recoja la mercanc\u00eda en nuestra f\u00e1brica o en los puertos de Shangh\u00e1i o Ningbo, ya sea por v\u00eda a\u00e9rea o mar\u00edtima. El env\u00edo de puerto a puerto es un m\u00e9todo est\u00e1ndar m\u00e1s econ\u00f3mico.<\/p>\t\t\t\t\t\t\t\t<\/div>\n\t\t\t\t\t<\/div>\n\t\t<\/div>\n\t\t\t\t\t<\/div>\n\t\t<\/section>\n\t\t\t\t\t<\/div>\n\t\t<\/div>\n\t\t\t\t\t<\/div>\n\t\t<\/section>\n\t\t\t\t<section data-particle_enable=\"false\" data-particle-mobile-disabled=\"false\" class=\"elementor-section elementor-top-section elementor-element elementor-element-383020d elementor-section-boxed elementor-section-height-default elementor-section-height-default\" data-id=\"383020d\" data-element_type=\"section\" data-e-type=\"section\">\n\t\t\t\t\t\t<div class=\"elementor-container elementor-column-gap-default\">\n\t\t\t\t\t<div class=\"elementor-column elementor-col-100 elementor-top-column elementor-element elementor-element-f6f1268\" data-id=\"f6f1268\" data-element_type=\"column\" data-e-type=\"column\">\n\t\t\t<div class=\"elementor-widget-wrap elementor-element-populated\">\n\t\t\t\t\t\t<div class=\"elementor-element elementor-element-279efaf elementor-widget elementor-widget-heading\" data-id=\"279efaf\" data-element_type=\"widget\" data-e-type=\"widget\" data-widget_type=\"heading.default\">\n\t\t\t\t\t<h2 class=\"elementor-heading-title elementor-size-default\">Gu\u00eda de env\u00edo: Producci\u00f3n y plazos<\/h2>\t\t\t\t<\/div>\n\t\t\t\t<div class=\"elementor-element elementor-element-a47ec30 elementor-widget elementor-widget-text-editor\" data-id=\"a47ec30\" data-element_type=\"widget\" data-e-type=\"widget\" data-widget_type=\"text-editor.default\">\n\t\t\t\t\t\t\t\t\t<p>Esta secci\u00f3n abarca los dos plazos principales: la producci\u00f3n en nuestra f\u00e1brica y el env\u00edo a su domicilio.<\/p>\t\t\t\t\t\t\t\t<\/div>\n\t\t\t\t<section data-particle_enable=\"false\" data-particle-mobile-disabled=\"false\" class=\"elementor-section elementor-inner-section elementor-element elementor-element-d40324e elementor-section-boxed elementor-section-height-default elementor-section-height-default\" data-id=\"d40324e\" data-element_type=\"section\" data-e-type=\"section\">\n\t\t\t\t\t\t<div class=\"elementor-container elementor-column-gap-default\">\n\t\t\t\t\t<div class=\"elementor-column elementor-col-50 elementor-inner-column elementor-element elementor-element-13e8186\" data-id=\"13e8186\" data-element_type=\"column\" data-e-type=\"column\">\n\t\t\t<div class=\"elementor-widget-wrap elementor-element-populated\">\n\t\t\t\t\t\t<div class=\"elementor-element elementor-element-06f85b7 elementor-widget elementor-widget-heading\" data-id=\"06f85b7\" data-element_type=\"widget\" data-e-type=\"widget\" data-widget_type=\"heading.default\">\n\t\t\t\t\t<h3 class=\"elementor-heading-title elementor-size-default\">Plazo de entrega de producci\u00f3n<\/h3>\t\t\t\t<\/div>\n\t\t\t\t<div class=\"elementor-element elementor-element-2c41f95 elementor-widget elementor-widget-text-editor\" data-id=\"2c41f95\" data-element_type=\"widget\" data-e-type=\"widget\" data-widget_type=\"text-editor.default\">\n\t\t\t\t\t\t\t\t\t<div class=\"icon-box featured-box icon-sets icon-box-left text-left\"><div class=\"icon-box-text last-reset\"><p><span style=\"font-size: 15px;\">El plazo de producci\u00f3n depende de la cantidad, la materia prima y el almacenamiento del producto terminado. Si realiza su pedido con anticipaci\u00f3n, lo procesaremos antes y lo m\u00e1s probable es que se env\u00ede ese mismo d\u00eda.<\/span><\/p><\/div><\/div><p>Los pedidos urgentes recibir\u00e1n procesamiento prioritario. Si no hay existencias en nuestro almac\u00e9n, el env\u00edo se retrasar\u00e1 ligeramente. Normalmente, sus productos se enviar\u00e1n en un plazo de 7 a 30 d\u00edas. Algunos productos habituales, que siempre tenemos en stock, pueden entregarse en dos d\u00edas.<\/p><p>Los art\u00edculos personalizados, como los adaptadores XGSPON y GPON EDFA, pueden tardar m\u00e1s que los productos est\u00e1ndar, normalmente entre 1 y 2 semanas o m\u00e1s. Si esto ocurre, le avisaremos lo antes posible.<\/p>\t\t\t\t\t\t\t\t<\/div>\n\t\t\t\t\t<\/div>\n\t\t<\/div>\n\t\t\t\t<div class=\"elementor-column elementor-col-50 elementor-inner-column elementor-element elementor-element-5574bd0\" data-id=\"5574bd0\" data-element_type=\"column\" data-e-type=\"column\">\n\t\t\t<div class=\"elementor-widget-wrap elementor-element-populated\">\n\t\t\t\t\t\t<div class=\"elementor-element elementor-element-0d69e92 elementor-widget elementor-widget-image\" data-id=\"0d69e92\" data-element_type=\"widget\" data-e-type=\"widget\" data-widget_type=\"image.default\">\n\t\t\t\t\t\t\t\t\t\t\t\t\t\t\t<img decoding=\"async\" width=\"1000\" height=\"667\" src=\"https:\/\/www.premlink.net\/wp-content\/uploads\/2024\/07\/Production-Time.jpg\" class=\"attachment-large size-large wp-image-5569\" alt=\"Tiempo de producci\u00f3n\" srcset=\"https:\/\/www.premlink.net\/wp-content\/uploads\/2024\/07\/Production-Time.jpg 1000w, https:\/\/www.premlink.net\/wp-content\/uploads\/2024\/07\/Production-Time-500x334.jpg 500w, https:\/\/www.premlink.net\/wp-content\/uploads\/2024\/07\/Production-Time-800x534.jpg 800w, https:\/\/www.premlink.net\/wp-content\/uploads\/2024\/07\/Production-Time-300x200.jpg 300w, https:\/\/www.premlink.net\/wp-content\/uploads\/2024\/07\/Production-Time-768x512.jpg 768w\" sizes=\"(max-width: 1000px) 100vw, 1000px\" \/>\t\t\t\t\t\t\t\t\t\t\t\t\t\t\t<\/div>\n\t\t\t\t\t<\/div>\n\t\t<\/div>\n\t\t\t\t\t<\/div>\n\t\t<\/section>\n\t\t\t\t\t<\/div>\n\t\t<\/div>\n\t\t\t\t\t<\/div>\n\t\t<\/section>\n\t\t\t\t<section data-particle_enable=\"false\" data-particle-mobile-disabled=\"false\" class=\"elementor-section elementor-top-section elementor-element elementor-element-5ac65fc elementor-section-boxed elementor-section-height-default elementor-section-height-default\" data-id=\"5ac65fc\" data-element_type=\"section\" data-e-type=\"section\">\n\t\t\t\t\t\t<div class=\"elementor-container elementor-column-gap-wider\">\n\t\t\t\t\t<div class=\"elementor-column elementor-col-50 elementor-top-column elementor-element elementor-element-4893e87\" data-id=\"4893e87\" data-element_type=\"column\" data-e-type=\"column\">\n\t\t\t<div class=\"elementor-widget-wrap elementor-element-populated\">\n\t\t\t\t\t\t<div class=\"elementor-element elementor-element-dd770d6 elementor-widget elementor-widget-image\" data-id=\"dd770d6\" data-element_type=\"widget\" data-e-type=\"widget\" data-widget_type=\"image.default\">\n\t\t\t\t\t\t\t\t\t\t\t\t\t\t\t<img decoding=\"async\" width=\"530\" height=\"410\" src=\"https:\/\/www.premlink.net\/wp-content\/uploads\/2024\/09\/Premlink-Shipping.jpg\" class=\"attachment-medium_large size-medium_large wp-image-8544\" alt=\"Env\u00edos de Premlink\" srcset=\"https:\/\/www.premlink.net\/wp-content\/uploads\/2024\/09\/Premlink-Shipping.jpg 530w, https:\/\/www.premlink.net\/wp-content\/uploads\/2024\/09\/Premlink-Shipping-500x387.jpg 500w, https:\/\/www.premlink.net\/wp-content\/uploads\/2024\/09\/Premlink-Shipping-480x371.jpg 480w, https:\/\/www.premlink.net\/wp-content\/uploads\/2024\/09\/Premlink-Shipping-300x232.jpg 300w\" sizes=\"(max-width: 530px) 100vw, 530px\" \/>\t\t\t\t\t\t\t\t\t\t\t\t\t\t\t<\/div>\n\t\t\t\t\t<\/div>\n\t\t<\/div>\n\t\t\t\t<div class=\"elementor-column elementor-col-50 elementor-top-column elementor-element elementor-element-e8a87db\" data-id=\"e8a87db\" data-element_type=\"column\" data-e-type=\"column\">\n\t\t\t<div class=\"elementor-widget-wrap elementor-element-populated\">\n\t\t\t\t\t\t<div class=\"elementor-element elementor-element-5c21926 elementor-widget elementor-widget-heading\" data-id=\"5c21926\" data-element_type=\"widget\" data-e-type=\"widget\" data-widget_type=\"heading.default\">\n\t\t\t\t\t<h3 class=\"elementor-heading-title elementor-size-default\">Tiempos de tr\u00e1nsito estimados<\/h3>\t\t\t\t<\/div>\n\t\t\t\t<div class=\"elementor-element elementor-element-2756f65 elementor-widget elementor-widget-text-editor\" data-id=\"2756f65\" data-element_type=\"widget\" data-e-type=\"widget\" data-widget_type=\"text-editor.default\">\n\t\t\t\t\t\t\t\t\t<div class=\"icon-box featured-box icon-sets icon-box-left text-left\"><div class=\"icon-box-text last-reset\"><p><span style=\"font-size: 15px;\">El tiempo necesario para entregarle su paquete. <\/span><span style=\"font-size: 15px;\">En general, los plazos de env\u00edo para cada m\u00e9todo de env\u00edo son los siguientes:<\/span><\/p><\/div><\/div><p>Transporte mar\u00edtimo de puerto a puerto: Los productos le ser\u00e1n entregados en un plazo de 25 a 45 d\u00edas h\u00e1biles a partir del d\u00eda de su env\u00edo.<\/p><p>Transporte a\u00e9reo de puerto a puerto: Los productos le ser\u00e1n entregados en un plazo de 10 a 15 d\u00edas h\u00e1biles a partir del d\u00eda de su env\u00edo.<\/p><p>Entrega a domicilio expr\u00e9s: Los paquetes se entregan en un plazo de 3 a 7 d\u00edas h\u00e1biles a partir de su env\u00edo.<\/p>\t\t\t\t\t\t\t\t<\/div>\n\t\t\t\t\t<\/div>\n\t\t<\/div>\n\t\t\t\t\t<\/div>\n\t\t<\/section>\n\t\t\t\t<section data-particle_enable=\"false\" data-particle-mobile-disabled=\"false\" class=\"elementor-section elementor-top-section elementor-element elementor-element-a151ec9 elementor-section-boxed elementor-section-height-default elementor-section-height-default\" data-id=\"a151ec9\" data-element_type=\"section\" data-e-type=\"section\">\n\t\t\t\t\t\t<div class=\"elementor-container elementor-column-gap-default\">\n\t\t\t\t\t<div class=\"elementor-column elementor-col-100 elementor-top-column elementor-element elementor-element-760f404\" data-id=\"760f404\" data-element_type=\"column\" data-e-type=\"column\">\n\t\t\t<div class=\"elementor-widget-wrap elementor-element-populated\">\n\t\t\t\t\t\t<div class=\"elementor-element elementor-element-5b0e849 elementor-widget elementor-widget-heading\" data-id=\"5b0e849\" data-element_type=\"widget\" data-e-type=\"widget\" data-widget_type=\"heading.default\">\n\t\t\t\t\t<h2 class=\"elementor-heading-title elementor-size-default\">Informaci\u00f3n importante sobre log\u00edstica<\/h2>\t\t\t\t<\/div>\n\t\t\t\t<div class=\"elementor-element elementor-element-cd1d278 elementor-widget elementor-widget-text-editor\" data-id=\"cd1d278\" data-element_type=\"widget\" data-e-type=\"widget\" data-widget_type=\"text-editor.default\">\n\t\t\t\t\t\t\t\t\t<ul><li>Aduanas e impuestos de importaci\u00f3n: El comprador es responsable de todos los gastos de despacho de aduana, aranceles e impuestos en el pa\u00eds de destino. Estos no est\u00e1n incluidos en nuestros presupuestos de env\u00edo.<\/li><li>Seguimiento y asistencia: Recibir\u00e1s un n\u00famero de seguimiento cuando se env\u00ede tu pedido. Nuestro equipo te ayudar\u00e1 en cada paso del proceso de env\u00edo.<\/li><li>Embalaje: Todos los art\u00edculos se embalan de forma segura con materiales que cumplen con los est\u00e1ndares de la industria para garantizar que lleguen a su destino en perfectas condiciones.<\/li><\/ul>\t\t\t\t\t\t\t\t<\/div>\n\t\t\t\t\t<\/div>\n\t\t<\/div>\n\t\t\t\t\t<\/div>\n\t\t<\/section>\n\t\t\t\t<\/div>","protected":false},"excerpt":{"rendered":"<p>Shipping Guide \u2013 Global Delivery &amp; Logistics We are located in Hangzhou, China, and we ship all over the world. [&hellip;]<\/p>\n","protected":false},"author":1,"featured_media":1454,"parent":0,"menu_order":0,"comment_status":"closed","ping_status":"closed","template":"","meta":{"site-sidebar-layout":"default","site-content-layout":"","ast-site-content-layout":"full-width-container","site-content-style":"default","site-sidebar-style":"default","ast-global-header-display":"","ast-banner-title-visibility":"","ast-main-header-display":"","ast-hfb-above-header-display":"","ast-hfb-below-header-display":"","ast-hfb-mobile-header-display":"","site-post-title":"","ast-breadcrumbs-content":"","ast-featured-img":"","footer-sml-layout":"","ast-disable-related-posts":"","theme-transparent-header-meta":"disabled","adv-header-id-meta":"","stick-header-meta":"enabled","header-above-stick-meta":"","header-main-stick-meta":"disabled","header-below-stick-meta":"","astra-migrate-meta-layouts":"default","ast-page-background-enabled":"default","ast-page-background-meta":{"desktop":{"background-color":"var(--ast-global-color-4)","background-image":"","background-repeat":"repeat","background-position":"center center","background-size":"auto","background-attachment":"scroll","background-type":"","background-media":"","overlay-type":"","overlay-color":"","overlay-opacity":"","overlay-gradient":""},"tablet":{"background-color":"","background-image":"","background-repeat":"repeat","background-position":"center center","background-size":"auto","background-attachment":"scroll","background-type":"","background-media":"","overlay-type":"","overlay-color":"","overlay-opacity":"","overlay-gradient":""},"mobile":{"background-color":"","background-image":"","background-repeat":"repeat","background-position":"center center","background-size":"auto","background-attachment":"scroll","background-type":"","background-media":"","overlay-type":"","overlay-color":"","overlay-opacity":"","overlay-gradient":""}},"ast-content-background-meta":{"desktop":{"background-color":"var(--ast-global-color-5)","background-image":"","background-repeat":"repeat","background-position":"center center","background-size":"auto","background-attachment":"scroll","background-type":"","background-media":"","overlay-type":"","overlay-color":"","overlay-opacity":"","overlay-gradient":""},"tablet":{"background-color":"var(--ast-global-color-5)","background-image":"","background-repeat":"repeat","background-position":"center center","background-size":"auto","background-attachment":"scroll","background-type":"","background-media":"","overlay-type":"","overlay-color":"","overlay-opacity":"","overlay-gradient":""},"mobile":{"background-color":"var(--ast-global-color-5)","background-image":"","background-repeat":"repeat","background-position":"center center","background-size":"auto","background-attachment":"scroll","background-type":"","background-media":"","overlay-type":"","overlay-color":"","overlay-opacity":"","overlay-gradient":""}},"footnotes":""},"class_list":["post-1442","page","type-page","status-publish","has-post-thumbnail","hentry"],"_links":{"self":[{"href":"https:\/\/www.premlink.net\/es\/wp-json\/wp\/v2\/pages\/1442","targetHints":{"allow":["GET"]}}],"collection":[{"href":"https:\/\/www.premlink.net\/es\/wp-json\/wp\/v2\/pages"}],"about":[{"href":"https:\/\/www.premlink.net\/es\/wp-json\/wp\/v2\/types\/page"}],"author":[{"embeddable":true,"href":"https:\/\/www.premlink.net\/es\/wp-json\/wp\/v2\/users\/1"}],"replies":[{"embeddable":true,"href":"https:\/\/www.premlink.net\/es\/wp-json\/wp\/v2\/comments?post=1442"}],"version-history":[{"count":3,"href":"https:\/\/www.premlink.net\/es\/wp-json\/wp\/v2\/pages\/1442\/revisions"}],"predecessor-version":[{"id":17511,"href":"https:\/\/www.premlink.net\/es\/wp-json\/wp\/v2\/pages\/1442\/revisions\/17511"}],"wp:featuredmedia":[{"embeddable":true,"href":"https:\/\/www.premlink.net\/es\/wp-json\/wp\/v2\/media\/1454"}],"wp:attachment":[{"href":"https:\/\/www.premlink.net\/es\/wp-json\/wp\/v2\/media?parent=1442"}],"curies":[{"name":"wp","href":"https:\/\/api.w.org\/{rel}","templated":true}]}}